{"id":3012,"date":"2024-12-03T15:23:34","date_gmt":"2024-12-03T15:23:34","guid":{"rendered":"https:\/\/skupp.eu\/informazioni-su-skupp\/"},"modified":"2026-01-21T10:15:12","modified_gmt":"2026-01-21T10:15:12","slug":"informazioni-su-skupp","status":"publish","type":"page","link":"https:\/\/skupp.eu\/it\/informazioni-su-skupp\/","title":{"rendered":"Chi Siamo"},"content":{"rendered":"\t\t<div data-elementor-type=\"wp-page\" data-elementor-id=\"3012\" class=\"elementor elementor-3012 elementor-575\" data-elementor-post-type=\"page\">\n\t\t\t\t<div class=\"elementor-element elementor-element-81d863c e-flex e-con-boxed e-con e-parent\" data-id=\"81d863c\" data-element_type=\"container\" data-e-type=\"container\">\n\t\t\t\t\t<div class=\"e-con-inner\">\n\t\t<div class=\"elementor-element elementor-element-127bd0d e-con-full e-flex e-con e-child\" data-id=\"127bd0d\" data-element_type=\"container\" data-e-type=\"container\">\n\t\t\t\t<div class=\"elementor-element elementor-element-fb149d3 elementor-widget elementor-widget-heading\" data-id=\"fb149d3\" data-element_type=\"widget\" data-e-type=\"widget\" data-widget_type=\"heading.default\">\n\t\t\t\t<div class=\"elementor-widget-container\">\n\t\t\t\t\t<h2 class=\"elementor-heading-title elementor-size-default\">Chi Siamo<\/h2>\t\t\t\t<\/div>\n\t\t\t\t<\/div>\n\t\t\t\t<div class=\"elementor-element elementor-element-38261ff elementor-widget elementor-widget-text-editor\" data-id=\"38261ff\" data-element_type=\"widget\" data-e-type=\"widget\" data-widget_type=\"text-editor.default\">\n\t\t\t\t<div class=\"elementor-widget-container\">\n\t\t\t\t\t\t\t\t\t<p>In Skupp, la precisione e l\u2019affidabilit\u00e0 sono alla base di tutto ci\u00f2 che facciamo. I nostri prodotti di alta qualit\u00e0 sono progettati per un\u2019ampia gamma di applicazioni industriali, dove prestazioni e durata si uniscono per offrire il massimo risultato. <\/p>\t\t\t\t\t\t\t\t<\/div>\n\t\t\t\t<\/div>\n\t\t\t\t<div class=\"elementor-element elementor-element-1443c05 elementor-widget elementor-widget-text-editor\" data-id=\"1443c05\" data-element_type=\"widget\" data-e-type=\"widget\" data-widget_type=\"text-editor.default\">\n\t\t\t\t<div class=\"elementor-widget-container\">\n\t\t\t\t\t\t\t\t\t<h3>Un Inizio Tecnologico<\/h3><p><strong>La nostra storia<\/strong><br>Skupp \u00e8 nata con la missione di fornire al mercato industriale soluzioni innovative e di alta qualit\u00e0 per le applicazioni ad aria compressa.<br>Grazie a una solida collaborazione con i nostril partners, abbiamo sviluppato una gamma completa di prodotti che soddisfa i pi\u00f9 elevati standard del settore. <\/p><p>Dall\u2019idea all\u2019innovazione<br>Ci\u00f2 che \u00e8 iniziato con un focus su qualit\u00e0 ed efficienza si \u00e8 trasformato in un marchio riconosciuto per tecnologie all\u2019avanguardia e prodotti affidabili.<br>Il nostro impegno costante verso l\u2019innovazione ci ha resi un punto di riferimento nel settore dei sistemi ad aria compressa. <\/p>\t\t\t\t\t\t\t\t<\/div>\n\t\t\t\t<\/div>\n\t\t\t\t<div class=\"elementor-element elementor-element-34b4e47 elementor-widget elementor-widget-text-editor\" data-id=\"34b4e47\" data-element_type=\"widget\" data-e-type=\"widget\" data-widget_type=\"text-editor.default\">\n\t\t\t\t<div class=\"elementor-widget-container\">\n\t\t\t\t\t\t\t\t\t<h3>La Nostra Missione<\/h3><p>Prestazioni e durata, senza compromessi<br>In Skupp offriamo molto pi\u00f9 che semplici prodotti: proponiamo soluzioni complete che migliorano la produttivit\u00e0 e la sicurezza dei processi industriali.<br>Dai serbatoi per aria compressa ai raccordi in acciaio inox, dalle valvole a sfera motorizzate ai cilindri pneumatici, ogni nostro componente offre qualit\u00e0, affidabilit\u00e0 e lunga durata. <\/p><p>Oltre i Componenti<br>Ogni dettaglio conta<br>Sappiamo che ogni componente \u00e8 parte fondamentale di un sistema pi\u00f9 ampio.<br>Per questo uniamo competenza tecnica, materiali di prima scelta e rigorosi controlli di qualit\u00e0 per garantire prodotti capaci di resistere alle condizioni pi\u00f9 impegnative.<br>Con Skupp, scegli l\u2019affidabilit\u00e0 e l\u2019esperienza di un partner che mette la tecnologia al servizio della tua efficienza industriale. <\/p>\t\t\t\t\t\t\t\t<\/div>\n\t\t\t\t<\/div>\n\t\t\t\t<\/div>\n\t\t<div class=\"elementor-element elementor-element-03a8472 e-con-full e-flex e-con e-child\" data-id=\"03a8472\" data-element_type=\"container\" data-e-type=\"container\">\n\t\t\t\t<div class=\"elementor-element elementor-element-9d930b9 elementor-widget elementor-widget-spacer\" data-id=\"9d930b9\" data-element_type=\"widget\" data-e-type=\"widget\" data-widget_type=\"spacer.default\">\n\t\t\t\t<div class=\"elementor-widget-container\">\n\t\t\t\t\t\t\t<div class=\"elementor-spacer\">\n\t\t\t<div class=\"elementor-spacer-inner\"><\/div>\n\t\t<\/div>\n\t\t\t\t\t\t<\/div>\n\t\t\t\t<\/div>\n\t\t\t\t<div class=\"elementor-element elementor-element-c90ebd6 elementor-widget elementor-widget-image\" data-id=\"c90ebd6\" data-element_type=\"widget\" data-e-type=\"widget\" data-widget_type=\"image.default\">\n\t\t\t\t<div class=\"elementor-widget-container\">\n\t\t\t\t\t\t\t\t\t\t\t\t\t\t\t<img decoding=\"async\" src=\"https:\/\/skupp.eu\/wp-content\/uploads\/elementor\/thumbs\/Cylinders-grijs-achtegrond-qz9qg5bobpw3799idv5rcg3oodzkdkkssylnztla9k.jpg\" title=\"Cilindri-sfondo-grigio\" alt=\"Cilindri-sfondo-grigio\" loading=\"lazy\" \/>\t\t\t\t\t\t\t\t\t\t\t\t\t\t\t<\/div>\n\t\t\t\t<\/div>\n\t\t\t\t<div class=\"elementor-element elementor-element-853e799 elementor-widget elementor-widget-spacer\" data-id=\"853e799\" data-element_type=\"widget\" data-e-type=\"widget\" data-widget_type=\"spacer.default\">\n\t\t\t\t<div class=\"elementor-widget-container\">\n\t\t\t\t\t\t\t<div class=\"elementor-spacer\">\n\t\t\t<div class=\"elementor-spacer-inner\"><\/div>\n\t\t<\/div>\n\t\t\t\t\t\t<\/div>\n\t\t\t\t<\/div>\n\t\t\t\t<div class=\"elementor-element elementor-element-4d134c3 elementor-widget elementor-widget-image\" data-id=\"4d134c3\" data-element_type=\"widget\" data-e-type=\"widget\" data-widget_type=\"image.default\">\n\t\t\t\t<div class=\"elementor-widget-container\">\n\t\t\t\t\t\t\t\t\t\t\t\t\t\t\t<img fetchpriority=\"high\" decoding=\"async\" width=\"800\" height=\"241\" src=\"https:\/\/skupp.eu\/wp-content\/uploads\/2025\/05\/SKUPP-Logo-registered-trademark-1024x309.png\" class=\"attachment-large size-large wp-image-3013\" alt=\"\" srcset=\"https:\/\/skupp.eu\/wp-content\/uploads\/2025\/05\/SKUPP-Logo-registered-trademark-1024x309.png 1024w, https:\/\/skupp.eu\/wp-content\/uploads\/2025\/05\/SKUPP-Logo-registered-trademark-300x91.png 300w, https:\/\/skupp.eu\/wp-content\/uploads\/2025\/05\/SKUPP-Logo-registered-trademark-768x232.png 768w, https:\/\/skupp.eu\/wp-content\/uploads\/2025\/05\/SKUPP-Logo-registered-trademark.png 1200w\" sizes=\"(max-width: 800px) 100vw, 800px\" \/>\t\t\t\t\t\t\t\t\t\t\t\t\t\t\t<\/div>\n\t\t\t\t<\/div>\n\t\t\t\t<\/div>\n\t\t\t\t\t<\/div>\n\t\t\t\t<\/div>\n\t\t\t\t<\/div>\n\t\t","protected":false},"excerpt":{"rendered":"<p>Chi Siamo In Skupp, la precisione e l\u2019affidabilit\u00e0 sono alla base di tutto ci\u00f2 che facciamo. I nostri prodotti di alta qualit\u00e0 sono progettati per un\u2019ampia gamma di applicazioni industriali, dove prestazioni e durata si uniscono per offrire il massimo risultato. Un Inizio Tecnologico La nostra storiaSkupp \u00e8 nata con la missione di fornire al [&hellip;]<\/p>\n","protected":false},"author":2,"featured_media":2993,"parent":0,"menu_order":0,"comment_status":"closed","ping_status":"closed","template":"elementor_header_footer","meta":{"footnotes":""},"class_list":["post-3012","page","type-page","status-publish","has-post-thumbnail","hentry"],"yoast_head":"<!-- This site is optimized with the Yoast SEO plugin v27.4 - https:\/\/yoast.com\/product\/yoast-seo-wordpress\/ -->\n<title>Chi Siamo - SKUPP<\/title>\n<meta name=\"description\" content=\"SKUPP \u00e8 un marchio nel settore della pneumatica che offre cilindri, raccordi, tubi, serbatoi d&#039;aria, raccordi in acciaio inossidabile, valvole CWS e valvole a sfera.\" \/>\n<meta name=\"robots\" content=\"index, follow, max-snippet:-1, max-image-preview:large, max-video-preview:-1\" \/>\n<link rel=\"canonical\" href=\"https:\/\/skupp.eu\/it\/informazioni-su-skupp\/\" \/>\n<meta property=\"og:locale\" content=\"it_IT\" \/>\n<meta property=\"og:type\" content=\"article\" \/>\n<meta property=\"og:title\" content=\"Chi Siamo - SKUPP\" \/>\n<meta property=\"og:description\" content=\"SKUPP \u00e8 un marchio nel settore della pneumatica che offre cilindri, raccordi, tubi, serbatoi d&#039;aria, raccordi in acciaio inossidabile, valvole CWS e valvole a sfera.\" \/>\n<meta property=\"og:url\" content=\"https:\/\/skupp.eu\/it\/informazioni-su-skupp\/\" \/>\n<meta property=\"og:site_name\" content=\"SKUPP\" \/>\n<meta property=\"article:modified_time\" content=\"2026-01-21T10:15:12+00:00\" \/>\n<meta property=\"og:image\" content=\"https:\/\/skupp.eu\/wp-content\/uploads\/2024\/11\/SKUPP-favicon.png\" \/>\n\t<meta property=\"og:image:width\" content=\"600\" \/>\n\t<meta property=\"og:image:height\" content=\"600\" \/>\n\t<meta property=\"og:image:type\" content=\"image\/png\" \/>\n<meta name=\"twitter:card\" content=\"summary_large_image\" \/>\n<meta name=\"twitter:label1\" content=\"Tempo di lettura stimato\" \/>\n\t<meta name=\"twitter:data1\" content=\"1 minuto\" \/>\n<script type=\"application\/ld+json\" class=\"yoast-schema-graph\">{\"@context\":\"https:\\\/\\\/schema.org\",\"@graph\":[{\"@type\":\"WebPage\",\"@id\":\"https:\\\/\\\/skupp.eu\\\/it\\\/informazioni-su-skupp\\\/\",\"url\":\"https:\\\/\\\/skupp.eu\\\/it\\\/informazioni-su-skupp\\\/\",\"name\":\"Chi Siamo - SKUPP\",\"isPartOf\":{\"@id\":\"https:\\\/\\\/skupp.eu\\\/it\\\/#website\"},\"primaryImageOfPage\":{\"@id\":\"https:\\\/\\\/skupp.eu\\\/it\\\/informazioni-su-skupp\\\/#primaryimage\"},\"image\":{\"@id\":\"https:\\\/\\\/skupp.eu\\\/it\\\/informazioni-su-skupp\\\/#primaryimage\"},\"thumbnailUrl\":\"https:\\\/\\\/skupp.eu\\\/wp-content\\\/uploads\\\/2024\\\/11\\\/SKUPP-favicon.png\",\"datePublished\":\"2024-12-03T15:23:34+00:00\",\"dateModified\":\"2026-01-21T10:15:12+00:00\",\"description\":\"SKUPP \u00e8 un marchio nel settore della pneumatica che offre cilindri, raccordi, tubi, serbatoi d'aria, raccordi in acciaio inossidabile, valvole CWS e valvole a sfera.\",\"breadcrumb\":{\"@id\":\"https:\\\/\\\/skupp.eu\\\/it\\\/informazioni-su-skupp\\\/#breadcrumb\"},\"inLanguage\":\"it-IT\",\"potentialAction\":[{\"@type\":\"ReadAction\",\"target\":[\"https:\\\/\\\/skupp.eu\\\/it\\\/informazioni-su-skupp\\\/\"]}]},{\"@type\":\"ImageObject\",\"inLanguage\":\"it-IT\",\"@id\":\"https:\\\/\\\/skupp.eu\\\/it\\\/informazioni-su-skupp\\\/#primaryimage\",\"url\":\"https:\\\/\\\/skupp.eu\\\/wp-content\\\/uploads\\\/2024\\\/11\\\/SKUPP-favicon.png\",\"contentUrl\":\"https:\\\/\\\/skupp.eu\\\/wp-content\\\/uploads\\\/2024\\\/11\\\/SKUPP-favicon.png\",\"width\":600,\"height\":600},{\"@type\":\"BreadcrumbList\",\"@id\":\"https:\\\/\\\/skupp.eu\\\/it\\\/informazioni-su-skupp\\\/#breadcrumb\",\"itemListElement\":[{\"@type\":\"ListItem\",\"position\":1,\"name\":\"Home\",\"item\":\"https:\\\/\\\/skupp.eu\\\/it\\\/home\\\/\"},{\"@type\":\"ListItem\",\"position\":2,\"name\":\"Chi Siamo\"}]},{\"@type\":\"WebSite\",\"@id\":\"https:\\\/\\\/skupp.eu\\\/it\\\/#website\",\"url\":\"https:\\\/\\\/skupp.eu\\\/it\\\/\",\"name\":\"SKUPP\",\"description\":\"Stainless Steel Products\",\"publisher\":{\"@id\":\"https:\\\/\\\/skupp.eu\\\/it\\\/#organization\"},\"potentialAction\":[{\"@type\":\"SearchAction\",\"target\":{\"@type\":\"EntryPoint\",\"urlTemplate\":\"https:\\\/\\\/skupp.eu\\\/it\\\/?s={search_term_string}\"},\"query-input\":{\"@type\":\"PropertyValueSpecification\",\"valueRequired\":true,\"valueName\":\"search_term_string\"}}],\"inLanguage\":\"it-IT\"},{\"@type\":\"Organization\",\"@id\":\"https:\\\/\\\/skupp.eu\\\/it\\\/#organization\",\"name\":\"SKUPP\",\"url\":\"https:\\\/\\\/skupp.eu\\\/it\\\/\",\"logo\":{\"@type\":\"ImageObject\",\"inLanguage\":\"it-IT\",\"@id\":\"https:\\\/\\\/skupp.eu\\\/it\\\/#\\\/schema\\\/logo\\\/image\\\/\",\"url\":\"https:\\\/\\\/skupp.eu\\\/wp-content\\\/uploads\\\/2025\\\/05\\\/SKUPP-Logo-registered-trademark.png\",\"contentUrl\":\"https:\\\/\\\/skupp.eu\\\/wp-content\\\/uploads\\\/2025\\\/05\\\/SKUPP-Logo-registered-trademark.png\",\"width\":1200,\"height\":362,\"caption\":\"SKUPP\"},\"image\":{\"@id\":\"https:\\\/\\\/skupp.eu\\\/it\\\/#\\\/schema\\\/logo\\\/image\\\/\"}}]}<\/script>\n<!-- \/ Yoast SEO plugin. -->","yoast_head_json":{"title":"Chi Siamo - SKUPP","description":"SKUPP \u00e8 un marchio nel settore della pneumatica che offre cilindri, raccordi, tubi, serbatoi d'aria, raccordi in acciaio inossidabile, valvole CWS e valvole a sfera.","robots":{"index":"index","follow":"follow","max-snippet":"max-snippet:-1","max-image-preview":"max-image-preview:large","max-video-preview":"max-video-preview:-1"},"canonical":"https:\/\/skupp.eu\/it\/informazioni-su-skupp\/","og_locale":"it_IT","og_type":"article","og_title":"Chi Siamo - SKUPP","og_description":"SKUPP \u00e8 un marchio nel settore della pneumatica che offre cilindri, raccordi, tubi, serbatoi d'aria, raccordi in acciaio inossidabile, valvole CWS e valvole a sfera.","og_url":"https:\/\/skupp.eu\/it\/informazioni-su-skupp\/","og_site_name":"SKUPP","article_modified_time":"2026-01-21T10:15:12+00:00","og_image":[{"width":600,"height":600,"url":"https:\/\/skupp.eu\/wp-content\/uploads\/2024\/11\/SKUPP-favicon.png","type":"image\/png"}],"twitter_card":"summary_large_image","twitter_misc":{"Tempo di lettura stimato":"1 minuto"},"schema":{"@context":"https:\/\/schema.org","@graph":[{"@type":"WebPage","@id":"https:\/\/skupp.eu\/it\/informazioni-su-skupp\/","url":"https:\/\/skupp.eu\/it\/informazioni-su-skupp\/","name":"Chi Siamo - SKUPP","isPartOf":{"@id":"https:\/\/skupp.eu\/it\/#website"},"primaryImageOfPage":{"@id":"https:\/\/skupp.eu\/it\/informazioni-su-skupp\/#primaryimage"},"image":{"@id":"https:\/\/skupp.eu\/it\/informazioni-su-skupp\/#primaryimage"},"thumbnailUrl":"https:\/\/skupp.eu\/wp-content\/uploads\/2024\/11\/SKUPP-favicon.png","datePublished":"2024-12-03T15:23:34+00:00","dateModified":"2026-01-21T10:15:12+00:00","description":"SKUPP \u00e8 un marchio nel settore della pneumatica che offre cilindri, raccordi, tubi, serbatoi d'aria, raccordi in acciaio inossidabile, valvole CWS e valvole a sfera.","breadcrumb":{"@id":"https:\/\/skupp.eu\/it\/informazioni-su-skupp\/#breadcrumb"},"inLanguage":"it-IT","potentialAction":[{"@type":"ReadAction","target":["https:\/\/skupp.eu\/it\/informazioni-su-skupp\/"]}]},{"@type":"ImageObject","inLanguage":"it-IT","@id":"https:\/\/skupp.eu\/it\/informazioni-su-skupp\/#primaryimage","url":"https:\/\/skupp.eu\/wp-content\/uploads\/2024\/11\/SKUPP-favicon.png","contentUrl":"https:\/\/skupp.eu\/wp-content\/uploads\/2024\/11\/SKUPP-favicon.png","width":600,"height":600},{"@type":"BreadcrumbList","@id":"https:\/\/skupp.eu\/it\/informazioni-su-skupp\/#breadcrumb","itemListElement":[{"@type":"ListItem","position":1,"name":"Home","item":"https:\/\/skupp.eu\/it\/home\/"},{"@type":"ListItem","position":2,"name":"Chi Siamo"}]},{"@type":"WebSite","@id":"https:\/\/skupp.eu\/it\/#website","url":"https:\/\/skupp.eu\/it\/","name":"SKUPP","description":"Stainless Steel Products","publisher":{"@id":"https:\/\/skupp.eu\/it\/#organization"},"potentialAction":[{"@type":"SearchAction","target":{"@type":"EntryPoint","urlTemplate":"https:\/\/skupp.eu\/it\/?s={search_term_string}"},"query-input":{"@type":"PropertyValueSpecification","valueRequired":true,"valueName":"search_term_string"}}],"inLanguage":"it-IT"},{"@type":"Organization","@id":"https:\/\/skupp.eu\/it\/#organization","name":"SKUPP","url":"https:\/\/skupp.eu\/it\/","logo":{"@type":"ImageObject","inLanguage":"it-IT","@id":"https:\/\/skupp.eu\/it\/#\/schema\/logo\/image\/","url":"https:\/\/skupp.eu\/wp-content\/uploads\/2025\/05\/SKUPP-Logo-registered-trademark.png","contentUrl":"https:\/\/skupp.eu\/wp-content\/uploads\/2025\/05\/SKUPP-Logo-registered-trademark.png","width":1200,"height":362,"caption":"SKUPP"},"image":{"@id":"https:\/\/skupp.eu\/it\/#\/schema\/logo\/image\/"}}]}},"_links":{"self":[{"href":"https:\/\/skupp.eu\/it\/wp-json\/wp\/v2\/pages\/3012","targetHints":{"allow":["GET"]}}],"collection":[{"href":"https:\/\/skupp.eu\/it\/wp-json\/wp\/v2\/pages"}],"about":[{"href":"https:\/\/skupp.eu\/it\/wp-json\/wp\/v2\/types\/page"}],"author":[{"embeddable":true,"href":"https:\/\/skupp.eu\/it\/wp-json\/wp\/v2\/users\/2"}],"replies":[{"embeddable":true,"href":"https:\/\/skupp.eu\/it\/wp-json\/wp\/v2\/comments?post=3012"}],"version-history":[{"count":4,"href":"https:\/\/skupp.eu\/it\/wp-json\/wp\/v2\/pages\/3012\/revisions"}],"predecessor-version":[{"id":3240,"href":"https:\/\/skupp.eu\/it\/wp-json\/wp\/v2\/pages\/3012\/revisions\/3240"}],"wp:featuredmedia":[{"embeddable":true,"href":"https:\/\/skupp.eu\/it\/wp-json\/wp\/v2\/media\/2993"}],"wp:attachment":[{"href":"https:\/\/skupp.eu\/it\/wp-json\/wp\/v2\/media?parent=3012"}],"curies":[{"name":"wp","href":"https:\/\/api.w.org\/{rel}","templated":true}]}}