{"id":3021,"date":"2025-06-13T14:00:43","date_gmt":"2025-06-13T14:00:43","guid":{"rendered":"https:\/\/skupp.eu\/preparazione-dellaria-frl\/"},"modified":"2026-02-26T14:14:20","modified_gmt":"2026-02-26T14:14:20","slug":"preparazione-dellaria-frl","status":"publish","type":"page","link":"https:\/\/skupp.eu\/it\/preparazione-dellaria-frl\/","title":{"rendered":"Preparazione dell&#8217;aria (FRL)"},"content":{"rendered":"\t\t<div data-elementor-type=\"wp-page\" data-elementor-id=\"3021\" class=\"elementor elementor-3021 elementor-2578\" data-elementor-post-type=\"page\">\n\t\t\t\t<div class=\"elementor-element elementor-element-b3800f7 e-flex e-con-boxed e-con e-parent\" data-id=\"b3800f7\" data-element_type=\"container\" data-e-type=\"container\">\n\t\t\t\t\t<div class=\"e-con-inner\">\n\t\t<div class=\"elementor-element elementor-element-48a9081 e-con-full e-flex e-con e-child\" data-id=\"48a9081\" data-element_type=\"container\" data-e-type=\"container\">\n\t\t\t\t<div class=\"elementor-element elementor-element-c49f53b elementor-widget elementor-widget-spacer\" data-id=\"c49f53b\" data-element_type=\"widget\" data-e-type=\"widget\" data-widget_type=\"spacer.default\">\n\t\t\t\t<div class=\"elementor-widget-container\">\n\t\t\t\t\t\t\t<div class=\"elementor-spacer\">\n\t\t\t<div class=\"elementor-spacer-inner\"><\/div>\n\t\t<\/div>\n\t\t\t\t\t\t<\/div>\n\t\t\t\t<\/div>\n\t\t\t\t<div class=\"elementor-element elementor-element-69ee783 elementor-widget elementor-widget-text-editor\" data-id=\"69ee783\" data-element_type=\"widget\" data-e-type=\"widget\" data-widget_type=\"text-editor.default\">\n\t\t\t\t<div class=\"elementor-widget-container\">\n\t\t\t\t\t\t\t\t\t<p data-start=\"195\" data-end=\"434\">Una corretta preparazione dell&#8217;aria \u00e8 essenziale per garantire le prestazioni e la longevit\u00e0 di qualsiasi sistema pneumatico. Le unit\u00e0 FRL, acronimo di Filtro Regolatore Lubrificatore, garantiscono che l&#8217;aria compressa sia pulita ed erogata alla pressione corretta. <\/p><ul data-start=\"436\" data-end=\"675\"><li data-start=\"436\" data-end=\"506\"><p data-start=\"438\" data-end=\"506\">Il filtro rimuove particelle solide, acqua e olio dall&#8217;aria.<\/p><\/li><li data-start=\"507\" data-end=\"576\"><p data-start=\"509\" data-end=\"576\">\u200b\u200bIl regolatore mantiene una pressione di esercizio costante e sicura.<\/p><\/li><li data-start=\"577\" data-end=\"675\"><p data-start=\"579\" data-end=\"675\">Il lubrificatore (quando necessario) aggiunge una sottile nebbia d&#8217;olio per ridurre l&#8217;attrito nei componenti in movimento.<\/p><\/li><\/ul><p data-start=\"677\" data-end=\"977\">L&#8217;utilizzo di unit\u00e0 FRL di alta qualit\u00e0 riduce l&#8217;usura di valvole e cilindri, previene i tempi di fermo e migliora l&#8217;efficienza complessiva degli impianti pneumatici. Che si tratti di automazione industriale, confezionamento o controllo di processo, un sistema FRL ben progettato \u00e8 alla base di prestazioni affidabili dell&#8217;aria compressa. <\/p>\t\t\t\t\t\t\t\t<\/div>\n\t\t\t\t<\/div>\n\t\t\t\t<\/div>\n\t\t<div class=\"elementor-element elementor-element-09a541e e-con-full e-flex e-con e-child\" data-id=\"09a541e\" data-element_type=\"container\" data-e-type=\"container\">\n\t\t\t\t<div class=\"elementor-element elementor-element-603e877 elementor-widget elementor-widget-heading\" data-id=\"603e877\" data-element_type=\"widget\" data-e-type=\"widget\" data-widget_type=\"heading.default\">\n\t\t\t\t<div class=\"elementor-widget-container\">\n\t\t\t\t\t<h2 class=\"elementor-heading-title elementor-size-default\">Preparazione dell'aria (FRL) <\/h2>\t\t\t\t<\/div>\n\t\t\t\t<\/div>\n\t\t\t\t<div class=\"elementor-element elementor-element-cb726ae elementor-widget elementor-widget-image\" data-id=\"cb726ae\" data-element_type=\"widget\" data-e-type=\"widget\" data-widget_type=\"image.default\">\n\t\t\t\t<div class=\"elementor-widget-container\">\n\t\t\t\t\t\t\t\t\t\t\t\t\t\t\t<img fetchpriority=\"high\" decoding=\"async\" width=\"800\" height=\"534\" src=\"https:\/\/skupp.eu\/wp-content\/uploads\/2025\/06\/SAT-air-treatment-header-1024x683.jpg\" class=\"attachment-large size-large wp-image-3022\" alt=\"\" srcset=\"https:\/\/skupp.eu\/wp-content\/uploads\/2025\/06\/SAT-air-treatment-header-1024x683.jpg 1024w, https:\/\/skupp.eu\/wp-content\/uploads\/2025\/06\/SAT-air-treatment-header-300x200.jpg 300w, https:\/\/skupp.eu\/wp-content\/uploads\/2025\/06\/SAT-air-treatment-header-768x512.jpg 768w, https:\/\/skupp.eu\/wp-content\/uploads\/2025\/06\/SAT-air-treatment-header-1536x1024.jpg 1536w, https:\/\/skupp.eu\/wp-content\/uploads\/2025\/06\/SAT-air-treatment-header-2048x1365.jpg 2048w\" sizes=\"(max-width: 800px) 100vw, 800px\" \/>\t\t\t\t\t\t\t\t\t\t\t\t\t\t\t<\/div>\n\t\t\t\t<\/div>\n\t\t\t\t<div class=\"elementor-element elementor-element-92d5aa4 elementor-align-center elementor-widget elementor-widget-button\" data-id=\"92d5aa4\" data-element_type=\"widget\" data-e-type=\"widget\" data-widget_type=\"button.default\">\n\t\t\t\t<div class=\"elementor-widget-container\">\n\t\t\t\t\t\t\t\t\t<div class=\"elementor-button-wrapper\">\n\t\t\t\t\t<a class=\"elementor-button elementor-button-link elementor-size-sm\" href=\"https:\/\/docs.pneumatiek.nl\/PDF\/Skupp\/SKUPP-air-treatment.pdf\">\n\t\t\t\t\t\t<span class=\"elementor-button-content-wrapper\">\n\t\t\t\t\t\t\t\t\t<span class=\"elementor-button-text\">Apri PDF<\/span>\n\t\t\t\t\t<\/span>\n\t\t\t\t\t<\/a>\n\t\t\t\t<\/div>\n\t\t\t\t\t\t\t\t<\/div>\n\t\t\t\t<\/div>\n\t\t\t\t<\/div>\n\t\t\t\t\t<\/div>\n\t\t\t\t<\/div>\n\t\t\t\t<\/div>\n\t\t","protected":false},"excerpt":{"rendered":"<p>Una corretta preparazione dell&#8217;aria \u00e8 essenziale per garantire le prestazioni e la longevit\u00e0 di qualsiasi sistema pneumatico. Le unit\u00e0 FRL, acronimo di Filtro Regolatore Lubrificatore, garantiscono che l&#8217;aria compressa sia pulita ed erogata alla pressione corretta. Il filtro rimuove particelle solide, acqua e olio dall&#8217;aria. \u200b\u200bIl regolatore mantiene una pressione di esercizio costante e sicura. [&hellip;]<\/p>\n","protected":false},"author":2,"featured_media":0,"parent":0,"menu_order":0,"comment_status":"closed","ping_status":"closed","template":"elementor_header_footer","meta":{"footnotes":""},"class_list":["post-3021","page","type-page","status-publish","hentry"],"yoast_head":"<!-- This site is optimized with the Yoast SEO plugin v27.4 - https:\/\/yoast.com\/product\/yoast-seo-wordpress\/ -->\n<title>Preparazione dell&#039;aria (FRL) - SKUPP<\/title>\n<meta name=\"robots\" content=\"index, follow, max-snippet:-1, max-image-preview:large, max-video-preview:-1\" \/>\n<link rel=\"canonical\" href=\"https:\/\/skupp.eu\/it\/preparazione-dellaria-frl\/\" \/>\n<meta property=\"og:locale\" content=\"it_IT\" \/>\n<meta property=\"og:type\" content=\"article\" \/>\n<meta property=\"og:title\" content=\"Preparazione dell&#039;aria (FRL) - SKUPP\" \/>\n<meta property=\"og:description\" content=\"Una corretta preparazione dell&#8217;aria \u00e8 essenziale per garantire le prestazioni e la longevit\u00e0 di qualsiasi sistema pneumatico. Le unit\u00e0 FRL, acronimo di Filtro Regolatore Lubrificatore, garantiscono che l&#8217;aria compressa sia pulita ed erogata alla pressione corretta. Il filtro rimuove particelle solide, acqua e olio dall&#8217;aria. \u200b\u200bIl regolatore mantiene una pressione di esercizio costante e sicura. [&hellip;]\" \/>\n<meta property=\"og:url\" content=\"https:\/\/skupp.eu\/it\/preparazione-dellaria-frl\/\" \/>\n<meta property=\"og:site_name\" content=\"SKUPP\" \/>\n<meta property=\"article:modified_time\" content=\"2026-02-26T14:14:20+00:00\" \/>\n<meta property=\"og:image\" content=\"https:\/\/skupp.eu\/wp-content\/uploads\/2025\/06\/SAT-air-treatment-header.jpg\" \/>\n\t<meta property=\"og:image:width\" content=\"2190\" \/>\n\t<meta property=\"og:image:height\" content=\"1460\" \/>\n\t<meta property=\"og:image:type\" content=\"image\/jpeg\" \/>\n<meta name=\"twitter:card\" content=\"summary_large_image\" \/>\n<meta name=\"twitter:label1\" content=\"Tempo di lettura stimato\" \/>\n\t<meta name=\"twitter:data1\" content=\"1 minuto\" \/>\n<script type=\"application\/ld+json\" class=\"yoast-schema-graph\">{\"@context\":\"https:\\\/\\\/schema.org\",\"@graph\":[{\"@type\":\"WebPage\",\"@id\":\"https:\\\/\\\/skupp.eu\\\/it\\\/preparazione-dellaria-frl\\\/\",\"url\":\"https:\\\/\\\/skupp.eu\\\/it\\\/preparazione-dellaria-frl\\\/\",\"name\":\"Preparazione dell'aria (FRL) - SKUPP\",\"isPartOf\":{\"@id\":\"https:\\\/\\\/skupp.eu\\\/it\\\/#website\"},\"primaryImageOfPage\":{\"@id\":\"https:\\\/\\\/skupp.eu\\\/it\\\/preparazione-dellaria-frl\\\/#primaryimage\"},\"image\":{\"@id\":\"https:\\\/\\\/skupp.eu\\\/it\\\/preparazione-dellaria-frl\\\/#primaryimage\"},\"thumbnailUrl\":\"https:\\\/\\\/skupp.eu\\\/wp-content\\\/uploads\\\/2025\\\/06\\\/SAT-air-treatment-header-1024x683.jpg\",\"datePublished\":\"2025-06-13T14:00:43+00:00\",\"dateModified\":\"2026-02-26T14:14:20+00:00\",\"breadcrumb\":{\"@id\":\"https:\\\/\\\/skupp.eu\\\/it\\\/preparazione-dellaria-frl\\\/#breadcrumb\"},\"inLanguage\":\"it-IT\",\"potentialAction\":[{\"@type\":\"ReadAction\",\"target\":[\"https:\\\/\\\/skupp.eu\\\/it\\\/preparazione-dellaria-frl\\\/\"]}]},{\"@type\":\"ImageObject\",\"inLanguage\":\"it-IT\",\"@id\":\"https:\\\/\\\/skupp.eu\\\/it\\\/preparazione-dellaria-frl\\\/#primaryimage\",\"url\":\"https:\\\/\\\/skupp.eu\\\/wp-content\\\/uploads\\\/2025\\\/06\\\/SAT-air-treatment-header-1024x683.jpg\",\"contentUrl\":\"https:\\\/\\\/skupp.eu\\\/wp-content\\\/uploads\\\/2025\\\/06\\\/SAT-air-treatment-header-1024x683.jpg\"},{\"@type\":\"BreadcrumbList\",\"@id\":\"https:\\\/\\\/skupp.eu\\\/it\\\/preparazione-dellaria-frl\\\/#breadcrumb\",\"itemListElement\":[{\"@type\":\"ListItem\",\"position\":1,\"name\":\"Home\",\"item\":\"https:\\\/\\\/skupp.eu\\\/it\\\/home\\\/\"},{\"@type\":\"ListItem\",\"position\":2,\"name\":\"Preparazione dell&#8217;aria (FRL)\"}]},{\"@type\":\"WebSite\",\"@id\":\"https:\\\/\\\/skupp.eu\\\/it\\\/#website\",\"url\":\"https:\\\/\\\/skupp.eu\\\/it\\\/\",\"name\":\"SKUPP\",\"description\":\"Stainless Steel Products\",\"publisher\":{\"@id\":\"https:\\\/\\\/skupp.eu\\\/it\\\/#organization\"},\"potentialAction\":[{\"@type\":\"SearchAction\",\"target\":{\"@type\":\"EntryPoint\",\"urlTemplate\":\"https:\\\/\\\/skupp.eu\\\/it\\\/?s={search_term_string}\"},\"query-input\":{\"@type\":\"PropertyValueSpecification\",\"valueRequired\":true,\"valueName\":\"search_term_string\"}}],\"inLanguage\":\"it-IT\"},{\"@type\":\"Organization\",\"@id\":\"https:\\\/\\\/skupp.eu\\\/it\\\/#organization\",\"name\":\"SKUPP\",\"url\":\"https:\\\/\\\/skupp.eu\\\/it\\\/\",\"logo\":{\"@type\":\"ImageObject\",\"inLanguage\":\"it-IT\",\"@id\":\"https:\\\/\\\/skupp.eu\\\/it\\\/#\\\/schema\\\/logo\\\/image\\\/\",\"url\":\"https:\\\/\\\/skupp.eu\\\/wp-content\\\/uploads\\\/2025\\\/05\\\/SKUPP-Logo-registered-trademark.png\",\"contentUrl\":\"https:\\\/\\\/skupp.eu\\\/wp-content\\\/uploads\\\/2025\\\/05\\\/SKUPP-Logo-registered-trademark.png\",\"width\":1200,\"height\":362,\"caption\":\"SKUPP\"},\"image\":{\"@id\":\"https:\\\/\\\/skupp.eu\\\/it\\\/#\\\/schema\\\/logo\\\/image\\\/\"}}]}<\/script>\n<!-- \/ Yoast SEO plugin. -->","yoast_head_json":{"title":"Preparazione dell'aria (FRL) - SKUPP","robots":{"index":"index","follow":"follow","max-snippet":"max-snippet:-1","max-image-preview":"max-image-preview:large","max-video-preview":"max-video-preview:-1"},"canonical":"https:\/\/skupp.eu\/it\/preparazione-dellaria-frl\/","og_locale":"it_IT","og_type":"article","og_title":"Preparazione dell'aria (FRL) - SKUPP","og_description":"Una corretta preparazione dell&#8217;aria \u00e8 essenziale per garantire le prestazioni e la longevit\u00e0 di qualsiasi sistema pneumatico. Le unit\u00e0 FRL, acronimo di Filtro Regolatore Lubrificatore, garantiscono che l&#8217;aria compressa sia pulita ed erogata alla pressione corretta. Il filtro rimuove particelle solide, acqua e olio dall&#8217;aria. \u200b\u200bIl regolatore mantiene una pressione di esercizio costante e sicura. [&hellip;]","og_url":"https:\/\/skupp.eu\/it\/preparazione-dellaria-frl\/","og_site_name":"SKUPP","article_modified_time":"2026-02-26T14:14:20+00:00","og_image":[{"width":2190,"height":1460,"url":"https:\/\/skupp.eu\/wp-content\/uploads\/2025\/06\/SAT-air-treatment-header.jpg","type":"image\/jpeg"}],"twitter_card":"summary_large_image","twitter_misc":{"Tempo di lettura stimato":"1 minuto"},"schema":{"@context":"https:\/\/schema.org","@graph":[{"@type":"WebPage","@id":"https:\/\/skupp.eu\/it\/preparazione-dellaria-frl\/","url":"https:\/\/skupp.eu\/it\/preparazione-dellaria-frl\/","name":"Preparazione dell'aria (FRL) - SKUPP","isPartOf":{"@id":"https:\/\/skupp.eu\/it\/#website"},"primaryImageOfPage":{"@id":"https:\/\/skupp.eu\/it\/preparazione-dellaria-frl\/#primaryimage"},"image":{"@id":"https:\/\/skupp.eu\/it\/preparazione-dellaria-frl\/#primaryimage"},"thumbnailUrl":"https:\/\/skupp.eu\/wp-content\/uploads\/2025\/06\/SAT-air-treatment-header-1024x683.jpg","datePublished":"2025-06-13T14:00:43+00:00","dateModified":"2026-02-26T14:14:20+00:00","breadcrumb":{"@id":"https:\/\/skupp.eu\/it\/preparazione-dellaria-frl\/#breadcrumb"},"inLanguage":"it-IT","potentialAction":[{"@type":"ReadAction","target":["https:\/\/skupp.eu\/it\/preparazione-dellaria-frl\/"]}]},{"@type":"ImageObject","inLanguage":"it-IT","@id":"https:\/\/skupp.eu\/it\/preparazione-dellaria-frl\/#primaryimage","url":"https:\/\/skupp.eu\/wp-content\/uploads\/2025\/06\/SAT-air-treatment-header-1024x683.jpg","contentUrl":"https:\/\/skupp.eu\/wp-content\/uploads\/2025\/06\/SAT-air-treatment-header-1024x683.jpg"},{"@type":"BreadcrumbList","@id":"https:\/\/skupp.eu\/it\/preparazione-dellaria-frl\/#breadcrumb","itemListElement":[{"@type":"ListItem","position":1,"name":"Home","item":"https:\/\/skupp.eu\/it\/home\/"},{"@type":"ListItem","position":2,"name":"Preparazione dell&#8217;aria (FRL)"}]},{"@type":"WebSite","@id":"https:\/\/skupp.eu\/it\/#website","url":"https:\/\/skupp.eu\/it\/","name":"SKUPP","description":"Stainless Steel Products","publisher":{"@id":"https:\/\/skupp.eu\/it\/#organization"},"potentialAction":[{"@type":"SearchAction","target":{"@type":"EntryPoint","urlTemplate":"https:\/\/skupp.eu\/it\/?s={search_term_string}"},"query-input":{"@type":"PropertyValueSpecification","valueRequired":true,"valueName":"search_term_string"}}],"inLanguage":"it-IT"},{"@type":"Organization","@id":"https:\/\/skupp.eu\/it\/#organization","name":"SKUPP","url":"https:\/\/skupp.eu\/it\/","logo":{"@type":"ImageObject","inLanguage":"it-IT","@id":"https:\/\/skupp.eu\/it\/#\/schema\/logo\/image\/","url":"https:\/\/skupp.eu\/wp-content\/uploads\/2025\/05\/SKUPP-Logo-registered-trademark.png","contentUrl":"https:\/\/skupp.eu\/wp-content\/uploads\/2025\/05\/SKUPP-Logo-registered-trademark.png","width":1200,"height":362,"caption":"SKUPP"},"image":{"@id":"https:\/\/skupp.eu\/it\/#\/schema\/logo\/image\/"}}]}},"_links":{"self":[{"href":"https:\/\/skupp.eu\/it\/wp-json\/wp\/v2\/pages\/3021","targetHints":{"allow":["GET"]}}],"collection":[{"href":"https:\/\/skupp.eu\/it\/wp-json\/wp\/v2\/pages"}],"about":[{"href":"https:\/\/skupp.eu\/it\/wp-json\/wp\/v2\/types\/page"}],"author":[{"embeddable":true,"href":"https:\/\/skupp.eu\/it\/wp-json\/wp\/v2\/users\/2"}],"replies":[{"embeddable":true,"href":"https:\/\/skupp.eu\/it\/wp-json\/wp\/v2\/comments?post=3021"}],"version-history":[{"count":5,"href":"https:\/\/skupp.eu\/it\/wp-json\/wp\/v2\/pages\/3021\/revisions"}],"predecessor-version":[{"id":3574,"href":"https:\/\/skupp.eu\/it\/wp-json\/wp\/v2\/pages\/3021\/revisions\/3574"}],"wp:attachment":[{"href":"https:\/\/skupp.eu\/it\/wp-json\/wp\/v2\/media?parent=3021"}],"curies":[{"name":"wp","href":"https:\/\/api.w.org\/{rel}","templated":true}]}}