{"id":3028,"date":"2024-12-03T07:01:38","date_gmt":"2024-12-03T07:01:38","guid":{"rendered":"https:\/\/skupp.eu\/la-nostra-gamma-di-prodotti\/tubazioni\/"},"modified":"2026-02-26T14:37:29","modified_gmt":"2026-02-26T14:37:29","slug":"tubazioni","status":"publish","type":"page","link":"https:\/\/skupp.eu\/it\/la-nostra-gamma-di-prodotti\/tubazioni\/","title":{"rendered":"Tubazioni"},"content":{"rendered":"\t\t<div data-elementor-type=\"wp-post\" data-elementor-id=\"3028\" class=\"elementor elementor-3028 elementor-491\" data-elementor-post-type=\"page\">\n\t\t\t\t<div class=\"elementor-element elementor-element-6580ac8 e-flex e-con-boxed e-con e-parent\" data-id=\"6580ac8\" data-element_type=\"container\" data-e-type=\"container\">\n\t\t\t\t\t<div class=\"e-con-inner\">\n\t\t<div class=\"elementor-element elementor-element-bd4da7d e-con-full e-flex e-con e-child\" data-id=\"bd4da7d\" data-element_type=\"container\" data-e-type=\"container\">\n\t\t\t\t<div class=\"elementor-element elementor-element-044273d elementor-widget elementor-widget-spacer\" data-id=\"044273d\" data-element_type=\"widget\" data-e-type=\"widget\" data-widget_type=\"spacer.default\">\n\t\t\t\t<div class=\"elementor-widget-container\">\n\t\t\t\t\t\t\t<div class=\"elementor-spacer\">\n\t\t\t<div class=\"elementor-spacer-inner\"><\/div>\n\t\t<\/div>\n\t\t\t\t\t\t<\/div>\n\t\t\t\t<\/div>\n\t\t\t\t<div class=\"elementor-element elementor-element-ce58a8b elementor-widget elementor-widget-heading\" data-id=\"ce58a8b\" data-element_type=\"widget\" data-e-type=\"widget\" data-widget_type=\"heading.default\">\n\t\t\t\t<div class=\"elementor-widget-container\">\n\t\t\t\t\t<h3 class=\"elementor-heading-title elementor-size-default\">Tubi SKUPP: soluzioni durATURE e affidabili per i vostri sistemi pneumatici.<\/h3>\t\t\t\t<\/div>\n\t\t\t\t<\/div>\n\t\t\t\t<div class=\"elementor-element elementor-element-a966b15 elementor-widget elementor-widget-text-editor\" data-id=\"a966b15\" data-element_type=\"widget\" data-e-type=\"widget\" data-widget_type=\"text-editor.default\">\n\t\t\t\t<div class=\"elementor-widget-container\">\n\t\t\t\t\t\t\t\t\t<p>In SKUPP, conosciamo il ruolo fondamentale dei tubi nel mantenimento di sistemi pneumatici efficienti e affidabili. Le nostre soluzioni di tubi sono progettate pensando a durata e prestazioni, garantendo una funzionalit\u00e0 ottimale in un&#8217;ampia gamma di applicazioni industriali. <\/p>\t\t\t\t\t\t\t\t<\/div>\n\t\t\t\t<\/div>\n\t\t\t\t<div class=\"elementor-element elementor-element-ff0d964 elementor-widget elementor-widget-heading\" data-id=\"ff0d964\" data-element_type=\"widget\" data-e-type=\"widget\" data-widget_type=\"heading.default\">\n\t\t\t\t<div class=\"elementor-widget-container\">\n\t\t\t\t\t<h3 class=\"elementor-heading-title elementor-size-default\">Applicazioni<\/h3>\t\t\t\t<\/div>\n\t\t\t\t<\/div>\n\t\t\t\t<div class=\"elementor-element elementor-element-845d133 elementor-widget elementor-widget-text-editor\" data-id=\"845d133\" data-element_type=\"widget\" data-e-type=\"widget\" data-widget_type=\"text-editor.default\">\n\t\t\t\t<div class=\"elementor-widget-container\">\n\t\t\t\t\t\t\t\t\t<p>I tubi SKUPP sono ideali per settori quali:<\/p><ul><li>Automotive e trasporti<\/li><li>Settore automobilistico e dei trasporti<\/li><li>Lavorazione di alimenti e bevande<\/li><li>Produzione chimica e farmaceutica<\/li><\/ul>\t\t\t\t\t\t\t\t<\/div>\n\t\t\t\t<\/div>\n\t\t\t\t<div class=\"elementor-element elementor-element-6ad0e74 elementor-widget elementor-widget-spacer\" data-id=\"6ad0e74\" data-element_type=\"widget\" data-e-type=\"widget\" data-widget_type=\"spacer.default\">\n\t\t\t\t<div class=\"elementor-widget-container\">\n\t\t\t\t\t\t\t<div class=\"elementor-spacer\">\n\t\t\t<div class=\"elementor-spacer-inner\"><\/div>\n\t\t<\/div>\n\t\t\t\t\t\t<\/div>\n\t\t\t\t<\/div>\n\t\t\t\t<\/div>\n\t\t<div class=\"elementor-element elementor-element-0cbeada e-con-full e-flex e-con e-child\" data-id=\"0cbeada\" data-element_type=\"container\" data-e-type=\"container\">\n\t\t\t\t<div class=\"elementor-element elementor-element-b61c66c elementor-widget elementor-widget-heading\" data-id=\"b61c66c\" data-element_type=\"widget\" data-e-type=\"widget\" data-widget_type=\"heading.default\">\n\t\t\t\t<div class=\"elementor-widget-container\">\n\t\t\t\t\t<h1 class=\"elementor-heading-title elementor-size-default\">Tubazioni<\/h1>\t\t\t\t<\/div>\n\t\t\t\t<\/div>\n\t\t\t\t<div class=\"elementor-element elementor-element-33ba915 elementor-widget elementor-widget-image\" data-id=\"33ba915\" data-element_type=\"widget\" data-e-type=\"widget\" data-widget_type=\"image.default\">\n\t\t\t\t<div class=\"elementor-widget-container\">\n\t\t\t\t\t\t\t\t\t\t\t\t\t\t\t<img fetchpriority=\"high\" decoding=\"async\" width=\"768\" height=\"512\" src=\"https:\/\/skupp.eu\/wp-content\/uploads\/2024\/12\/tube-grijze-achtergrond-768x512.jpg\" class=\"attachment-medium_large size-medium_large wp-image-3029\" alt=\"\" srcset=\"https:\/\/skupp.eu\/wp-content\/uploads\/2024\/12\/tube-grijze-achtergrond-768x512.jpg 768w, https:\/\/skupp.eu\/wp-content\/uploads\/2024\/12\/tube-grijze-achtergrond-300x200.jpg 300w, https:\/\/skupp.eu\/wp-content\/uploads\/2024\/12\/tube-grijze-achtergrond-1024x683.jpg 1024w, https:\/\/skupp.eu\/wp-content\/uploads\/2024\/12\/tube-grijze-achtergrond-1536x1024.jpg 1536w, https:\/\/skupp.eu\/wp-content\/uploads\/2024\/12\/tube-grijze-achtergrond-2048x1365.jpg 2048w\" sizes=\"(max-width: 768px) 100vw, 768px\" \/>\t\t\t\t\t\t\t\t\t\t\t\t\t\t\t<\/div>\n\t\t\t\t<\/div>\n\t\t\t\t<div class=\"elementor-element elementor-element-29f3fb4 elementor-align-center elementor-widget elementor-widget-button\" data-id=\"29f3fb4\" data-element_type=\"widget\" data-e-type=\"widget\" data-widget_type=\"button.default\">\n\t\t\t\t<div class=\"elementor-widget-container\">\n\t\t\t\t\t\t\t\t\t<div class=\"elementor-button-wrapper\">\n\t\t\t\t\t<a class=\"elementor-button elementor-button-link elementor-size-sm\" href=\"https:\/\/docs.pneumatiek.nl\/PDF\/Skupp\/SKUPP-tubing-2025-def.pdf\" target=\"_blank\">\n\t\t\t\t\t\t<span class=\"elementor-button-content-wrapper\">\n\t\t\t\t\t\t\t\t\t<span class=\"elementor-button-text\">Apri PDF<\/span>\n\t\t\t\t\t<\/span>\n\t\t\t\t\t<\/a>\n\t\t\t\t<\/div>\n\t\t\t\t\t\t\t\t<\/div>\n\t\t\t\t<\/div>\n\t\t\t\t<div class=\"elementor-element elementor-element-b582604 elementor-widget elementor-widget-spacer\" data-id=\"b582604\" data-element_type=\"widget\" data-e-type=\"widget\" data-widget_type=\"spacer.default\">\n\t\t\t\t<div class=\"elementor-widget-container\">\n\t\t\t\t\t\t\t<div class=\"elementor-spacer\">\n\t\t\t<div class=\"elementor-spacer-inner\"><\/div>\n\t\t<\/div>\n\t\t\t\t\t\t<\/div>\n\t\t\t\t<\/div>\n\t\t\t\t<\/div>\n\t\t\t\t\t<\/div>\n\t\t\t\t<\/div>\n\t\t<div class=\"elementor-element elementor-element-22d094d e-flex e-con-boxed e-con e-parent\" data-id=\"22d094d\" data-element_type=\"container\" data-e-type=\"container\">\n\t\t\t\t\t<div class=\"e-con-inner\">\n\t\t\t\t<div class=\"elementor-element elementor-element-fd4670e elementor-widget elementor-widget-heading\" data-id=\"fd4670e\" data-element_type=\"widget\" data-e-type=\"widget\" data-widget_type=\"heading.default\">\n\t\t\t\t<div class=\"elementor-widget-container\">\n\t\t\t\t\t<h3 class=\"elementor-heading-title elementor-size-default\">Perch\u00e9 scegliere i tubi SKUPP?<\/h3>\t\t\t\t<\/div>\n\t\t\t\t<\/div>\n\t\t\t\t<div class=\"elementor-element elementor-element-7933296 elementor-widget elementor-widget-text-editor\" data-id=\"7933296\" data-element_type=\"widget\" data-e-type=\"widget\" data-widget_type=\"text-editor.default\">\n\t\t\t\t<div class=\"elementor-widget-container\">\n\t\t\t\t\t\t\t\t\t<ul><li>Materiali di alta qualit\u00e0: i nostri tubi sono realizzati con materiali robusti come poliuretano (PU), polietilene (PE) e nylon, che offrono un&#8217;eccezionale resistenza all&#8217;usura, alla pressione e alle condizioni ambientali.<\/li><li>Applicazioni versatili: perfetti per l&#8217;uso in sistemi ad aria compressa, utensili pneumatici e configurazioni di automazione industriale.<\/li><li>Ampia gamma di dimensioni: disponibili in vari diametri e lunghezze per soddisfare le vostre esigenze specifiche.<\/li><li>Flessibili e facili da installare: progettati per una perfetta integrazione in sistemi complessi, i nostri tubi mantengono la flessibilit\u00e0 senza compromettere la resistenza.<\/li><\/ul>\t\t\t\t\t\t\t\t<\/div>\n\t\t\t\t<\/div>\n\t\t\t\t<div class=\"elementor-element elementor-element-7caa18c elementor-widget elementor-widget-heading\" data-id=\"7caa18c\" data-element_type=\"widget\" data-e-type=\"widget\" data-widget_type=\"heading.default\">\n\t\t\t\t<div class=\"elementor-widget-container\">\n\t\t\t\t\t<h3 class=\"elementor-heading-title elementor-size-default\">Caratteristiche principali<\/h3>\t\t\t\t<\/div>\n\t\t\t\t<\/div>\n\t\t\t\t<div class=\"elementor-element elementor-element-d6efd21 elementor-widget elementor-widget-text-editor\" data-id=\"d6efd21\" data-element_type=\"widget\" data-e-type=\"widget\" data-widget_type=\"text-editor.default\">\n\t\t\t\t<div class=\"elementor-widget-container\">\n\t\t\t\t\t\t\t\t\t<ul><li>Resistenza alla pressione: sopportano pressioni elevate, garantendo sicurezza e affidabilit\u00e0 in ambienti difficili.<\/li><li>Tolleranza alla temperatura: funzionano in modo efficiente a temperature estreme, mantenendo le prestazioni in condizioni di caldo e freddo.<\/li><li>Resistenza chimica: resistenti a oli, grassi e altre sostanze chimiche comunemente presenti in ambienti industriali.<\/li><\/ul>\t\t\t\t\t\t\t\t<\/div>\n\t\t\t\t<\/div>\n\t\t\t\t<div class=\"elementor-element elementor-element-b3ad897 elementor-widget elementor-widget-heading\" data-id=\"b3ad897\" data-element_type=\"widget\" data-e-type=\"widget\" data-widget_type=\"heading.default\">\n\t\t\t\t<div class=\"elementor-widget-container\">\n\t\t\t\t\t<h3 class=\"elementor-heading-title elementor-size-default\">Collabora con SKUPP<\/h3>\t\t\t\t<\/div>\n\t\t\t\t<\/div>\n\t\t\t\t<div class=\"elementor-element elementor-element-fb3e845 elementor-widget elementor-widget-text-editor\" data-id=\"fb3e845\" data-element_type=\"widget\" data-e-type=\"widget\" data-widget_type=\"text-editor.default\">\n\t\t\t\t<div class=\"elementor-widget-container\">\n\t\t\t\t\t\t\t\t\t<p>Scegliendo i tubi SKUPP, investi in qualit\u00e0 e competenza ingegneristica di alto livello. I nostri prodotti sono rigorosamente testati per soddisfare gli standard di settore, garantendo affidabilit\u00e0 a lungo termine e tranquillit\u00e0 per le tue attivit\u00e0. <\/p><p>Esplora la nostra gamma completa di soluzioni di tubi e scopri come SKUPP pu\u00f2 supportare le esigenze del tuo sistema di aria compressa. Contattaci oggi stesso per una consulenza specialistica o per effettuare il tuo ordine. <\/p>\t\t\t\t\t\t\t\t<\/div>\n\t\t\t\t<\/div>\n\t\t\t\t\t<\/div>\n\t\t\t\t<\/div>\n\t\t\t\t<\/div>\n\t\t","protected":false},"excerpt":{"rendered":"<p>Tubi SKUPP: soluzioni durATURE e affidabili per i vostri sistemi pneumatici. In SKUPP, conosciamo il ruolo fondamentale dei tubi nel mantenimento di sistemi pneumatici efficienti e affidabili. Le nostre soluzioni di tubi sono progettate pensando a durata e prestazioni, garantendo una funzionalit\u00e0 ottimale in un&#8217;ampia gamma di applicazioni industriali. Applicazioni I tubi SKUPP sono ideali [&hellip;]<\/p>\n","protected":false},"author":2,"featured_media":3029,"parent":2992,"menu_order":0,"comment_status":"open","ping_status":"closed","template":"elementor_header_footer","meta":{"footnotes":""},"class_list":["post-3028","page","type-page","status-publish","has-post-thumbnail","hentry"],"yoast_head":"<!-- This site is optimized with the Yoast SEO plugin v27.4 - https:\/\/yoast.com\/product\/yoast-seo-wordpress\/ -->\n<title>Tubazioni - SKUPP<\/title>\n<meta name=\"description\" content=\"Esplora le tubazioni resistenti di SKUPP, disponibili in PU, PE, PA, PTFE, FEP e PFA, progettate per prestazioni affidabili in applicazioni pneumatiche e con fluidi.\" \/>\n<meta name=\"robots\" content=\"index, follow, max-snippet:-1, max-image-preview:large, max-video-preview:-1\" \/>\n<link rel=\"canonical\" href=\"https:\/\/skupp.eu\/it\/la-nostra-gamma-di-prodotti\/tubazioni\/\" \/>\n<meta property=\"og:locale\" content=\"it_IT\" \/>\n<meta property=\"og:type\" content=\"article\" \/>\n<meta property=\"og:title\" content=\"Tubazioni - SKUPP\" \/>\n<meta property=\"og:description\" content=\"Esplora le tubazioni resistenti di SKUPP, disponibili in PU, PE, PA, PTFE, FEP e PFA, progettate per prestazioni affidabili in applicazioni pneumatiche e con fluidi.\" \/>\n<meta property=\"og:url\" content=\"https:\/\/skupp.eu\/it\/la-nostra-gamma-di-prodotti\/tubazioni\/\" \/>\n<meta property=\"og:site_name\" content=\"SKUPP\" \/>\n<meta property=\"article:modified_time\" content=\"2026-02-26T14:37:29+00:00\" \/>\n<meta property=\"og:image\" content=\"https:\/\/skupp.eu\/wp-content\/uploads\/2024\/12\/tube-grijze-achtergrond.jpg\" \/>\n\t<meta property=\"og:image:width\" content=\"2190\" \/>\n\t<meta property=\"og:image:height\" content=\"1460\" \/>\n\t<meta property=\"og:image:type\" content=\"image\/jpeg\" \/>\n<meta name=\"twitter:card\" content=\"summary_large_image\" \/>\n<meta name=\"twitter:label1\" content=\"Tempo di lettura stimato\" \/>\n\t<meta name=\"twitter:data1\" content=\"1 minuto\" \/>\n<script type=\"application\/ld+json\" class=\"yoast-schema-graph\">{\"@context\":\"https:\\\/\\\/schema.org\",\"@graph\":[{\"@type\":\"WebPage\",\"@id\":\"https:\\\/\\\/skupp.eu\\\/it\\\/la-nostra-gamma-di-prodotti\\\/tubazioni\\\/\",\"url\":\"https:\\\/\\\/skupp.eu\\\/it\\\/la-nostra-gamma-di-prodotti\\\/tubazioni\\\/\",\"name\":\"Tubazioni - SKUPP\",\"isPartOf\":{\"@id\":\"https:\\\/\\\/skupp.eu\\\/it\\\/#website\"},\"primaryImageOfPage\":{\"@id\":\"https:\\\/\\\/skupp.eu\\\/it\\\/la-nostra-gamma-di-prodotti\\\/tubazioni\\\/#primaryimage\"},\"image\":{\"@id\":\"https:\\\/\\\/skupp.eu\\\/it\\\/la-nostra-gamma-di-prodotti\\\/tubazioni\\\/#primaryimage\"},\"thumbnailUrl\":\"https:\\\/\\\/skupp.eu\\\/wp-content\\\/uploads\\\/2024\\\/12\\\/tube-grijze-achtergrond.jpg\",\"datePublished\":\"2024-12-03T07:01:38+00:00\",\"dateModified\":\"2026-02-26T14:37:29+00:00\",\"description\":\"Esplora le tubazioni resistenti di SKUPP, disponibili in PU, PE, PA, PTFE, FEP e PFA, progettate per prestazioni affidabili in applicazioni pneumatiche e con fluidi.\",\"breadcrumb\":{\"@id\":\"https:\\\/\\\/skupp.eu\\\/it\\\/la-nostra-gamma-di-prodotti\\\/tubazioni\\\/#breadcrumb\"},\"inLanguage\":\"it-IT\",\"potentialAction\":[{\"@type\":\"ReadAction\",\"target\":[\"https:\\\/\\\/skupp.eu\\\/it\\\/la-nostra-gamma-di-prodotti\\\/tubazioni\\\/\"]}]},{\"@type\":\"ImageObject\",\"inLanguage\":\"it-IT\",\"@id\":\"https:\\\/\\\/skupp.eu\\\/it\\\/la-nostra-gamma-di-prodotti\\\/tubazioni\\\/#primaryimage\",\"url\":\"https:\\\/\\\/skupp.eu\\\/wp-content\\\/uploads\\\/2024\\\/12\\\/tube-grijze-achtergrond.jpg\",\"contentUrl\":\"https:\\\/\\\/skupp.eu\\\/wp-content\\\/uploads\\\/2024\\\/12\\\/tube-grijze-achtergrond.jpg\",\"width\":2190,\"height\":1460},{\"@type\":\"BreadcrumbList\",\"@id\":\"https:\\\/\\\/skupp.eu\\\/it\\\/la-nostra-gamma-di-prodotti\\\/tubazioni\\\/#breadcrumb\",\"itemListElement\":[{\"@type\":\"ListItem\",\"position\":1,\"name\":\"Home\",\"item\":\"https:\\\/\\\/skupp.eu\\\/it\\\/home\\\/\"},{\"@type\":\"ListItem\",\"position\":2,\"name\":\"La nostra gamma di prodotti\",\"item\":\"https:\\\/\\\/skupp.eu\\\/it\\\/our-product-range\\\/\"},{\"@type\":\"ListItem\",\"position\":3,\"name\":\"Tubazioni\"}]},{\"@type\":\"WebSite\",\"@id\":\"https:\\\/\\\/skupp.eu\\\/it\\\/#website\",\"url\":\"https:\\\/\\\/skupp.eu\\\/it\\\/\",\"name\":\"SKUPP\",\"description\":\"Stainless Steel Products\",\"publisher\":{\"@id\":\"https:\\\/\\\/skupp.eu\\\/it\\\/#organization\"},\"potentialAction\":[{\"@type\":\"SearchAction\",\"target\":{\"@type\":\"EntryPoint\",\"urlTemplate\":\"https:\\\/\\\/skupp.eu\\\/it\\\/?s={search_term_string}\"},\"query-input\":{\"@type\":\"PropertyValueSpecification\",\"valueRequired\":true,\"valueName\":\"search_term_string\"}}],\"inLanguage\":\"it-IT\"},{\"@type\":\"Organization\",\"@id\":\"https:\\\/\\\/skupp.eu\\\/it\\\/#organization\",\"name\":\"SKUPP\",\"url\":\"https:\\\/\\\/skupp.eu\\\/it\\\/\",\"logo\":{\"@type\":\"ImageObject\",\"inLanguage\":\"it-IT\",\"@id\":\"https:\\\/\\\/skupp.eu\\\/it\\\/#\\\/schema\\\/logo\\\/image\\\/\",\"url\":\"https:\\\/\\\/skupp.eu\\\/wp-content\\\/uploads\\\/2025\\\/05\\\/SKUPP-Logo-registered-trademark.png\",\"contentUrl\":\"https:\\\/\\\/skupp.eu\\\/wp-content\\\/uploads\\\/2025\\\/05\\\/SKUPP-Logo-registered-trademark.png\",\"width\":1200,\"height\":362,\"caption\":\"SKUPP\"},\"image\":{\"@id\":\"https:\\\/\\\/skupp.eu\\\/it\\\/#\\\/schema\\\/logo\\\/image\\\/\"}}]}<\/script>\n<!-- \/ Yoast SEO plugin. -->","yoast_head_json":{"title":"Tubazioni - SKUPP","description":"Esplora le tubazioni resistenti di SKUPP, disponibili in PU, PE, PA, PTFE, FEP e PFA, progettate per prestazioni affidabili in applicazioni pneumatiche e con fluidi.","robots":{"index":"index","follow":"follow","max-snippet":"max-snippet:-1","max-image-preview":"max-image-preview:large","max-video-preview":"max-video-preview:-1"},"canonical":"https:\/\/skupp.eu\/it\/la-nostra-gamma-di-prodotti\/tubazioni\/","og_locale":"it_IT","og_type":"article","og_title":"Tubazioni - SKUPP","og_description":"Esplora le tubazioni resistenti di SKUPP, disponibili in PU, PE, PA, PTFE, FEP e PFA, progettate per prestazioni affidabili in applicazioni pneumatiche e con fluidi.","og_url":"https:\/\/skupp.eu\/it\/la-nostra-gamma-di-prodotti\/tubazioni\/","og_site_name":"SKUPP","article_modified_time":"2026-02-26T14:37:29+00:00","og_image":[{"width":2190,"height":1460,"url":"https:\/\/skupp.eu\/wp-content\/uploads\/2024\/12\/tube-grijze-achtergrond.jpg","type":"image\/jpeg"}],"twitter_card":"summary_large_image","twitter_misc":{"Tempo di lettura stimato":"1 minuto"},"schema":{"@context":"https:\/\/schema.org","@graph":[{"@type":"WebPage","@id":"https:\/\/skupp.eu\/it\/la-nostra-gamma-di-prodotti\/tubazioni\/","url":"https:\/\/skupp.eu\/it\/la-nostra-gamma-di-prodotti\/tubazioni\/","name":"Tubazioni - SKUPP","isPartOf":{"@id":"https:\/\/skupp.eu\/it\/#website"},"primaryImageOfPage":{"@id":"https:\/\/skupp.eu\/it\/la-nostra-gamma-di-prodotti\/tubazioni\/#primaryimage"},"image":{"@id":"https:\/\/skupp.eu\/it\/la-nostra-gamma-di-prodotti\/tubazioni\/#primaryimage"},"thumbnailUrl":"https:\/\/skupp.eu\/wp-content\/uploads\/2024\/12\/tube-grijze-achtergrond.jpg","datePublished":"2024-12-03T07:01:38+00:00","dateModified":"2026-02-26T14:37:29+00:00","description":"Esplora le tubazioni resistenti di SKUPP, disponibili in PU, PE, PA, PTFE, FEP e PFA, progettate per prestazioni affidabili in applicazioni pneumatiche e con fluidi.","breadcrumb":{"@id":"https:\/\/skupp.eu\/it\/la-nostra-gamma-di-prodotti\/tubazioni\/#breadcrumb"},"inLanguage":"it-IT","potentialAction":[{"@type":"ReadAction","target":["https:\/\/skupp.eu\/it\/la-nostra-gamma-di-prodotti\/tubazioni\/"]}]},{"@type":"ImageObject","inLanguage":"it-IT","@id":"https:\/\/skupp.eu\/it\/la-nostra-gamma-di-prodotti\/tubazioni\/#primaryimage","url":"https:\/\/skupp.eu\/wp-content\/uploads\/2024\/12\/tube-grijze-achtergrond.jpg","contentUrl":"https:\/\/skupp.eu\/wp-content\/uploads\/2024\/12\/tube-grijze-achtergrond.jpg","width":2190,"height":1460},{"@type":"BreadcrumbList","@id":"https:\/\/skupp.eu\/it\/la-nostra-gamma-di-prodotti\/tubazioni\/#breadcrumb","itemListElement":[{"@type":"ListItem","position":1,"name":"Home","item":"https:\/\/skupp.eu\/it\/home\/"},{"@type":"ListItem","position":2,"name":"La nostra gamma di prodotti","item":"https:\/\/skupp.eu\/it\/our-product-range\/"},{"@type":"ListItem","position":3,"name":"Tubazioni"}]},{"@type":"WebSite","@id":"https:\/\/skupp.eu\/it\/#website","url":"https:\/\/skupp.eu\/it\/","name":"SKUPP","description":"Stainless Steel Products","publisher":{"@id":"https:\/\/skupp.eu\/it\/#organization"},"potentialAction":[{"@type":"SearchAction","target":{"@type":"EntryPoint","urlTemplate":"https:\/\/skupp.eu\/it\/?s={search_term_string}"},"query-input":{"@type":"PropertyValueSpecification","valueRequired":true,"valueName":"search_term_string"}}],"inLanguage":"it-IT"},{"@type":"Organization","@id":"https:\/\/skupp.eu\/it\/#organization","name":"SKUPP","url":"https:\/\/skupp.eu\/it\/","logo":{"@type":"ImageObject","inLanguage":"it-IT","@id":"https:\/\/skupp.eu\/it\/#\/schema\/logo\/image\/","url":"https:\/\/skupp.eu\/wp-content\/uploads\/2025\/05\/SKUPP-Logo-registered-trademark.png","contentUrl":"https:\/\/skupp.eu\/wp-content\/uploads\/2025\/05\/SKUPP-Logo-registered-trademark.png","width":1200,"height":362,"caption":"SKUPP"},"image":{"@id":"https:\/\/skupp.eu\/it\/#\/schema\/logo\/image\/"}}]}},"_links":{"self":[{"href":"https:\/\/skupp.eu\/it\/wp-json\/wp\/v2\/pages\/3028","targetHints":{"allow":["GET"]}}],"collection":[{"href":"https:\/\/skupp.eu\/it\/wp-json\/wp\/v2\/pages"}],"about":[{"href":"https:\/\/skupp.eu\/it\/wp-json\/wp\/v2\/types\/page"}],"author":[{"embeddable":true,"href":"https:\/\/skupp.eu\/it\/wp-json\/wp\/v2\/users\/2"}],"replies":[{"embeddable":true,"href":"https:\/\/skupp.eu\/it\/wp-json\/wp\/v2\/comments?post=3028"}],"version-history":[{"count":3,"href":"https:\/\/skupp.eu\/it\/wp-json\/wp\/v2\/pages\/3028\/revisions"}],"predecessor-version":[{"id":3580,"href":"https:\/\/skupp.eu\/it\/wp-json\/wp\/v2\/pages\/3028\/revisions\/3580"}],"up":[{"embeddable":true,"href":"https:\/\/skupp.eu\/it\/wp-json\/wp\/v2\/pages\/2992"}],"wp:featuredmedia":[{"embeddable":true,"href":"https:\/\/skupp.eu\/it\/wp-json\/wp\/v2\/media\/3029"}],"wp:attachment":[{"href":"https:\/\/skupp.eu\/it\/wp-json\/wp\/v2\/media?parent=3028"}],"curies":[{"name":"wp","href":"https:\/\/api.w.org\/{rel}","templated":true}]}}