{"id":3203,"date":"2024-11-20T07:15:09","date_gmt":"2024-11-20T07:15:09","guid":{"rendered":"https:\/\/skupp.eu\/i-nostri-vantaggi\/"},"modified":"2026-01-21T10:06:22","modified_gmt":"2026-01-21T10:06:22","slug":"i-nostri-vantaggi","status":"publish","type":"page","link":"https:\/\/skupp.eu\/it\/i-nostri-vantaggi\/","title":{"rendered":"I nostri vantaggi"},"content":{"rendered":"\t\t<div data-elementor-type=\"wp-page\" data-elementor-id=\"3203\" class=\"elementor elementor-3203 elementor-119\" data-elementor-post-type=\"page\">\n\t\t\t\t<div class=\"elementor-element elementor-element-e8705c2 e-flex e-con-boxed e-con e-parent\" data-id=\"e8705c2\" data-element_type=\"container\" data-e-type=\"container\">\n\t\t\t\t\t<div class=\"e-con-inner\">\n\t\t\t\t<div class=\"elementor-element elementor-element-2a42a56 elementor-widget elementor-widget-spacer\" data-id=\"2a42a56\" data-element_type=\"widget\" data-e-type=\"widget\" data-widget_type=\"spacer.default\">\n\t\t\t\t<div class=\"elementor-widget-container\">\n\t\t\t\t\t\t\t<div class=\"elementor-spacer\">\n\t\t\t<div class=\"elementor-spacer-inner\"><\/div>\n\t\t<\/div>\n\t\t\t\t\t\t<\/div>\n\t\t\t\t<\/div>\n\t\t\t\t\t<\/div>\n\t\t\t\t<\/div>\n\t\t<div class=\"elementor-element elementor-element-001a491 e-flex e-con-boxed e-con e-parent\" data-id=\"001a491\" data-element_type=\"container\" data-e-type=\"container\">\n\t\t\t\t\t<div class=\"e-con-inner\">\n\t\t<div class=\"elementor-element elementor-element-8bc5af0 e-con-full e-flex e-con e-child\" data-id=\"8bc5af0\" data-element_type=\"container\" data-e-type=\"container\">\n\t\t\t\t<div class=\"elementor-element elementor-element-eccbe41 elementor-widget elementor-widget-image\" data-id=\"eccbe41\" data-element_type=\"widget\" data-e-type=\"widget\" data-widget_type=\"image.default\">\n\t\t\t\t<div class=\"elementor-widget-container\">\n\t\t\t\t\t\t\t\t\t\t\t\t\t\t\t<img decoding=\"async\" width=\"150\" height=\"150\" src=\"https:\/\/skupp.eu\/wp-content\/uploads\/2024\/12\/INSTOCK-150x150.png\" class=\"attachment-thumbnail size-thumbnail wp-image-3204\" alt=\"\" srcset=\"https:\/\/skupp.eu\/wp-content\/uploads\/2024\/12\/INSTOCK-150x150.png 150w, https:\/\/skupp.eu\/wp-content\/uploads\/2024\/12\/INSTOCK.png 256w\" sizes=\"(max-width: 150px) 100vw, 150px\" \/>\t\t\t\t\t\t\t\t\t\t\t\t\t\t\t<\/div>\n\t\t\t\t<\/div>\n\t\t\t\t<\/div>\n\t\t<div class=\"elementor-element elementor-element-8935840 e-con-full e-flex e-con e-child\" data-id=\"8935840\" data-element_type=\"container\" data-e-type=\"container\">\n\t\t\t\t<div class=\"elementor-element elementor-element-967d7cd elementor-widget elementor-widget-heading\" data-id=\"967d7cd\" data-element_type=\"widget\" data-e-type=\"widget\" data-widget_type=\"heading.default\">\n\t\t\t\t<div class=\"elementor-widget-container\">\n\t\t\t\t\t<h3 class=\"elementor-heading-title elementor-size-default\">Disponibilit\u00e0 e magazzino<\/h3>\t\t\t\t<\/div>\n\t\t\t\t<\/div>\n\t\t\t\t<div class=\"elementor-element elementor-element-513a3ed elementor-widget elementor-widget-text-editor\" data-id=\"513a3ed\" data-element_type=\"widget\" data-e-type=\"widget\" data-widget_type=\"text-editor.default\">\n\t\t\t\t<div class=\"elementor-widget-container\">\n\t\t\t\t\t\t\t\t\t<p>I prodotti SKUPP sono quasi sempre disponibili in magazzino in Europa, garantendo tempi di consegna rapidi. I nostri prodotti sono fabbricati in Europa, ad eccezione dei raccordi in acciaio inossidabile e delle valvole a sfera motorizzate. Questo ci consente di evadere rapidamente i tuoi ordini, riducendo al minimo i tempi di consegna e massimizzando la comodit\u00e0.  <\/p>\t\t\t\t\t\t\t\t<\/div>\n\t\t\t\t<\/div>\n\t\t\t\t<\/div>\n\t\t\t\t\t<\/div>\n\t\t\t\t<\/div>\n\t\t<div class=\"elementor-element elementor-element-2afbb8f e-flex e-con-boxed e-con e-parent\" data-id=\"2afbb8f\" data-element_type=\"container\" data-e-type=\"container\">\n\t\t\t\t\t<div class=\"e-con-inner\">\n\t\t<div class=\"elementor-element elementor-element-7531641 e-con-full e-flex e-con e-child\" data-id=\"7531641\" data-element_type=\"container\" data-e-type=\"container\">\n\t\t\t\t<div class=\"elementor-element elementor-element-435e5f1 elementor-widget elementor-widget-heading\" data-id=\"435e5f1\" data-element_type=\"widget\" data-e-type=\"widget\" data-widget_type=\"heading.default\">\n\t\t\t\t<div class=\"elementor-widget-container\">\n\t\t\t\t\t<h3 class=\"elementor-heading-title elementor-size-default\">Garanzia di qualit\u00e0<\/h3>\t\t\t\t<\/div>\n\t\t\t\t<\/div>\n\t\t\t\t<div class=\"elementor-element elementor-element-4503946 elementor-widget elementor-widget-text-editor\" data-id=\"4503946\" data-element_type=\"widget\" data-e-type=\"widget\" data-widget_type=\"text-editor.default\">\n\t\t\t\t<div class=\"elementor-widget-container\">\n\t\t\t\t\t\t\t\t\t<p>Tutti i prodotti SKUPP sono sottoposti a un rigoroso controllo di qualit\u00e0 per garantire prestazioni e durata costanti. Con SKUPP, puoi aspettarti la stessa alta qualit\u00e0 a cui sei abituato, a un prezzo competitivo. Ogni prodotto \u00e8 progettato e testato per soddisfare gli standard pi\u00f9 elevati, in modo che tu possa fare affidamento su di essi per tutte le tue esigenze.  <\/p>\t\t\t\t\t\t\t\t<\/div>\n\t\t\t\t<\/div>\n\t\t\t\t<\/div>\n\t\t<div class=\"elementor-element elementor-element-b21bbfd e-con-full e-flex e-con e-child\" data-id=\"b21bbfd\" data-element_type=\"container\" data-e-type=\"container\">\n\t\t\t\t<div class=\"elementor-element elementor-element-5e6a59b elementor-widget elementor-widget-image\" data-id=\"5e6a59b\" data-element_type=\"widget\" data-e-type=\"widget\" data-widget_type=\"image.default\">\n\t\t\t\t<div class=\"elementor-widget-container\">\n\t\t\t\t\t\t\t\t\t\t\t\t\t\t\t<img decoding=\"async\" src=\"https:\/\/skupp.eu\/wp-content\/uploads\/elementor\/thumbs\/quality-checks-qygb66g2bko8a7rtrl0ko71onvwq5f0wbwotuejch6.webp\" title=\"controlli di qualit\u00e0\" alt=\"controlli di qualit\u00e0\" loading=\"lazy\" \/>\t\t\t\t\t\t\t\t\t\t\t\t\t\t\t<\/div>\n\t\t\t\t<\/div>\n\t\t\t\t<\/div>\n\t\t\t\t\t<\/div>\n\t\t\t\t<\/div>\n\t\t<div class=\"elementor-element elementor-element-1fd2695 e-flex e-con-boxed e-con e-parent\" data-id=\"1fd2695\" data-element_type=\"container\" data-e-type=\"container\">\n\t\t\t\t\t<div class=\"e-con-inner\">\n\t\t<div class=\"elementor-element elementor-element-cd328ca e-con-full e-flex e-con e-child\" data-id=\"cd328ca\" data-element_type=\"container\" data-e-type=\"container\">\n\t\t\t\t<div class=\"elementor-element elementor-element-dc83c40 elementor-widget elementor-widget-image\" data-id=\"dc83c40\" data-element_type=\"widget\" data-e-type=\"widget\" data-widget_type=\"image.default\">\n\t\t\t\t<div class=\"elementor-widget-container\">\n\t\t\t\t\t\t\t\t\t\t\t\t\t\t\t<img decoding=\"async\" src=\"https:\/\/skupp.eu\/wp-content\/uploads\/elementor\/thumbs\/Logo_of_the_ISO-qygb7o0v54pknzm02q6b4biyiuknc5xlj9vi76bwdw.jpg\" title=\"Logo_of_the_ISO\" alt=\"Logo_of_the_ISO\" loading=\"lazy\" \/>\t\t\t\t\t\t\t\t\t\t\t\t\t\t\t<\/div>\n\t\t\t\t<\/div>\n\t\t\t\t<\/div>\n\t\t<div class=\"elementor-element elementor-element-254cdfe e-con-full e-flex e-con e-child\" data-id=\"254cdfe\" data-element_type=\"container\" data-e-type=\"container\">\n\t\t\t\t<div class=\"elementor-element elementor-element-e3b28c8 elementor-widget elementor-widget-heading\" data-id=\"e3b28c8\" data-element_type=\"widget\" data-e-type=\"widget\" data-widget_type=\"heading.default\">\n\t\t\t\t<div class=\"elementor-widget-container\">\n\t\t\t\t\t<h3 class=\"elementor-heading-title elementor-size-default\">Versatilit\u00e0 e conformit\u00e0 agli standard<\/h3>\t\t\t\t<\/div>\n\t\t\t\t<\/div>\n\t\t\t\t<div class=\"elementor-element elementor-element-4f142ef elementor-widget elementor-widget-text-editor\" data-id=\"4f142ef\" data-element_type=\"widget\" data-e-type=\"widget\" data-widget_type=\"text-editor.default\">\n\t\t\t\t<div class=\"elementor-widget-container\">\n\t\t\t\t\t\t\t\t\t<p>I nostri prodotti sono progettati per la massima versatilit\u00e0, rendendoli adatti a una vasta gamma di applicazioni. Raccordi filettati e valvole a sfera aderiscono agli standard ISO, garantendo facilit\u00e0 di installazione e compatibilit\u00e0 con i tuoi sistemi esistenti. <\/p>\t\t\t\t\t\t\t\t<\/div>\n\t\t\t\t<\/div>\n\t\t\t\t<\/div>\n\t\t\t\t\t<\/div>\n\t\t\t\t<\/div>\n\t\t<div class=\"elementor-element elementor-element-ed437d0 e-flex e-con-boxed e-con e-parent\" data-id=\"ed437d0\" data-element_type=\"container\" data-e-type=\"container\">\n\t\t\t\t\t<div class=\"e-con-inner\">\n\t\t\t\t<div class=\"elementor-element elementor-element-f59c4cb elementor-widget elementor-widget-spacer\" data-id=\"f59c4cb\" data-element_type=\"widget\" data-e-type=\"widget\" data-widget_type=\"spacer.default\">\n\t\t\t\t<div class=\"elementor-widget-container\">\n\t\t\t\t\t\t\t<div class=\"elementor-spacer\">\n\t\t\t<div class=\"elementor-spacer-inner\"><\/div>\n\t\t<\/div>\n\t\t\t\t\t\t<\/div>\n\t\t\t\t<\/div>\n\t\t\t\t\t<\/div>\n\t\t\t\t<\/div>\n\t\t\t\t<\/div>\n\t\t","protected":false},"excerpt":{"rendered":"<p>Disponibilit\u00e0 e magazzino I prodotti SKUPP sono quasi sempre disponibili in magazzino in Europa, garantendo tempi di consegna rapidi. I nostri prodotti sono fabbricati in Europa, ad eccezione dei raccordi in acciaio inossidabile e delle valvole a sfera motorizzate. Questo ci consente di evadere rapidamente i tuoi ordini, riducendo al minimo i tempi di consegna [&hellip;]<\/p>\n","protected":false},"author":2,"featured_media":2993,"parent":0,"menu_order":0,"comment_status":"closed","ping_status":"closed","template":"elementor_header_footer","meta":{"footnotes":""},"class_list":["post-3203","page","type-page","status-publish","has-post-thumbnail","hentry"],"yoast_head":"<!-- This site is optimized with the Yoast SEO plugin v27.4 - https:\/\/yoast.com\/product\/yoast-seo-wordpress\/ -->\n<title>I nostri vantaggi - SKUPP<\/title>\n<meta name=\"description\" content=\"Scopri i vantaggi di scegliere SKUPP per le tue esigenze pneumatiche: prodotti di alta qualit\u00e0, prestazioni affidabili e un servizio clienti eccezionale.\" \/>\n<meta name=\"robots\" content=\"index, follow, max-snippet:-1, max-image-preview:large, max-video-preview:-1\" \/>\n<link rel=\"canonical\" href=\"https:\/\/skupp.eu\/it\/i-nostri-vantaggi\/\" \/>\n<meta property=\"og:locale\" content=\"it_IT\" \/>\n<meta property=\"og:type\" content=\"article\" \/>\n<meta property=\"og:title\" content=\"I nostri vantaggi - SKUPP\" \/>\n<meta property=\"og:description\" content=\"Scopri i vantaggi di scegliere SKUPP per le tue esigenze pneumatiche: prodotti di alta qualit\u00e0, prestazioni affidabili e un servizio clienti eccezionale.\" \/>\n<meta property=\"og:url\" content=\"https:\/\/skupp.eu\/it\/i-nostri-vantaggi\/\" \/>\n<meta property=\"og:site_name\" content=\"SKUPP\" \/>\n<meta property=\"article:modified_time\" content=\"2026-01-21T10:06:22+00:00\" \/>\n<meta property=\"og:image\" content=\"https:\/\/skupp.eu\/wp-content\/uploads\/2024\/11\/SKUPP-favicon.png\" \/>\n\t<meta property=\"og:image:width\" content=\"600\" \/>\n\t<meta property=\"og:image:height\" content=\"600\" \/>\n\t<meta property=\"og:image:type\" content=\"image\/png\" \/>\n<meta name=\"twitter:card\" content=\"summary_large_image\" \/>\n<meta name=\"twitter:label1\" content=\"Tempo di lettura stimato\" \/>\n\t<meta name=\"twitter:data1\" content=\"1 minuto\" \/>\n<script type=\"application\/ld+json\" class=\"yoast-schema-graph\">{\"@context\":\"https:\\\/\\\/schema.org\",\"@graph\":[{\"@type\":\"WebPage\",\"@id\":\"https:\\\/\\\/skupp.eu\\\/it\\\/i-nostri-vantaggi\\\/\",\"url\":\"https:\\\/\\\/skupp.eu\\\/it\\\/i-nostri-vantaggi\\\/\",\"name\":\"I nostri vantaggi - SKUPP\",\"isPartOf\":{\"@id\":\"https:\\\/\\\/skupp.eu\\\/it\\\/#website\"},\"primaryImageOfPage\":{\"@id\":\"https:\\\/\\\/skupp.eu\\\/it\\\/i-nostri-vantaggi\\\/#primaryimage\"},\"image\":{\"@id\":\"https:\\\/\\\/skupp.eu\\\/it\\\/i-nostri-vantaggi\\\/#primaryimage\"},\"thumbnailUrl\":\"https:\\\/\\\/skupp.eu\\\/wp-content\\\/uploads\\\/2024\\\/11\\\/SKUPP-favicon.png\",\"datePublished\":\"2024-11-20T07:15:09+00:00\",\"dateModified\":\"2026-01-21T10:06:22+00:00\",\"description\":\"Scopri i vantaggi di scegliere SKUPP per le tue esigenze pneumatiche: prodotti di alta qualit\u00e0, prestazioni affidabili e un servizio clienti eccezionale.\",\"breadcrumb\":{\"@id\":\"https:\\\/\\\/skupp.eu\\\/it\\\/i-nostri-vantaggi\\\/#breadcrumb\"},\"inLanguage\":\"it-IT\",\"potentialAction\":[{\"@type\":\"ReadAction\",\"target\":[\"https:\\\/\\\/skupp.eu\\\/it\\\/i-nostri-vantaggi\\\/\"]}]},{\"@type\":\"ImageObject\",\"inLanguage\":\"it-IT\",\"@id\":\"https:\\\/\\\/skupp.eu\\\/it\\\/i-nostri-vantaggi\\\/#primaryimage\",\"url\":\"https:\\\/\\\/skupp.eu\\\/wp-content\\\/uploads\\\/2024\\\/11\\\/SKUPP-favicon.png\",\"contentUrl\":\"https:\\\/\\\/skupp.eu\\\/wp-content\\\/uploads\\\/2024\\\/11\\\/SKUPP-favicon.png\",\"width\":600,\"height\":600},{\"@type\":\"BreadcrumbList\",\"@id\":\"https:\\\/\\\/skupp.eu\\\/it\\\/i-nostri-vantaggi\\\/#breadcrumb\",\"itemListElement\":[{\"@type\":\"ListItem\",\"position\":1,\"name\":\"Home\",\"item\":\"https:\\\/\\\/skupp.eu\\\/it\\\/home\\\/\"},{\"@type\":\"ListItem\",\"position\":2,\"name\":\"I nostri vantaggi\"}]},{\"@type\":\"WebSite\",\"@id\":\"https:\\\/\\\/skupp.eu\\\/it\\\/#website\",\"url\":\"https:\\\/\\\/skupp.eu\\\/it\\\/\",\"name\":\"SKUPP\",\"description\":\"Stainless Steel Products\",\"publisher\":{\"@id\":\"https:\\\/\\\/skupp.eu\\\/it\\\/#organization\"},\"potentialAction\":[{\"@type\":\"SearchAction\",\"target\":{\"@type\":\"EntryPoint\",\"urlTemplate\":\"https:\\\/\\\/skupp.eu\\\/it\\\/?s={search_term_string}\"},\"query-input\":{\"@type\":\"PropertyValueSpecification\",\"valueRequired\":true,\"valueName\":\"search_term_string\"}}],\"inLanguage\":\"it-IT\"},{\"@type\":\"Organization\",\"@id\":\"https:\\\/\\\/skupp.eu\\\/it\\\/#organization\",\"name\":\"SKUPP\",\"url\":\"https:\\\/\\\/skupp.eu\\\/it\\\/\",\"logo\":{\"@type\":\"ImageObject\",\"inLanguage\":\"it-IT\",\"@id\":\"https:\\\/\\\/skupp.eu\\\/it\\\/#\\\/schema\\\/logo\\\/image\\\/\",\"url\":\"https:\\\/\\\/skupp.eu\\\/wp-content\\\/uploads\\\/2025\\\/05\\\/SKUPP-Logo-registered-trademark.png\",\"contentUrl\":\"https:\\\/\\\/skupp.eu\\\/wp-content\\\/uploads\\\/2025\\\/05\\\/SKUPP-Logo-registered-trademark.png\",\"width\":1200,\"height\":362,\"caption\":\"SKUPP\"},\"image\":{\"@id\":\"https:\\\/\\\/skupp.eu\\\/it\\\/#\\\/schema\\\/logo\\\/image\\\/\"}}]}<\/script>\n<!-- \/ Yoast SEO plugin. -->","yoast_head_json":{"title":"I nostri vantaggi - SKUPP","description":"Scopri i vantaggi di scegliere SKUPP per le tue esigenze pneumatiche: prodotti di alta qualit\u00e0, prestazioni affidabili e un servizio clienti eccezionale.","robots":{"index":"index","follow":"follow","max-snippet":"max-snippet:-1","max-image-preview":"max-image-preview:large","max-video-preview":"max-video-preview:-1"},"canonical":"https:\/\/skupp.eu\/it\/i-nostri-vantaggi\/","og_locale":"it_IT","og_type":"article","og_title":"I nostri vantaggi - SKUPP","og_description":"Scopri i vantaggi di scegliere SKUPP per le tue esigenze pneumatiche: prodotti di alta qualit\u00e0, prestazioni affidabili e un servizio clienti eccezionale.","og_url":"https:\/\/skupp.eu\/it\/i-nostri-vantaggi\/","og_site_name":"SKUPP","article_modified_time":"2026-01-21T10:06:22+00:00","og_image":[{"width":600,"height":600,"url":"https:\/\/skupp.eu\/wp-content\/uploads\/2024\/11\/SKUPP-favicon.png","type":"image\/png"}],"twitter_card":"summary_large_image","twitter_misc":{"Tempo di lettura stimato":"1 minuto"},"schema":{"@context":"https:\/\/schema.org","@graph":[{"@type":"WebPage","@id":"https:\/\/skupp.eu\/it\/i-nostri-vantaggi\/","url":"https:\/\/skupp.eu\/it\/i-nostri-vantaggi\/","name":"I nostri vantaggi - SKUPP","isPartOf":{"@id":"https:\/\/skupp.eu\/it\/#website"},"primaryImageOfPage":{"@id":"https:\/\/skupp.eu\/it\/i-nostri-vantaggi\/#primaryimage"},"image":{"@id":"https:\/\/skupp.eu\/it\/i-nostri-vantaggi\/#primaryimage"},"thumbnailUrl":"https:\/\/skupp.eu\/wp-content\/uploads\/2024\/11\/SKUPP-favicon.png","datePublished":"2024-11-20T07:15:09+00:00","dateModified":"2026-01-21T10:06:22+00:00","description":"Scopri i vantaggi di scegliere SKUPP per le tue esigenze pneumatiche: prodotti di alta qualit\u00e0, prestazioni affidabili e un servizio clienti eccezionale.","breadcrumb":{"@id":"https:\/\/skupp.eu\/it\/i-nostri-vantaggi\/#breadcrumb"},"inLanguage":"it-IT","potentialAction":[{"@type":"ReadAction","target":["https:\/\/skupp.eu\/it\/i-nostri-vantaggi\/"]}]},{"@type":"ImageObject","inLanguage":"it-IT","@id":"https:\/\/skupp.eu\/it\/i-nostri-vantaggi\/#primaryimage","url":"https:\/\/skupp.eu\/wp-content\/uploads\/2024\/11\/SKUPP-favicon.png","contentUrl":"https:\/\/skupp.eu\/wp-content\/uploads\/2024\/11\/SKUPP-favicon.png","width":600,"height":600},{"@type":"BreadcrumbList","@id":"https:\/\/skupp.eu\/it\/i-nostri-vantaggi\/#breadcrumb","itemListElement":[{"@type":"ListItem","position":1,"name":"Home","item":"https:\/\/skupp.eu\/it\/home\/"},{"@type":"ListItem","position":2,"name":"I nostri vantaggi"}]},{"@type":"WebSite","@id":"https:\/\/skupp.eu\/it\/#website","url":"https:\/\/skupp.eu\/it\/","name":"SKUPP","description":"Stainless Steel Products","publisher":{"@id":"https:\/\/skupp.eu\/it\/#organization"},"potentialAction":[{"@type":"SearchAction","target":{"@type":"EntryPoint","urlTemplate":"https:\/\/skupp.eu\/it\/?s={search_term_string}"},"query-input":{"@type":"PropertyValueSpecification","valueRequired":true,"valueName":"search_term_string"}}],"inLanguage":"it-IT"},{"@type":"Organization","@id":"https:\/\/skupp.eu\/it\/#organization","name":"SKUPP","url":"https:\/\/skupp.eu\/it\/","logo":{"@type":"ImageObject","inLanguage":"it-IT","@id":"https:\/\/skupp.eu\/it\/#\/schema\/logo\/image\/","url":"https:\/\/skupp.eu\/wp-content\/uploads\/2025\/05\/SKUPP-Logo-registered-trademark.png","contentUrl":"https:\/\/skupp.eu\/wp-content\/uploads\/2025\/05\/SKUPP-Logo-registered-trademark.png","width":1200,"height":362,"caption":"SKUPP"},"image":{"@id":"https:\/\/skupp.eu\/it\/#\/schema\/logo\/image\/"}}]}},"_links":{"self":[{"href":"https:\/\/skupp.eu\/it\/wp-json\/wp\/v2\/pages\/3203","targetHints":{"allow":["GET"]}}],"collection":[{"href":"https:\/\/skupp.eu\/it\/wp-json\/wp\/v2\/pages"}],"about":[{"href":"https:\/\/skupp.eu\/it\/wp-json\/wp\/v2\/types\/page"}],"author":[{"embeddable":true,"href":"https:\/\/skupp.eu\/it\/wp-json\/wp\/v2\/users\/2"}],"replies":[{"embeddable":true,"href":"https:\/\/skupp.eu\/it\/wp-json\/wp\/v2\/comments?post=3203"}],"version-history":[{"count":1,"href":"https:\/\/skupp.eu\/it\/wp-json\/wp\/v2\/pages\/3203\/revisions"}],"predecessor-version":[{"id":3207,"href":"https:\/\/skupp.eu\/it\/wp-json\/wp\/v2\/pages\/3203\/revisions\/3207"}],"wp:featuredmedia":[{"embeddable":true,"href":"https:\/\/skupp.eu\/it\/wp-json\/wp\/v2\/media\/2993"}],"wp:attachment":[{"href":"https:\/\/skupp.eu\/it\/wp-json\/wp\/v2\/media?parent=3203"}],"curies":[{"name":"wp","href":"https:\/\/api.w.org\/{rel}","templated":true}]}}