{"id":3229,"date":"2024-12-03T06:55:20","date_gmt":"2024-12-03T06:55:20","guid":{"rendered":"https:\/\/skupp.eu\/la-nostra-gamma-di-prodotti\/valvole-a-sfera-motorizzate\/"},"modified":"2026-02-26T14:41:06","modified_gmt":"2026-02-26T14:41:06","slug":"valvole-a-sfera-motorizzate","status":"publish","type":"page","link":"https:\/\/skupp.eu\/it\/la-nostra-gamma-di-prodotti\/valvole-a-sfera-motorizzate\/","title":{"rendered":"Valvole a sfera (motorizzate)"},"content":{"rendered":"\t\t<div data-elementor-type=\"wp-post\" data-elementor-id=\"3229\" class=\"elementor elementor-3229 elementor-478\" data-elementor-post-type=\"page\">\n\t\t\t\t<div class=\"elementor-element elementor-element-27e0b09 e-flex e-con-boxed elementor-invisible e-con e-parent\" data-id=\"27e0b09\" data-element_type=\"container\" data-e-type=\"container\" data-settings=\"{&quot;animation&quot;:&quot;slideInUp&quot;}\">\n\t\t\t\t\t<div class=\"e-con-inner\">\n\t\t\t\t<div class=\"elementor-element elementor-element-da2f024 elementor-widget elementor-widget-heading\" data-id=\"da2f024\" data-element_type=\"widget\" data-e-type=\"widget\" data-widget_type=\"heading.default\">\n\t\t\t\t<div class=\"elementor-widget-container\">\n\t\t\t\t\t<h1 class=\"elementor-heading-title elementor-size-default\">SEB - Valvole a sfera elettriche<\/h1>\t\t\t\t<\/div>\n\t\t\t\t<\/div>\n\t\t\t\t<div class=\"elementor-element elementor-element-dc7bb8f elementor-widget elementor-widget-text-editor\" data-id=\"dc7bb8f\" data-element_type=\"widget\" data-e-type=\"widget\" data-widget_type=\"text-editor.default\">\n\t\t\t\t<div class=\"elementor-widget-container\">\n\t\t\t\t\t\t\t\t\t<p>Le valvole a sfera elettriche sono valvole di intercettazione azionate da un attuatore elettrico. Sono anche conosciute come valvole a sfera motorizzate e sono ampiamente utilizzate in applicazioni che richiedono un controllo affidabile e automatizzato del flusso di fluidi o gas. I settori pi\u00f9 comuni includono l&#8217;automazione industriale, la gestione degli edifici, HVAC e il trattamento delle acque.  <\/p>\t\t\t\t\t\t\t\t<\/div>\n\t\t\t\t<\/div>\n\t\t\t\t\t<\/div>\n\t\t\t\t<\/div>\n\t\t<div class=\"elementor-element elementor-element-3f00171 elementor-hidden-tablet elementor-hidden-mobile e-flex e-con-boxed elementor-invisible e-con e-parent\" data-id=\"3f00171\" data-element_type=\"container\" data-e-type=\"container\" data-settings=\"{&quot;background_background&quot;:&quot;slideshow&quot;,&quot;background_slideshow_gallery&quot;:[{&quot;id&quot;:3230,&quot;url&quot;:&quot;https:\\\/\\\/skupp.eu\\\/wp-content\\\/uploads\\\/2025\\\/05\\\/piece_1_0.png&quot;}],&quot;animation&quot;:&quot;slideInUp&quot;,&quot;background_slideshow_loop&quot;:&quot;yes&quot;,&quot;background_slideshow_slide_duration&quot;:5000,&quot;background_slideshow_slide_transition&quot;:&quot;fade&quot;,&quot;background_slideshow_transition_duration&quot;:500}\">\n\t\t\t\t\t<div class=\"e-con-inner\">\n\t\t<div class=\"elementor-element elementor-element-84fb8de e-con-full e-flex e-con e-child\" data-id=\"84fb8de\" data-element_type=\"container\" data-e-type=\"container\">\n\t\t\t\t<div class=\"elementor-element elementor-element-1ddb4f4 elementor-widget elementor-widget-spacer\" data-id=\"1ddb4f4\" data-element_type=\"widget\" data-e-type=\"widget\" data-widget_type=\"spacer.default\">\n\t\t\t\t<div class=\"elementor-widget-container\">\n\t\t\t\t\t\t\t<div class=\"elementor-spacer\">\n\t\t\t<div class=\"elementor-spacer-inner\"><\/div>\n\t\t<\/div>\n\t\t\t\t\t\t<\/div>\n\t\t\t\t<\/div>\n\t\t\t\t<\/div>\n\t\t<div class=\"elementor-element elementor-element-3f09034 e-con-full e-flex e-con e-child\" data-id=\"3f09034\" data-element_type=\"container\" data-e-type=\"container\">\n\t\t\t\t<div class=\"elementor-element elementor-element-5a1c951 elementor-widget elementor-widget-spacer\" data-id=\"5a1c951\" data-element_type=\"widget\" data-e-type=\"widget\" data-widget_type=\"spacer.default\">\n\t\t\t\t<div class=\"elementor-widget-container\">\n\t\t\t\t\t\t\t<div class=\"elementor-spacer\">\n\t\t\t<div class=\"elementor-spacer-inner\"><\/div>\n\t\t<\/div>\n\t\t\t\t\t\t<\/div>\n\t\t\t\t<\/div>\n\t\t\t\t<\/div>\n\t\t\t\t\t<\/div>\n\t\t\t\t<\/div>\n\t\t<div class=\"elementor-element elementor-element-1b6c46a e-flex e-con-boxed e-con e-parent\" data-id=\"1b6c46a\" data-element_type=\"container\" data-e-type=\"container\" data-settings=\"{&quot;background_background&quot;:&quot;slideshow&quot;,&quot;background_slideshow_gallery&quot;:[],&quot;background_slideshow_loop&quot;:&quot;yes&quot;,&quot;background_slideshow_slide_duration&quot;:5000,&quot;background_slideshow_slide_transition&quot;:&quot;fade&quot;,&quot;background_slideshow_transition_duration&quot;:500}\">\n\t\t\t\t\t<div class=\"e-con-inner\">\n\t\t<div class=\"elementor-element elementor-element-f4a4c6b e-con-full e-flex elementor-invisible e-con e-child\" data-id=\"f4a4c6b\" data-element_type=\"container\" data-e-type=\"container\" data-settings=\"{&quot;animation&quot;:&quot;slideInUp&quot;}\">\n\t\t\t\t<div class=\"elementor-element elementor-element-eba56c9 elementor-widget elementor-widget-heading\" data-id=\"eba56c9\" data-element_type=\"widget\" data-e-type=\"widget\" data-widget_type=\"heading.default\">\n\t\t\t\t<div class=\"elementor-widget-container\">\n\t\t\t\t\t<h3 class=\"elementor-heading-title elementor-size-default\">Cosa sono le valvole a sfera elettriche?<\/h3>\t\t\t\t<\/div>\n\t\t\t\t<\/div>\n\t\t\t\t<div class=\"elementor-element elementor-element-b1d5853 elementor-widget elementor-widget-text-editor\" data-id=\"b1d5853\" data-element_type=\"widget\" data-e-type=\"widget\" data-widget_type=\"text-editor.default\">\n\t\t\t\t<div class=\"elementor-widget-container\">\n\t\t\t\t\t\t\t\t\t<p>Le valvole a sfera sono ampiamente utilizzate in applicazioni industriali e tecniche per controllare il flusso di liquidi e gas. Le valvole a sfera elettriche utilizzano un motore per aprire e chiudere la valvola a sfera, il che offre molti vantaggi:  <\/p><ul><li><strong>Efficienza<\/strong>: Controllo rapido e preciso.<\/li><li><strong>Facilit\u00e0 d&#8217;uso<\/strong>: Non \u00e8 necessaria alcuna operazione manuale. Ottimo per l&#8217;automazione. <\/li><li><strong>Affidabilit\u00e0<\/strong>: Ideale per sistemi che richiedono commutazioni frequenti.<\/li><\/ul>\t\t\t\t\t\t\t\t<\/div>\n\t\t\t\t<\/div>\n\t\t\t\t<\/div>\n\t\t<div class=\"elementor-element elementor-element-333447b e-con-full e-flex elementor-invisible e-con e-child\" data-id=\"333447b\" data-element_type=\"container\" data-e-type=\"container\" data-settings=\"{&quot;animation&quot;:&quot;slideInUp&quot;}\">\n\t\t\t\t<div class=\"elementor-element elementor-element-77a44ff elementor-widget elementor-widget-heading\" data-id=\"77a44ff\" data-element_type=\"widget\" data-e-type=\"widget\" data-widget_type=\"heading.default\">\n\t\t\t\t<div class=\"elementor-widget-container\">\n\t\t\t\t\t<h2 class=\"elementor-heading-title elementor-size-default\">Adatte a diverse applicazioni<\/h2>\t\t\t\t<\/div>\n\t\t\t\t<\/div>\n\t\t\t\t<div class=\"elementor-element elementor-element-50feeb5 elementor-widget elementor-widget-text-editor\" data-id=\"50feeb5\" data-element_type=\"widget\" data-e-type=\"widget\" data-widget_type=\"text-editor.default\">\n\t\t\t\t<div class=\"elementor-widget-container\">\n\t\t\t\t\t\t\t\t\t<p>Le valvole a sfera SKUPP sono perfette per l&#8217;uso in diversi settori, tra cui:<\/p><ul><li>Sistemi pneumatici<\/li><li>Installazioni HVAC<\/li><li>Sistemi di trattamento delle acque<\/li><li>Processi chimici<\/li><li>Industrie alimentari e delle bevande<\/li><\/ul><p>Le nostre valvole a sfera sono disponibili in diversi materiali per il corpo e la guarnizione e in molte configurazioni. <\/p>\t\t\t\t\t\t\t\t<\/div>\n\t\t\t\t<\/div>\n\t\t\t\t<\/div>\n\t\t\t\t\t<\/div>\n\t\t\t\t<\/div>\n\t\t<div class=\"elementor-element elementor-element-c68d68d e-flex e-con-boxed e-con e-parent\" data-id=\"c68d68d\" data-element_type=\"container\" data-e-type=\"container\">\n\t\t\t\t\t<div class=\"e-con-inner\">\n\t\t<div class=\"elementor-element elementor-element-f647898 e-con-full e-flex elementor-invisible e-con e-child\" data-id=\"f647898\" data-element_type=\"container\" data-e-type=\"container\" data-settings=\"{&quot;animation&quot;:&quot;slideInUp&quot;}\">\n\t\t\t\t<div class=\"elementor-element elementor-element-e2bade4 elementor-invisible elementor-widget elementor-widget-heading\" data-id=\"e2bade4\" data-element_type=\"widget\" data-e-type=\"widget\" data-settings=\"{&quot;_animation&quot;:&quot;slideInUp&quot;}\" data-widget_type=\"heading.default\">\n\t\t\t\t<div class=\"elementor-widget-container\">\n\t\t\t\t\t<h3 class=\"elementor-heading-title elementor-size-default\">Vantaggi delle valvole a sfera (motorizzate) SKUPP<\/h3>\t\t\t\t<\/div>\n\t\t\t\t<\/div>\n\t\t\t\t<div class=\"elementor-element elementor-element-9ae6ab0 elementor-widget elementor-widget-text-editor\" data-id=\"9ae6ab0\" data-element_type=\"widget\" data-e-type=\"widget\" data-widget_type=\"text-editor.default\">\n\t\t\t\t<div class=\"elementor-widget-container\">\n\t\t\t\t\t\t\t\t\t<p style=\"text-align: left;\">Le nostre valvole a sfera sono progettate pensando alla qualit\u00e0 e alla durata, offrendo:<\/p><ul><li><strong>Alte prestazioni<\/strong>: Resistenti ad alta pressione e temperatura.<\/li><li><strong>Durata<\/strong>: Realizzate con materiali di alta qualit\u00e0 come l&#8217;acciaio inossidabile.<\/li><li><strong>Versatilit\u00e0<\/strong>: Adatte a un&#8217;ampia gamma di applicazioni, dal trattamento delle acque ai sistemi pneumatici.<\/li><li><strong>Precisione<\/strong>: Le versioni motorizzate forniscono un controllo accurato e sono facili da integrare nei sistemi automatizzati.<\/li><\/ul>\t\t\t\t\t\t\t\t<\/div>\n\t\t\t\t<\/div>\n\t\t\t\t<div class=\"elementor-element elementor-element-c1b8a6d elementor-widget elementor-widget-heading\" data-id=\"c1b8a6d\" data-element_type=\"widget\" data-e-type=\"widget\" data-widget_type=\"heading.default\">\n\t\t\t\t<div class=\"elementor-widget-container\">\n\t\t\t\t\t<h3 class=\"elementor-heading-title elementor-size-default\">Perch\u00e9 scegliere SKUPP?<\/h3>\t\t\t\t<\/div>\n\t\t\t\t<\/div>\n\t\t\t\t<div class=\"elementor-element elementor-element-896908b elementor-widget elementor-widget-text-editor\" data-id=\"896908b\" data-element_type=\"widget\" data-e-type=\"widget\" data-widget_type=\"text-editor.default\">\n\t\t\t\t<div class=\"elementor-widget-container\">\n\t\t\t\t\t\t\t\t\t<p>Scegliendo SKUPP, scegli un marchio che d\u00e0 priorit\u00e0 a qualit\u00e0, innovazione e affidabilit\u00e0. Abbiamo fissato standard elevati e continuiamo ad ampliare la nostra gamma per soddisfare le esigenze dei nostri clienti. <\/p>\t\t\t\t\t\t\t\t<\/div>\n\t\t\t\t<\/div>\n\t\t\t\t<\/div>\n\t\t<div class=\"elementor-element elementor-element-4d2710f e-con-full e-flex elementor-invisible e-con e-child\" data-id=\"4d2710f\" data-element_type=\"container\" data-e-type=\"container\" data-settings=\"{&quot;animation&quot;:&quot;slideInUp&quot;}\">\n\t\t\t\t<div class=\"elementor-element elementor-element-3b5b978 elementor-widget elementor-widget-heading\" data-id=\"3b5b978\" data-element_type=\"widget\" data-e-type=\"widget\" data-widget_type=\"heading.default\">\n\t\t\t\t<div class=\"elementor-widget-container\">\n\t\t\t\t\t<h3 class=\"elementor-heading-title elementor-size-default\">Per saperne di pi\u00f9<\/h3>\t\t\t\t<\/div>\n\t\t\t\t<\/div>\n\t\t\t\t<div class=\"elementor-element elementor-element-85224e1 elementor-widget elementor-widget-text-editor\" data-id=\"85224e1\" data-element_type=\"widget\" data-e-type=\"widget\" data-widget_type=\"text-editor.default\">\n\t\t\t\t<div class=\"elementor-widget-container\">\n\t\t\t\t\t\t\t\t\t<p style=\"text-align: left;\">Vuoi saperne di pi\u00f9 sulle nostre valvole a sfera elettriche? Consulta il catalogo SEB completo qui sotto o uno qualsiasi dei nostri altri prodotti. <\/p>\t\t\t\t\t\t\t\t<\/div>\n\t\t\t\t<\/div>\n\t\t\t\t<div class=\"elementor-element elementor-element-022a388 elementor-align-center elementor-widget elementor-widget-button\" data-id=\"022a388\" data-element_type=\"widget\" data-e-type=\"widget\" data-widget_type=\"button.default\">\n\t\t\t\t<div class=\"elementor-widget-container\">\n\t\t\t\t\t\t\t\t\t<div class=\"elementor-button-wrapper\">\n\t\t\t\t\t<a class=\"elementor-button elementor-button-link elementor-size-sm\" href=\"https:\/\/docs.pneumatiek.nl\/PDF\/Skupp\/SEB-Ball-valve-catalogue-def.pdf\">\n\t\t\t\t\t\t<span class=\"elementor-button-content-wrapper\">\n\t\t\t\t\t\t\t\t\t<span class=\"elementor-button-text\">Apri PDF<\/span>\n\t\t\t\t\t<\/span>\n\t\t\t\t\t<\/a>\n\t\t\t\t<\/div>\n\t\t\t\t\t\t\t\t<\/div>\n\t\t\t\t<\/div>\n\t\t\t\t<\/div>\n\t\t\t\t\t<\/div>\n\t\t\t\t<\/div>\n\t\t\t\t<\/div>\n\t\t","protected":false},"excerpt":{"rendered":"<p>SEB &#8211; Valvole a sfera elettriche Le valvole a sfera elettriche sono valvole di intercettazione azionate da un attuatore elettrico. Sono anche conosciute come valvole a sfera motorizzate e sono ampiamente utilizzate in applicazioni che richiedono un controllo affidabile e automatizzato del flusso di fluidi o gas. I settori pi\u00f9 comuni includono l&#8217;automazione industriale, la [&hellip;]<\/p>\n","protected":false},"author":2,"featured_media":0,"parent":2992,"menu_order":0,"comment_status":"open","ping_status":"closed","template":"elementor_header_footer","meta":{"footnotes":""},"class_list":["post-3229","page","type-page","status-publish","hentry"],"yoast_head":"<!-- This site is optimized with the Yoast SEO plugin v27.4 - https:\/\/yoast.com\/product\/yoast-seo-wordpress\/ -->\n<title>Valvole a sfera (motorizzate) - SKUPP<\/title>\n<meta name=\"description\" content=\"Le valvole a sfera (motorizzate) di SKUPP offrono un controllo del flusso efficiente e automatizzato per diverse applicazioni, garantendo precisione e affidabilit\u00e0 nei tuoi sistemi.\" \/>\n<meta name=\"robots\" content=\"index, follow, max-snippet:-1, max-image-preview:large, max-video-preview:-1\" \/>\n<link rel=\"canonical\" href=\"https:\/\/skupp.eu\/it\/la-nostra-gamma-di-prodotti\/valvole-a-sfera-motorizzate\/\" \/>\n<meta property=\"og:locale\" content=\"it_IT\" \/>\n<meta property=\"og:type\" content=\"article\" \/>\n<meta property=\"og:title\" content=\"Valvole a sfera (motorizzate) - SKUPP\" \/>\n<meta property=\"og:description\" content=\"Le valvole a sfera (motorizzate) di SKUPP offrono un controllo del flusso efficiente e automatizzato per diverse applicazioni, garantendo precisione e affidabilit\u00e0 nei tuoi sistemi.\" \/>\n<meta property=\"og:url\" content=\"https:\/\/skupp.eu\/it\/la-nostra-gamma-di-prodotti\/valvole-a-sfera-motorizzate\/\" \/>\n<meta property=\"og:site_name\" content=\"SKUPP\" \/>\n<meta property=\"article:modified_time\" content=\"2026-02-26T14:41:06+00:00\" \/>\n<meta name=\"twitter:card\" content=\"summary_large_image\" \/>\n<meta name=\"twitter:label1\" content=\"Tempo di lettura stimato\" \/>\n\t<meta name=\"twitter:data1\" content=\"2 minuti\" \/>\n<script type=\"application\/ld+json\" class=\"yoast-schema-graph\">{\"@context\":\"https:\\\/\\\/schema.org\",\"@graph\":[{\"@type\":\"WebPage\",\"@id\":\"https:\\\/\\\/skupp.eu\\\/it\\\/la-nostra-gamma-di-prodotti\\\/valvole-a-sfera-motorizzate\\\/\",\"url\":\"https:\\\/\\\/skupp.eu\\\/it\\\/la-nostra-gamma-di-prodotti\\\/valvole-a-sfera-motorizzate\\\/\",\"name\":\"Valvole a sfera (motorizzate) - SKUPP\",\"isPartOf\":{\"@id\":\"https:\\\/\\\/skupp.eu\\\/it\\\/#website\"},\"datePublished\":\"2024-12-03T06:55:20+00:00\",\"dateModified\":\"2026-02-26T14:41:06+00:00\",\"description\":\"Le valvole a sfera (motorizzate) di SKUPP offrono un controllo del flusso efficiente e automatizzato per diverse applicazioni, garantendo precisione e affidabilit\u00e0 nei tuoi sistemi.\",\"breadcrumb\":{\"@id\":\"https:\\\/\\\/skupp.eu\\\/it\\\/la-nostra-gamma-di-prodotti\\\/valvole-a-sfera-motorizzate\\\/#breadcrumb\"},\"inLanguage\":\"it-IT\",\"potentialAction\":[{\"@type\":\"ReadAction\",\"target\":[\"https:\\\/\\\/skupp.eu\\\/it\\\/la-nostra-gamma-di-prodotti\\\/valvole-a-sfera-motorizzate\\\/\"]}]},{\"@type\":\"BreadcrumbList\",\"@id\":\"https:\\\/\\\/skupp.eu\\\/it\\\/la-nostra-gamma-di-prodotti\\\/valvole-a-sfera-motorizzate\\\/#breadcrumb\",\"itemListElement\":[{\"@type\":\"ListItem\",\"position\":1,\"name\":\"Home\",\"item\":\"https:\\\/\\\/skupp.eu\\\/it\\\/home\\\/\"},{\"@type\":\"ListItem\",\"position\":2,\"name\":\"La nostra gamma di prodotti\",\"item\":\"https:\\\/\\\/skupp.eu\\\/it\\\/our-product-range\\\/\"},{\"@type\":\"ListItem\",\"position\":3,\"name\":\"Valvole a sfera (motorizzate)\"}]},{\"@type\":\"WebSite\",\"@id\":\"https:\\\/\\\/skupp.eu\\\/it\\\/#website\",\"url\":\"https:\\\/\\\/skupp.eu\\\/it\\\/\",\"name\":\"SKUPP\",\"description\":\"Stainless Steel Products\",\"publisher\":{\"@id\":\"https:\\\/\\\/skupp.eu\\\/it\\\/#organization\"},\"potentialAction\":[{\"@type\":\"SearchAction\",\"target\":{\"@type\":\"EntryPoint\",\"urlTemplate\":\"https:\\\/\\\/skupp.eu\\\/it\\\/?s={search_term_string}\"},\"query-input\":{\"@type\":\"PropertyValueSpecification\",\"valueRequired\":true,\"valueName\":\"search_term_string\"}}],\"inLanguage\":\"it-IT\"},{\"@type\":\"Organization\",\"@id\":\"https:\\\/\\\/skupp.eu\\\/it\\\/#organization\",\"name\":\"SKUPP\",\"url\":\"https:\\\/\\\/skupp.eu\\\/it\\\/\",\"logo\":{\"@type\":\"ImageObject\",\"inLanguage\":\"it-IT\",\"@id\":\"https:\\\/\\\/skupp.eu\\\/it\\\/#\\\/schema\\\/logo\\\/image\\\/\",\"url\":\"https:\\\/\\\/skupp.eu\\\/wp-content\\\/uploads\\\/2025\\\/05\\\/SKUPP-Logo-registered-trademark.png\",\"contentUrl\":\"https:\\\/\\\/skupp.eu\\\/wp-content\\\/uploads\\\/2025\\\/05\\\/SKUPP-Logo-registered-trademark.png\",\"width\":1200,\"height\":362,\"caption\":\"SKUPP\"},\"image\":{\"@id\":\"https:\\\/\\\/skupp.eu\\\/it\\\/#\\\/schema\\\/logo\\\/image\\\/\"}}]}<\/script>\n<!-- \/ Yoast SEO plugin. -->","yoast_head_json":{"title":"Valvole a sfera (motorizzate) - SKUPP","description":"Le valvole a sfera (motorizzate) di SKUPP offrono un controllo del flusso efficiente e automatizzato per diverse applicazioni, garantendo precisione e affidabilit\u00e0 nei tuoi sistemi.","robots":{"index":"index","follow":"follow","max-snippet":"max-snippet:-1","max-image-preview":"max-image-preview:large","max-video-preview":"max-video-preview:-1"},"canonical":"https:\/\/skupp.eu\/it\/la-nostra-gamma-di-prodotti\/valvole-a-sfera-motorizzate\/","og_locale":"it_IT","og_type":"article","og_title":"Valvole a sfera (motorizzate) - SKUPP","og_description":"Le valvole a sfera (motorizzate) di SKUPP offrono un controllo del flusso efficiente e automatizzato per diverse applicazioni, garantendo precisione e affidabilit\u00e0 nei tuoi sistemi.","og_url":"https:\/\/skupp.eu\/it\/la-nostra-gamma-di-prodotti\/valvole-a-sfera-motorizzate\/","og_site_name":"SKUPP","article_modified_time":"2026-02-26T14:41:06+00:00","twitter_card":"summary_large_image","twitter_misc":{"Tempo di lettura stimato":"2 minuti"},"schema":{"@context":"https:\/\/schema.org","@graph":[{"@type":"WebPage","@id":"https:\/\/skupp.eu\/it\/la-nostra-gamma-di-prodotti\/valvole-a-sfera-motorizzate\/","url":"https:\/\/skupp.eu\/it\/la-nostra-gamma-di-prodotti\/valvole-a-sfera-motorizzate\/","name":"Valvole a sfera (motorizzate) - SKUPP","isPartOf":{"@id":"https:\/\/skupp.eu\/it\/#website"},"datePublished":"2024-12-03T06:55:20+00:00","dateModified":"2026-02-26T14:41:06+00:00","description":"Le valvole a sfera (motorizzate) di SKUPP offrono un controllo del flusso efficiente e automatizzato per diverse applicazioni, garantendo precisione e affidabilit\u00e0 nei tuoi sistemi.","breadcrumb":{"@id":"https:\/\/skupp.eu\/it\/la-nostra-gamma-di-prodotti\/valvole-a-sfera-motorizzate\/#breadcrumb"},"inLanguage":"it-IT","potentialAction":[{"@type":"ReadAction","target":["https:\/\/skupp.eu\/it\/la-nostra-gamma-di-prodotti\/valvole-a-sfera-motorizzate\/"]}]},{"@type":"BreadcrumbList","@id":"https:\/\/skupp.eu\/it\/la-nostra-gamma-di-prodotti\/valvole-a-sfera-motorizzate\/#breadcrumb","itemListElement":[{"@type":"ListItem","position":1,"name":"Home","item":"https:\/\/skupp.eu\/it\/home\/"},{"@type":"ListItem","position":2,"name":"La nostra gamma di prodotti","item":"https:\/\/skupp.eu\/it\/our-product-range\/"},{"@type":"ListItem","position":3,"name":"Valvole a sfera (motorizzate)"}]},{"@type":"WebSite","@id":"https:\/\/skupp.eu\/it\/#website","url":"https:\/\/skupp.eu\/it\/","name":"SKUPP","description":"Stainless Steel Products","publisher":{"@id":"https:\/\/skupp.eu\/it\/#organization"},"potentialAction":[{"@type":"SearchAction","target":{"@type":"EntryPoint","urlTemplate":"https:\/\/skupp.eu\/it\/?s={search_term_string}"},"query-input":{"@type":"PropertyValueSpecification","valueRequired":true,"valueName":"search_term_string"}}],"inLanguage":"it-IT"},{"@type":"Organization","@id":"https:\/\/skupp.eu\/it\/#organization","name":"SKUPP","url":"https:\/\/skupp.eu\/it\/","logo":{"@type":"ImageObject","inLanguage":"it-IT","@id":"https:\/\/skupp.eu\/it\/#\/schema\/logo\/image\/","url":"https:\/\/skupp.eu\/wp-content\/uploads\/2025\/05\/SKUPP-Logo-registered-trademark.png","contentUrl":"https:\/\/skupp.eu\/wp-content\/uploads\/2025\/05\/SKUPP-Logo-registered-trademark.png","width":1200,"height":362,"caption":"SKUPP"},"image":{"@id":"https:\/\/skupp.eu\/it\/#\/schema\/logo\/image\/"}}]}},"_links":{"self":[{"href":"https:\/\/skupp.eu\/it\/wp-json\/wp\/v2\/pages\/3229","targetHints":{"allow":["GET"]}}],"collection":[{"href":"https:\/\/skupp.eu\/it\/wp-json\/wp\/v2\/pages"}],"about":[{"href":"https:\/\/skupp.eu\/it\/wp-json\/wp\/v2\/types\/page"}],"author":[{"embeddable":true,"href":"https:\/\/skupp.eu\/it\/wp-json\/wp\/v2\/users\/2"}],"replies":[{"embeddable":true,"href":"https:\/\/skupp.eu\/it\/wp-json\/wp\/v2\/comments?post=3229"}],"version-history":[{"count":3,"href":"https:\/\/skupp.eu\/it\/wp-json\/wp\/v2\/pages\/3229\/revisions"}],"predecessor-version":[{"id":3585,"href":"https:\/\/skupp.eu\/it\/wp-json\/wp\/v2\/pages\/3229\/revisions\/3585"}],"up":[{"embeddable":true,"href":"https:\/\/skupp.eu\/it\/wp-json\/wp\/v2\/pages\/2992"}],"wp:attachment":[{"href":"https:\/\/skupp.eu\/it\/wp-json\/wp\/v2\/media?parent=3229"}],"curies":[{"name":"wp","href":"https:\/\/api.w.org\/{rel}","templated":true}]}}