{"id":3246,"date":"2024-12-04T15:16:09","date_gmt":"2024-12-04T15:16:09","guid":{"rendered":"https:\/\/skupp.eu\/la-nostra-gamma-di-prodotti\/raccordi-skupp\/"},"modified":"2026-02-27T10:15:18","modified_gmt":"2026-02-27T10:15:18","slug":"raccordi-skupp","status":"publish","type":"page","link":"https:\/\/skupp.eu\/it\/la-nostra-gamma-di-prodotti\/raccordi-skupp\/","title":{"rendered":"Raccordi"},"content":{"rendered":"\t\t<div data-elementor-type=\"wp-post\" data-elementor-id=\"3246\" class=\"elementor elementor-3246 elementor-707\" data-elementor-post-type=\"page\">\n\t\t\t\t<div class=\"elementor-element elementor-element-105fb3c e-flex e-con-boxed e-con e-parent\" data-id=\"105fb3c\" data-element_type=\"container\" data-e-type=\"container\">\n\t\t\t\t\t<div class=\"e-con-inner\">\n\t\t\t\t<div class=\"elementor-element elementor-element-f8c025c elementor-widget elementor-widget-spacer\" data-id=\"f8c025c\" data-element_type=\"widget\" data-e-type=\"widget\" data-widget_type=\"spacer.default\">\n\t\t\t\t<div class=\"elementor-widget-container\">\n\t\t\t\t\t\t\t<div class=\"elementor-spacer\">\n\t\t\t<div class=\"elementor-spacer-inner\"><\/div>\n\t\t<\/div>\n\t\t\t\t\t\t<\/div>\n\t\t\t\t<\/div>\n\t\t\t\t<div class=\"elementor-element elementor-element-737ce7b elementor-widget elementor-widget-spacer\" data-id=\"737ce7b\" data-element_type=\"widget\" data-e-type=\"widget\" data-widget_type=\"spacer.default\">\n\t\t\t\t<div class=\"elementor-widget-container\">\n\t\t\t\t\t\t\t<div class=\"elementor-spacer\">\n\t\t\t<div class=\"elementor-spacer-inner\"><\/div>\n\t\t<\/div>\n\t\t\t\t\t\t<\/div>\n\t\t\t\t<\/div>\n\t\t\t\t\t<\/div>\n\t\t\t\t<\/div>\n\t\t<div class=\"elementor-element elementor-element-11fda43 e-flex e-con-boxed e-con e-parent\" data-id=\"11fda43\" data-element_type=\"container\" data-e-type=\"container\">\n\t\t\t\t\t<div class=\"e-con-inner\">\n\t\t\t\t<div class=\"elementor-element elementor-element-1b981e0 elementor-widget elementor-widget-heading\" data-id=\"1b981e0\" data-element_type=\"widget\" data-e-type=\"widget\" data-widget_type=\"heading.default\">\n\t\t\t\t<div class=\"elementor-widget-container\">\n\t\t\t\t\t<h2 class=\"elementor-heading-title elementor-size-default\">Raccordi SKUPP SC<\/h2>\t\t\t\t<\/div>\n\t\t\t\t<\/div>\n\t\t\t\t\t<\/div>\n\t\t\t\t<\/div>\n\t\t<div class=\"elementor-element elementor-element-e92897b e-flex e-con-boxed e-con e-parent\" data-id=\"e92897b\" data-element_type=\"container\" data-e-type=\"container\">\n\t\t\t\t\t<div class=\"e-con-inner\">\n\t\t<div class=\"elementor-element elementor-element-c6fea29 e-con-full e-flex e-con e-child\" data-id=\"c6fea29\" data-element_type=\"container\" data-e-type=\"container\">\n\t\t\t\t<div class=\"elementor-element elementor-element-5a36039 elementor-widget elementor-widget-heading\" data-id=\"5a36039\" data-element_type=\"widget\" data-e-type=\"widget\" data-widget_type=\"heading.default\">\n\t\t\t\t<div class=\"elementor-widget-container\">\n\t\t\t\t\t<h4 class=\"elementor-heading-title elementor-size-default\">SCI<\/h4>\t\t\t\t<\/div>\n\t\t\t\t<\/div>\n\t\t\t\t<div class=\"elementor-element elementor-element-e5f1dde elementor-widget elementor-widget-text-editor\" data-id=\"e5f1dde\" data-element_type=\"widget\" data-e-type=\"widget\" data-widget_type=\"text-editor.default\">\n\t\t\t\t<div class=\"elementor-widget-container\">\n\t\t\t\t\t\t\t\t\t<p style=\"text-align: center;\">La serie SCI \u00e8 la serie standard di raccordi SKUPP. Realizzata in ottone nichelato di alta qualit\u00e0, questa serie offre durata e resistenza alla corrosione. <\/p>\t\t\t\t\t\t\t\t<\/div>\n\t\t\t\t<\/div>\n\t\t\t\t<\/div>\n\t\t<div class=\"elementor-element elementor-element-9c40bd7 e-con-full e-flex e-con e-child\" data-id=\"9c40bd7\" data-element_type=\"container\" data-e-type=\"container\">\n\t\t\t\t<div class=\"elementor-element elementor-element-b3376b5 elementor-widget elementor-widget-heading\" data-id=\"b3376b5\" data-element_type=\"widget\" data-e-type=\"widget\" data-widget_type=\"heading.default\">\n\t\t\t\t<div class=\"elementor-widget-container\">\n\t\t\t\t\t<h4 class=\"elementor-heading-title elementor-size-default\">SCI-V<\/h4>\t\t\t\t<\/div>\n\t\t\t\t<\/div>\n\t\t\t\t<div class=\"elementor-element elementor-element-1283b83 elementor-widget elementor-widget-text-editor\" data-id=\"1283b83\" data-element_type=\"widget\" data-e-type=\"widget\" data-widget_type=\"text-editor.default\">\n\t\t\t\t<div class=\"elementor-widget-container\">\n\t\t\t\t\t\t\t\t\t<p style=\"text-align: center;\">La serie SCI Viton di SKUPP offre la stessa qualit\u00e0 affidabile dei raccordi SCI standard, ma con una guarnizione in Viton. Perfetta per applicazioni che richiedono elevate temperature e resistenza chimica. <\/p>\t\t\t\t\t\t\t\t<\/div>\n\t\t\t\t<\/div>\n\t\t\t\t<\/div>\n\t\t<div class=\"elementor-element elementor-element-8e964e6 e-con-full e-flex e-con e-child\" data-id=\"8e964e6\" data-element_type=\"container\" data-e-type=\"container\">\n\t\t\t\t<div class=\"elementor-element elementor-element-a9fc8b9 elementor-widget elementor-widget-heading\" data-id=\"a9fc8b9\" data-element_type=\"widget\" data-e-type=\"widget\" data-widget_type=\"heading.default\">\n\t\t\t\t<div class=\"elementor-widget-container\">\n\t\t\t\t\t<h4 class=\"elementor-heading-title elementor-size-default\">SCSS<\/h4>\t\t\t\t<\/div>\n\t\t\t\t<\/div>\n\t\t\t\t<div class=\"elementor-element elementor-element-26fb1e2 elementor-widget elementor-widget-text-editor\" data-id=\"26fb1e2\" data-element_type=\"widget\" data-e-type=\"widget\" data-widget_type=\"text-editor.default\">\n\t\t\t\t<div class=\"elementor-widget-container\">\n\t\t\t\t\t\t\t\t\t<p style=\"text-align: center;\">La serie SCSS di SKUPP \u00e8 composta da raccordi in acciaio inossidabile. Resistenti, anticorrosivi e adatti ad applicazioni impegnative in ambienti umidi, chimici o igienici. <\/p>\t\t\t\t\t\t\t\t<\/div>\n\t\t\t\t<\/div>\n\t\t\t\t<\/div>\n\t\t\t\t\t<\/div>\n\t\t\t\t<\/div>\n\t\t<div class=\"elementor-element elementor-element-672bbc8 e-flex e-con-boxed e-con e-parent\" data-id=\"672bbc8\" data-element_type=\"container\" data-e-type=\"container\">\n\t\t\t\t\t<div class=\"e-con-inner\">\n\t\t<div class=\"elementor-element elementor-element-b1df14e e-con-full e-flex e-con e-child\" data-id=\"b1df14e\" data-element_type=\"container\" data-e-type=\"container\">\n\t\t\t\t<div class=\"elementor-element elementor-element-df0199c elementor-widget elementor-widget-heading\" data-id=\"df0199c\" data-element_type=\"widget\" data-e-type=\"widget\" data-widget_type=\"heading.default\">\n\t\t\t\t<div class=\"elementor-widget-container\">\n\t\t\t\t\t<h5 class=\"elementor-heading-title elementor-size-default\">Raccordi di SKUPP \u2013 Connessioni affidabili per applicazioni ad aria compressa<\/h5>\t\t\t\t<\/div>\n\t\t\t\t<\/div>\n\t\t\t\t<div class=\"elementor-element elementor-element-bb50e1b elementor-widget elementor-widget-text-editor\" data-id=\"bb50e1b\" data-element_type=\"widget\" data-e-type=\"widget\" data-widget_type=\"text-editor.default\">\n\t\t\t\t<div class=\"elementor-widget-container\">\n\t\t\t\t\t\t\t\t\t<p>SKUPP offre una vasta gamma di accoppiamenti di alta qualit\u00e0 progettati per fornire connessioni sicure e a tenuta stagna in sistemi ad aria compressa e fluidi. I raccordi SKUPP sono costruiti per soddisfare le esigenze delle applicazioni industriali, garantendo durata, affidabilit\u00e0 e facilit\u00e0 d&#8217;uso. <\/p>\t\t\t\t\t\t\t\t<\/div>\n\t\t\t\t<\/div>\n\t\t\t\t<\/div>\n\t\t<div class=\"elementor-element elementor-element-a6d16b6 e-con-full e-flex e-con e-child\" data-id=\"a6d16b6\" data-element_type=\"container\" data-e-type=\"container\">\n\t\t\t\t<div class=\"elementor-element elementor-element-0aabcf8 elementor-widget elementor-widget-image\" data-id=\"0aabcf8\" data-element_type=\"widget\" data-e-type=\"widget\" data-widget_type=\"image.default\">\n\t\t\t\t<div class=\"elementor-widget-container\">\n\t\t\t\t\t\t\t\t\t\t\t\t\t\t\t<img decoding=\"async\" src=\"https:\/\/skupp.eu\/wp-content\/uploads\/elementor\/thumbs\/koppeling-qz9qjetg8874seao7io24nxryb9b0xofznicsqtoeo.jpg\" title=\"koppeling\" alt=\"koppeling\" loading=\"lazy\" \/>\t\t\t\t\t\t\t\t\t\t\t\t\t\t\t<\/div>\n\t\t\t\t<\/div>\n\t\t\t\t<div class=\"elementor-element elementor-element-bda35c8 elementor-align-center elementor-widget elementor-widget-button\" data-id=\"bda35c8\" data-element_type=\"widget\" data-e-type=\"widget\" data-widget_type=\"button.default\">\n\t\t\t\t<div class=\"elementor-widget-container\">\n\t\t\t\t\t\t\t\t\t<div class=\"elementor-button-wrapper\">\n\t\t\t\t\t<a class=\"elementor-button elementor-button-link elementor-size-sm\" href=\"https:\/\/docs.pneumatiek.nl\/PDF\/Skupp\/SCT-series-push-in-fittings.pdf\">\n\t\t\t\t\t\t<span class=\"elementor-button-content-wrapper\">\n\t\t\t\t\t\t\t\t\t<span class=\"elementor-button-text\">Apri PDF<\/span>\n\t\t\t\t\t<\/span>\n\t\t\t\t\t<\/a>\n\t\t\t\t<\/div>\n\t\t\t\t\t\t\t\t<\/div>\n\t\t\t\t<\/div>\n\t\t\t\t<\/div>\n\t\t\t\t\t<\/div>\n\t\t\t\t<\/div>\n\t\t<div class=\"elementor-element elementor-element-7ff3c51 e-flex e-con-boxed e-con e-parent\" data-id=\"7ff3c51\" data-element_type=\"container\" data-e-type=\"container\">\n\t\t\t\t\t<div class=\"e-con-inner\">\n\t\t\t\t<div class=\"elementor-element elementor-element-af201ce elementor-widget elementor-widget-heading\" data-id=\"af201ce\" data-element_type=\"widget\" data-e-type=\"widget\" data-widget_type=\"heading.default\">\n\t\t\t\t<div class=\"elementor-widget-container\">\n\t\t\t\t\t<h5 class=\"elementor-heading-title elementor-size-default\">Applicazioni<\/h5>\t\t\t\t<\/div>\n\t\t\t\t<\/div>\n\t\t\t\t<div class=\"elementor-element elementor-element-580c007 elementor-widget elementor-widget-text-editor\" data-id=\"580c007\" data-element_type=\"widget\" data-e-type=\"widget\" data-widget_type=\"text-editor.default\">\n\t\t\t\t<div class=\"elementor-widget-container\">\n\t\t\t\t\t\t\t\t\t<p>I raccordi SKUPP sono ideali per una variet\u00e0 di settori e sistemi, tra cui:<\/p><ul><li><strong>Sistemi ad aria compressa:<\/strong> Garantisce connessioni affidabili per utensili pneumatici e linee dell&#8217;aria.<\/li><li><strong style=\"background-color: transparent;\">Macchinari industriali:<\/strong><span style=\"background-color: transparent;\"> Fornisce connessioni sicure nelle apparecchiature di produzione e automazione.<\/span><\/li><li><strong>Sistemi di trasferimento fluidi:<\/strong> Adatto per applicazioni di trasferimento di acqua, olio e sostanze chimiche.<\/li><\/ul>\t\t\t\t\t\t\t\t<\/div>\n\t\t\t\t<\/div>\n\t\t\t\t<div class=\"elementor-element elementor-element-2d3210b elementor-widget elementor-widget-heading\" data-id=\"2d3210b\" data-element_type=\"widget\" data-e-type=\"widget\" data-widget_type=\"heading.default\">\n\t\t\t\t<div class=\"elementor-widget-container\">\n\t\t\t\t\t<h5 class=\"elementor-heading-title elementor-size-default\">Caratteristiche principali<\/h5>\t\t\t\t<\/div>\n\t\t\t\t<\/div>\n\t\t\t\t<div class=\"elementor-element elementor-element-5ee8439 elementor-widget elementor-widget-text-editor\" data-id=\"5ee8439\" data-element_type=\"widget\" data-e-type=\"widget\" data-widget_type=\"text-editor.default\">\n\t\t\t\t<div class=\"elementor-widget-container\">\n\t\t\t\t\t\t\t\t\t<ul><li><strong>Gestione ad alta pressione:<\/strong> Progettato per funzionare in condizioni di alta pressione, garantendo un funzionamento sicuro e affidabile.<\/li><li><strong>Ampio intervallo di temperature:<\/strong> Adatto per ambienti estremamente caldi o freddi, a seconda del tipo di accoppiamento.<\/li><li><strong>Tipi multipli disponibili:<\/strong> Inclusi accoppiamenti diritti, a gomito, a T e girevoli per un&#8217;integrazione flessibile del sistema.<\/li><li><strong>Soluzioni personalizzabili:<\/strong> Opzioni per diversi materiali e dimensioni per soddisfare applicazioni specifiche.<\/li><\/ul>\t\t\t\t\t\t\t\t<\/div>\n\t\t\t\t<\/div>\n\t\t\t\t<div class=\"elementor-element elementor-element-577b6b6 elementor-widget elementor-widget-heading\" data-id=\"577b6b6\" data-element_type=\"widget\" data-e-type=\"widget\" data-widget_type=\"heading.default\">\n\t\t\t\t<div class=\"elementor-widget-container\">\n\t\t\t\t\t<h5 class=\"elementor-heading-title elementor-size-default\">Perch\u00e9 i raccordi SKUPP si distinguono<\/h5>\t\t\t\t<\/div>\n\t\t\t\t<\/div>\n\t\t\t\t<div class=\"elementor-element elementor-element-38741d2 elementor-widget elementor-widget-text-editor\" data-id=\"38741d2\" data-element_type=\"widget\" data-e-type=\"widget\" data-widget_type=\"text-editor.default\">\n\t\t\t\t<div class=\"elementor-widget-container\">\n\t\t\t\t\t\t\t\t\t<p>In SKUPP, diamo la priorit\u00e0 alla qualit\u00e0 e alle prestazioni. I nostri accoppiamenti sono sottoposti a test rigorosi per garantire che soddisfino gli elevati standard del settore in termini di sicurezza e affidabilit\u00e0. Che tu abbia bisogno di accoppiamenti per aria compressa, sistemi idraulici o trasferimento di fluidi, SKUPP fornisce la soluzione ideale su misura per le tue esigenze.  <\/p>\t\t\t\t\t\t\t\t<\/div>\n\t\t\t\t<\/div>\n\t\t\t\t<div class=\"elementor-element elementor-element-f07a1c9 elementor-widget elementor-widget-heading\" data-id=\"f07a1c9\" data-element_type=\"widget\" data-e-type=\"widget\" data-widget_type=\"heading.default\">\n\t\t\t\t<div class=\"elementor-widget-container\">\n\t\t\t\t\t<h5 class=\"elementor-heading-title elementor-size-default\">Collabora con SKUPP<\/h5>\t\t\t\t<\/div>\n\t\t\t\t<\/div>\n\t\t\t\t<div class=\"elementor-element elementor-element-985d0e9 elementor-widget elementor-widget-text-editor\" data-id=\"985d0e9\" data-element_type=\"widget\" data-e-type=\"widget\" data-widget_type=\"text-editor.default\">\n\t\t\t\t<div class=\"elementor-widget-container\">\n\t\t\t\t\t\t\t\t\t<ul><li><strong>Costruzione durevole:<\/strong> Prodotto utilizzando materiali di alta qualit\u00e0 come ottone, acciaio inossidabile e compositi rinforzati per prestazioni di lunga durata.<\/li><li><strong>Disponibilit\u00e0:<\/strong> Crediamo che, oltre all&#8217;affidabilit\u00e0, la disponibilit\u00e0 sia una delle caratteristiche pi\u00f9 importanti di un prodotto.<\/li><li><strong>Connessione facile e veloce:<\/strong> Molti accoppiamenti SKUPP sono dotati di design a connessione rapida per un montaggio e smontaggio rapidi e senza problemi.<\/li><li><strong>Compatibilit\u00e0 versatile:<\/strong> Disponibile in varie dimensioni, tipi di filettatura (BSP, NPT) e configurazioni per adattarsi alle diverse esigenze del sistema.<\/li><\/ul>\t\t\t\t\t\t\t\t<\/div>\n\t\t\t\t<\/div>\n\t\t\t\t<div class=\"elementor-element elementor-element-de99f94 elementor-widget elementor-widget-text-editor\" data-id=\"de99f94\" data-element_type=\"widget\" data-e-type=\"widget\" data-widget_type=\"text-editor.default\">\n\t\t\t\t<div class=\"elementor-widget-container\">\n\t\t\t\t\t\t\t\t\t<p>Migliora le prestazioni e l&#8217;affidabilit\u00e0 del tuo sistema con i raccordi SKUPP. Contattaci oggi stesso per maggiori informazioni o per effettuare il tuo ordine. I nostri esperti sono qui per aiutarti a trovare la soluzione perfetta per la tua applicazione.  <\/p>\t\t\t\t\t\t\t\t<\/div>\n\t\t\t\t<\/div>\n\t\t\t\t\t<\/div>\n\t\t\t\t<\/div>\n\t\t\t\t<\/div>\n\t\t","protected":false},"excerpt":{"rendered":"<p>Raccordi SKUPP SC SCI La serie SCI \u00e8 la serie standard di raccordi SKUPP. Realizzata in ottone nichelato di alta qualit\u00e0, questa serie offre durata e resistenza alla corrosione. SCI-V La serie SCI Viton di SKUPP offre la stessa qualit\u00e0 affidabile dei raccordi SCI standard, ma con una guarnizione in Viton. Perfetta per applicazioni che [&hellip;]<\/p>\n","protected":false},"author":2,"featured_media":2997,"parent":2992,"menu_order":0,"comment_status":"open","ping_status":"closed","template":"elementor_header_footer","meta":{"footnotes":""},"class_list":["post-3246","page","type-page","status-publish","has-post-thumbnail","hentry"],"yoast_head":"<!-- This site is optimized with the Yoast SEO plugin v27.4 - https:\/\/yoast.com\/product\/yoast-seo-wordpress\/ -->\n<title>Raccordi - SKUPP<\/title>\n<meta name=\"description\" content=\"Esplora gli accoppiamenti di alta qualit\u00e0 di SKUPP, progettati per connessioni sicure e prestazioni affidabili nelle applicazioni pneumatiche.\" \/>\n<meta name=\"robots\" content=\"index, follow, max-snippet:-1, max-image-preview:large, max-video-preview:-1\" \/>\n<link rel=\"canonical\" href=\"https:\/\/skupp.eu\/it\/la-nostra-gamma-di-prodotti\/raccordi-skupp\/\" \/>\n<meta property=\"og:locale\" content=\"it_IT\" \/>\n<meta property=\"og:type\" content=\"article\" \/>\n<meta property=\"og:title\" content=\"Raccordi - SKUPP\" \/>\n<meta property=\"og:description\" content=\"Esplora gli accoppiamenti di alta qualit\u00e0 di SKUPP, progettati per connessioni sicure e prestazioni affidabili nelle applicazioni pneumatiche.\" \/>\n<meta property=\"og:url\" content=\"https:\/\/skupp.eu\/it\/la-nostra-gamma-di-prodotti\/raccordi-skupp\/\" \/>\n<meta property=\"og:site_name\" content=\"SKUPP\" \/>\n<meta property=\"article:modified_time\" content=\"2026-02-27T10:15:18+00:00\" \/>\n<meta property=\"og:image\" content=\"https:\/\/skupp.eu\/wp-content\/uploads\/2025\/03\/cws_2-1.jpg\" \/>\n\t<meta property=\"og:image:width\" content=\"2190\" \/>\n\t<meta property=\"og:image:height\" content=\"1460\" \/>\n\t<meta property=\"og:image:type\" content=\"image\/jpeg\" \/>\n<meta name=\"twitter:card\" content=\"summary_large_image\" \/>\n<meta name=\"twitter:label1\" content=\"Tempo di lettura stimato\" \/>\n\t<meta name=\"twitter:data1\" content=\"2 minuti\" \/>\n<script type=\"application\/ld+json\" class=\"yoast-schema-graph\">{\"@context\":\"https:\\\/\\\/schema.org\",\"@graph\":[{\"@type\":\"WebPage\",\"@id\":\"https:\\\/\\\/skupp.eu\\\/it\\\/la-nostra-gamma-di-prodotti\\\/raccordi-skupp\\\/\",\"url\":\"https:\\\/\\\/skupp.eu\\\/it\\\/la-nostra-gamma-di-prodotti\\\/raccordi-skupp\\\/\",\"name\":\"Raccordi - SKUPP\",\"isPartOf\":{\"@id\":\"https:\\\/\\\/skupp.eu\\\/it\\\/#website\"},\"primaryImageOfPage\":{\"@id\":\"https:\\\/\\\/skupp.eu\\\/it\\\/la-nostra-gamma-di-prodotti\\\/raccordi-skupp\\\/#primaryimage\"},\"image\":{\"@id\":\"https:\\\/\\\/skupp.eu\\\/it\\\/la-nostra-gamma-di-prodotti\\\/raccordi-skupp\\\/#primaryimage\"},\"thumbnailUrl\":\"https:\\\/\\\/skupp.eu\\\/wp-content\\\/uploads\\\/2025\\\/03\\\/cws_2-1.jpg\",\"datePublished\":\"2024-12-04T15:16:09+00:00\",\"dateModified\":\"2026-02-27T10:15:18+00:00\",\"description\":\"Esplora gli accoppiamenti di alta qualit\u00e0 di SKUPP, progettati per connessioni sicure e prestazioni affidabili nelle applicazioni pneumatiche.\",\"breadcrumb\":{\"@id\":\"https:\\\/\\\/skupp.eu\\\/it\\\/la-nostra-gamma-di-prodotti\\\/raccordi-skupp\\\/#breadcrumb\"},\"inLanguage\":\"it-IT\",\"potentialAction\":[{\"@type\":\"ReadAction\",\"target\":[\"https:\\\/\\\/skupp.eu\\\/it\\\/la-nostra-gamma-di-prodotti\\\/raccordi-skupp\\\/\"]}]},{\"@type\":\"ImageObject\",\"inLanguage\":\"it-IT\",\"@id\":\"https:\\\/\\\/skupp.eu\\\/it\\\/la-nostra-gamma-di-prodotti\\\/raccordi-skupp\\\/#primaryimage\",\"url\":\"https:\\\/\\\/skupp.eu\\\/wp-content\\\/uploads\\\/2025\\\/03\\\/cws_2-1.jpg\",\"contentUrl\":\"https:\\\/\\\/skupp.eu\\\/wp-content\\\/uploads\\\/2025\\\/03\\\/cws_2-1.jpg\",\"width\":2190,\"height\":1460},{\"@type\":\"BreadcrumbList\",\"@id\":\"https:\\\/\\\/skupp.eu\\\/it\\\/la-nostra-gamma-di-prodotti\\\/raccordi-skupp\\\/#breadcrumb\",\"itemListElement\":[{\"@type\":\"ListItem\",\"position\":1,\"name\":\"Home\",\"item\":\"https:\\\/\\\/skupp.eu\\\/it\\\/home\\\/\"},{\"@type\":\"ListItem\",\"position\":2,\"name\":\"La nostra gamma di prodotti\",\"item\":\"https:\\\/\\\/skupp.eu\\\/it\\\/our-product-range\\\/\"},{\"@type\":\"ListItem\",\"position\":3,\"name\":\"Raccordi\"}]},{\"@type\":\"WebSite\",\"@id\":\"https:\\\/\\\/skupp.eu\\\/it\\\/#website\",\"url\":\"https:\\\/\\\/skupp.eu\\\/it\\\/\",\"name\":\"SKUPP\",\"description\":\"Stainless Steel Products\",\"publisher\":{\"@id\":\"https:\\\/\\\/skupp.eu\\\/it\\\/#organization\"},\"potentialAction\":[{\"@type\":\"SearchAction\",\"target\":{\"@type\":\"EntryPoint\",\"urlTemplate\":\"https:\\\/\\\/skupp.eu\\\/it\\\/?s={search_term_string}\"},\"query-input\":{\"@type\":\"PropertyValueSpecification\",\"valueRequired\":true,\"valueName\":\"search_term_string\"}}],\"inLanguage\":\"it-IT\"},{\"@type\":\"Organization\",\"@id\":\"https:\\\/\\\/skupp.eu\\\/it\\\/#organization\",\"name\":\"SKUPP\",\"url\":\"https:\\\/\\\/skupp.eu\\\/it\\\/\",\"logo\":{\"@type\":\"ImageObject\",\"inLanguage\":\"it-IT\",\"@id\":\"https:\\\/\\\/skupp.eu\\\/it\\\/#\\\/schema\\\/logo\\\/image\\\/\",\"url\":\"https:\\\/\\\/skupp.eu\\\/wp-content\\\/uploads\\\/2025\\\/05\\\/SKUPP-Logo-registered-trademark.png\",\"contentUrl\":\"https:\\\/\\\/skupp.eu\\\/wp-content\\\/uploads\\\/2025\\\/05\\\/SKUPP-Logo-registered-trademark.png\",\"width\":1200,\"height\":362,\"caption\":\"SKUPP\"},\"image\":{\"@id\":\"https:\\\/\\\/skupp.eu\\\/it\\\/#\\\/schema\\\/logo\\\/image\\\/\"}}]}<\/script>\n<!-- \/ Yoast SEO plugin. -->","yoast_head_json":{"title":"Raccordi - SKUPP","description":"Esplora gli accoppiamenti di alta qualit\u00e0 di SKUPP, progettati per connessioni sicure e prestazioni affidabili nelle applicazioni pneumatiche.","robots":{"index":"index","follow":"follow","max-snippet":"max-snippet:-1","max-image-preview":"max-image-preview:large","max-video-preview":"max-video-preview:-1"},"canonical":"https:\/\/skupp.eu\/it\/la-nostra-gamma-di-prodotti\/raccordi-skupp\/","og_locale":"it_IT","og_type":"article","og_title":"Raccordi - SKUPP","og_description":"Esplora gli accoppiamenti di alta qualit\u00e0 di SKUPP, progettati per connessioni sicure e prestazioni affidabili nelle applicazioni pneumatiche.","og_url":"https:\/\/skupp.eu\/it\/la-nostra-gamma-di-prodotti\/raccordi-skupp\/","og_site_name":"SKUPP","article_modified_time":"2026-02-27T10:15:18+00:00","og_image":[{"width":2190,"height":1460,"url":"https:\/\/skupp.eu\/wp-content\/uploads\/2025\/03\/cws_2-1.jpg","type":"image\/jpeg"}],"twitter_card":"summary_large_image","twitter_misc":{"Tempo di lettura stimato":"2 minuti"},"schema":{"@context":"https:\/\/schema.org","@graph":[{"@type":"WebPage","@id":"https:\/\/skupp.eu\/it\/la-nostra-gamma-di-prodotti\/raccordi-skupp\/","url":"https:\/\/skupp.eu\/it\/la-nostra-gamma-di-prodotti\/raccordi-skupp\/","name":"Raccordi - SKUPP","isPartOf":{"@id":"https:\/\/skupp.eu\/it\/#website"},"primaryImageOfPage":{"@id":"https:\/\/skupp.eu\/it\/la-nostra-gamma-di-prodotti\/raccordi-skupp\/#primaryimage"},"image":{"@id":"https:\/\/skupp.eu\/it\/la-nostra-gamma-di-prodotti\/raccordi-skupp\/#primaryimage"},"thumbnailUrl":"https:\/\/skupp.eu\/wp-content\/uploads\/2025\/03\/cws_2-1.jpg","datePublished":"2024-12-04T15:16:09+00:00","dateModified":"2026-02-27T10:15:18+00:00","description":"Esplora gli accoppiamenti di alta qualit\u00e0 di SKUPP, progettati per connessioni sicure e prestazioni affidabili nelle applicazioni pneumatiche.","breadcrumb":{"@id":"https:\/\/skupp.eu\/it\/la-nostra-gamma-di-prodotti\/raccordi-skupp\/#breadcrumb"},"inLanguage":"it-IT","potentialAction":[{"@type":"ReadAction","target":["https:\/\/skupp.eu\/it\/la-nostra-gamma-di-prodotti\/raccordi-skupp\/"]}]},{"@type":"ImageObject","inLanguage":"it-IT","@id":"https:\/\/skupp.eu\/it\/la-nostra-gamma-di-prodotti\/raccordi-skupp\/#primaryimage","url":"https:\/\/skupp.eu\/wp-content\/uploads\/2025\/03\/cws_2-1.jpg","contentUrl":"https:\/\/skupp.eu\/wp-content\/uploads\/2025\/03\/cws_2-1.jpg","width":2190,"height":1460},{"@type":"BreadcrumbList","@id":"https:\/\/skupp.eu\/it\/la-nostra-gamma-di-prodotti\/raccordi-skupp\/#breadcrumb","itemListElement":[{"@type":"ListItem","position":1,"name":"Home","item":"https:\/\/skupp.eu\/it\/home\/"},{"@type":"ListItem","position":2,"name":"La nostra gamma di prodotti","item":"https:\/\/skupp.eu\/it\/our-product-range\/"},{"@type":"ListItem","position":3,"name":"Raccordi"}]},{"@type":"WebSite","@id":"https:\/\/skupp.eu\/it\/#website","url":"https:\/\/skupp.eu\/it\/","name":"SKUPP","description":"Stainless Steel Products","publisher":{"@id":"https:\/\/skupp.eu\/it\/#organization"},"potentialAction":[{"@type":"SearchAction","target":{"@type":"EntryPoint","urlTemplate":"https:\/\/skupp.eu\/it\/?s={search_term_string}"},"query-input":{"@type":"PropertyValueSpecification","valueRequired":true,"valueName":"search_term_string"}}],"inLanguage":"it-IT"},{"@type":"Organization","@id":"https:\/\/skupp.eu\/it\/#organization","name":"SKUPP","url":"https:\/\/skupp.eu\/it\/","logo":{"@type":"ImageObject","inLanguage":"it-IT","@id":"https:\/\/skupp.eu\/it\/#\/schema\/logo\/image\/","url":"https:\/\/skupp.eu\/wp-content\/uploads\/2025\/05\/SKUPP-Logo-registered-trademark.png","contentUrl":"https:\/\/skupp.eu\/wp-content\/uploads\/2025\/05\/SKUPP-Logo-registered-trademark.png","width":1200,"height":362,"caption":"SKUPP"},"image":{"@id":"https:\/\/skupp.eu\/it\/#\/schema\/logo\/image\/"}}]}},"_links":{"self":[{"href":"https:\/\/skupp.eu\/it\/wp-json\/wp\/v2\/pages\/3246","targetHints":{"allow":["GET"]}}],"collection":[{"href":"https:\/\/skupp.eu\/it\/wp-json\/wp\/v2\/pages"}],"about":[{"href":"https:\/\/skupp.eu\/it\/wp-json\/wp\/v2\/types\/page"}],"author":[{"embeddable":true,"href":"https:\/\/skupp.eu\/it\/wp-json\/wp\/v2\/users\/2"}],"replies":[{"embeddable":true,"href":"https:\/\/skupp.eu\/it\/wp-json\/wp\/v2\/comments?post=3246"}],"version-history":[{"count":4,"href":"https:\/\/skupp.eu\/it\/wp-json\/wp\/v2\/pages\/3246\/revisions"}],"predecessor-version":[{"id":3602,"href":"https:\/\/skupp.eu\/it\/wp-json\/wp\/v2\/pages\/3246\/revisions\/3602"}],"up":[{"embeddable":true,"href":"https:\/\/skupp.eu\/it\/wp-json\/wp\/v2\/pages\/2992"}],"wp:featuredmedia":[{"embeddable":true,"href":"https:\/\/skupp.eu\/it\/wp-json\/wp\/v2\/media\/2997"}],"wp:attachment":[{"href":"https:\/\/skupp.eu\/it\/wp-json\/wp\/v2\/media?parent=3246"}],"curies":[{"name":"wp","href":"https:\/\/api.w.org\/{rel}","templated":true}]}}