{"id":3250,"date":"2024-12-19T14:46:15","date_gmt":"2024-12-19T14:46:15","guid":{"rendered":"https:\/\/skupp.eu\/diventa-un-distributore-ufficiale\/"},"modified":"2026-01-21T10:33:05","modified_gmt":"2026-01-21T10:33:05","slug":"diventa-un-distributore-ufficiale","status":"publish","type":"page","link":"https:\/\/skupp.eu\/it\/diventa-un-distributore-ufficiale\/","title":{"rendered":"Diventa un distributore ufficiale"},"content":{"rendered":"\t\t<div data-elementor-type=\"wp-page\" data-elementor-id=\"3250\" class=\"elementor elementor-3250 elementor-899\" data-elementor-post-type=\"page\">\n\t\t\t\t<div class=\"elementor-element elementor-element-a40129c e-flex e-con-boxed e-con e-parent\" data-id=\"a40129c\" data-element_type=\"container\" data-e-type=\"container\">\n\t\t\t\t\t<div class=\"e-con-inner\">\n\t\t\t\t<div class=\"elementor-element elementor-element-dc1e333 elementor-widget elementor-widget-spacer\" data-id=\"dc1e333\" data-element_type=\"widget\" data-e-type=\"widget\" data-widget_type=\"spacer.default\">\n\t\t\t\t<div class=\"elementor-widget-container\">\n\t\t\t\t\t\t\t<div class=\"elementor-spacer\">\n\t\t\t<div class=\"elementor-spacer-inner\"><\/div>\n\t\t<\/div>\n\t\t\t\t\t\t<\/div>\n\t\t\t\t<\/div>\n\t\t\t\t<div class=\"elementor-element elementor-element-610a3c8 elementor-widget elementor-widget-heading\" data-id=\"610a3c8\" data-element_type=\"widget\" data-e-type=\"widget\" data-widget_type=\"heading.default\">\n\t\t\t\t<div class=\"elementor-widget-container\">\n\t\t\t\t\t<h2 class=\"elementor-heading-title elementor-size-default\">Diventa un distributore ufficiale<\/h2>\t\t\t\t<\/div>\n\t\t\t\t<\/div>\n\t\t\t\t<div class=\"elementor-element elementor-element-e410043 elementor-widget elementor-widget-text-editor\" data-id=\"e410043\" data-element_type=\"widget\" data-e-type=\"widget\" data-widget_type=\"text-editor.default\">\n\t\t\t\t<div class=\"elementor-widget-container\">\n\t\t\t\t\t\t\t\t\t<p>Sei pronto a far crescere la tua attivit\u00e0 con un nuovo marchio innovativo nel settore dell&#8217;aria compressa? SKUPP \u00e8 alla ricerca di partner ambiziosi per espandere la nostra rete di distribuzione in tutta Europa e oltre. <\/p><h3>Perch\u00e9 collaborare con SKUPP?<\/h3><p>In quanto marchio nuovo e in rapida crescita, SKUPP offre:<\/p><ul><li><strong>Prodotti di alta qualit\u00e0<\/strong>: la nostra gamma comprende serbatoi per aria compressa, tubi flessibili per aria, raccordi in acciaio inossidabile, valvole a sfera motorizzate, cilindri, valvole CWS e giunti, progettati per prestazioni e affidabilit\u00e0.<\/li><li><strong>Opportunit\u00e0 esclusive<\/strong>: entra a far parte di un marchio promettente fin dall&#8217;inizio, con accesso a prezzi competitivi, supporto marketing e competenze tecniche.<\/li><li><strong>Potenziale di crescita<\/strong>: rappresenta un marchio fortemente orientato alla qualit\u00e0, all&#8217;innovazione e alla costruzione di relazioni durature con i distributori.<\/li><\/ul><h3>Distributori attuali<\/h3><p>SKUPP \u00e8 orgogliosa di aver gi\u00e0 collaborato con un distributore ufficiale:<br><strong style=\"background-color: transparent; color: var( --e-global-color-text ); font-family: var( --e-global-typography-text-font-family ), Sans-serif; text-align: var(--text-align);\">Paesi Bassi<\/strong><span style=\"background-color: transparent; color: var( --e-global-color-text ); font-family: var( --e-global-typography-text-font-family ), Sans-serif; font-weight: var( --e-global-typography-text-font-weight ); text-align: var(--text-align);\">: ICH BV<\/span><\/p><p><span style=\"color: var( --e-global-color-text ); font-family: var( --e-global-typography-text-font-family ), Sans-serif; font-size: 1rem; font-weight: var( --e-global-typography-text-font-weight ); text-align: var(--text-align);\">Siamo ora attivamente alla ricerca di nuovi partner di distribuzione per portare SKUPP in altre regioni e costruire una forte presenza globale.<\/span><\/p><h3>Entra a far parte della famiglia SKUPP<\/h3><p>Diventando un distributore SKUPP, svolgerai un ruolo chiave nello stabilire e far crescere un marchio che \u00e8 sinonimo di qualit\u00e0 e innovazione.<\/p><p><strong>Interessato?<\/strong><br>Compila il modulo sottostante per esprimere il tuo interesse a diventare un distributore ufficiale SKUPP. Il nostro team esaminer\u00e0 la tua domanda e ti contatter\u00e0 per discutere le opportunit\u00e0 nella tua regione. <\/p><p>Cresci con SKUPP. Costruiamo insieme il successo!  <\/p>\t\t\t\t\t\t\t\t<\/div>\n\t\t\t\t<\/div>\n\t\t\t\t\t<\/div>\n\t\t\t\t<\/div>\n\t\t<div class=\"elementor-element elementor-element-28af418 e-flex e-con-boxed e-con e-parent\" data-id=\"28af418\" data-element_type=\"container\" data-e-type=\"container\">\n\t\t\t\t\t<div class=\"e-con-inner\">\n\t\t\t\t<div class=\"elementor-element elementor-element-26d044c elementor-button-align-stretch elementor-widget elementor-widget-form\" data-id=\"26d044c\" data-element_type=\"widget\" data-e-type=\"widget\" data-settings=\"{&quot;step_next_label&quot;:&quot;Succ&quot;,&quot;step_previous_label&quot;:&quot;Precedente&quot;,&quot;button_width&quot;:&quot;100&quot;,&quot;step_type&quot;:&quot;number_text&quot;,&quot;step_icon_shape&quot;:&quot;circle&quot;}\" data-widget_type=\"form.default\">\n\t\t\t\t<div class=\"elementor-widget-container\">\n\t\t\t\t\t\t\t<form class=\"elementor-form\" method=\"post\" name=\"Diventa un distributore\" aria-label=\"Diventa un distributore\">\n\t\t\t<input type=\"hidden\" name=\"post_id\" value=\"3250\"\/>\n\t\t\t<input type=\"hidden\" name=\"form_id\" value=\"26d044c\"\/>\n\t\t\t<input type=\"hidden\" name=\"referer_title\" value=\"Diventa un distributore ufficiale - SKUPP\" \/>\n\n\t\t\t\t\t\t\t<input type=\"hidden\" name=\"queried_id\" value=\"3250\"\/>\n\t\t\t\n\t\t\t<div class=\"elementor-form-fields-wrapper elementor-labels-above\">\n\t\t\t\t\t\t\t\t<div class=\"elementor-field-type-text elementor-field-group elementor-column elementor-field-group-name elementor-col-100\">\n\t\t\t\t\t\t\t\t\t\t\t\t<label for=\"form-field-name\" class=\"elementor-field-label\">\n\t\t\t\t\t\t\t\tNome dell'azienda\t\t\t\t\t\t\t<\/label>\n\t\t\t\t\t\t\t\t\t\t\t\t\t\t<input size=\"1\" type=\"text\" name=\"form_fields[name]\" id=\"form-field-name\" class=\"elementor-field elementor-size-sm  elementor-field-textual\" placeholder=\"Nome dell&#039;azienda\">\n\t\t\t\t\t\t\t\t\t\t\t<\/div>\n\t\t\t\t\t\t\t\t<div class=\"elementor-field-type-text elementor-field-group elementor-column elementor-field-group-field_fd2afb7 elementor-col-100\">\n\t\t\t\t\t\t\t\t\t\t\t\t<label for=\"form-field-field_fd2afb7\" class=\"elementor-field-label\">\n\t\t\t\t\t\t\t\tNome\t\t\t\t\t\t\t<\/label>\n\t\t\t\t\t\t\t\t\t\t\t\t\t\t<input size=\"1\" type=\"text\" name=\"form_fields[field_fd2afb7]\" id=\"form-field-field_fd2afb7\" class=\"elementor-field elementor-size-sm  elementor-field-textual\" placeholder=\"Il tuo nome\">\n\t\t\t\t\t\t\t\t\t\t\t<\/div>\n\t\t\t\t\t\t\t\t<div class=\"elementor-field-type-email elementor-field-group elementor-column elementor-field-group-email elementor-col-100 elementor-field-required\">\n\t\t\t\t\t\t\t\t\t\t\t\t<label for=\"form-field-email\" class=\"elementor-field-label\">\n\t\t\t\t\t\t\t\tEmail\t\t\t\t\t\t\t<\/label>\n\t\t\t\t\t\t\t\t\t\t\t\t\t\t<input size=\"1\" type=\"email\" name=\"form_fields[email]\" id=\"form-field-email\" class=\"elementor-field elementor-size-sm  elementor-field-textual\" placeholder=\"Email\" required=\"required\">\n\t\t\t\t\t\t\t\t\t\t\t<\/div>\n\t\t\t\t\t\t\t\t<div class=\"elementor-field-type-textarea elementor-field-group elementor-column elementor-field-group-message elementor-col-100\">\n\t\t\t\t\t<textarea class=\"elementor-field-textual elementor-field  elementor-size-sm\" name=\"form_fields[message]\" id=\"form-field-message\" rows=\"4\" placeholder=\"Messaggio\"><\/textarea>\t\t\t\t<\/div>\n\t\t\t\t\t\t\t\t<div class=\"elementor-field-group elementor-column elementor-field-type-submit elementor-col-100 e-form__buttons\">\n\t\t\t\t\t<button class=\"elementor-button elementor-size-sm\" type=\"submit\">\n\t\t\t\t\t\t<span class=\"elementor-button-content-wrapper\">\n\t\t\t\t\t\t\t\t\t\t\t\t\t\t\t\t\t\t\t\t\t\t<span class=\"elementor-button-text\">Invia<\/span>\n\t\t\t\t\t\t\t\t\t\t\t\t\t<\/span>\n\t\t\t\t\t<\/button>\n\t\t\t\t<\/div>\n\t\t\t<\/div>\n\t\t<\/form>\n\t\t\t\t\t\t<\/div>\n\t\t\t\t<\/div>\n\t\t\t\t\t<\/div>\n\t\t\t\t<\/div>\n\t\t\t\t<\/div>\n\t\t","protected":false},"excerpt":{"rendered":"<p>Diventa un distributore ufficiale Sei pronto a far crescere la tua attivit\u00e0 con un nuovo marchio innovativo nel settore dell&#8217;aria compressa? SKUPP \u00e8 alla ricerca di partner ambiziosi per espandere la nostra rete di distribuzione in tutta Europa e oltre. Perch\u00e9 collaborare con SKUPP? In quanto marchio nuovo e in rapida crescita, SKUPP offre: Prodotti [&hellip;]<\/p>\n","protected":false},"author":2,"featured_media":2993,"parent":0,"menu_order":0,"comment_status":"closed","ping_status":"closed","template":"elementor_header_footer","meta":{"footnotes":""},"class_list":["post-3250","page","type-page","status-publish","has-post-thumbnail","hentry"],"yoast_head":"<!-- This site is optimized with the Yoast SEO plugin v27.4 - https:\/\/yoast.com\/product\/yoast-seo-wordpress\/ -->\n<title>Diventa un distributore ufficiale - SKUPP<\/title>\n<meta name=\"description\" content=\"Diventa un distributore SKUPP e offri prodotti pneumatici di alta qualit\u00e0 come cilindri, tubi, raccordi e valvole.\" \/>\n<meta name=\"robots\" content=\"index, follow, max-snippet:-1, max-image-preview:large, max-video-preview:-1\" \/>\n<link rel=\"canonical\" href=\"https:\/\/skupp.eu\/it\/diventa-un-distributore-ufficiale\/\" \/>\n<meta property=\"og:locale\" content=\"it_IT\" \/>\n<meta property=\"og:type\" content=\"article\" \/>\n<meta property=\"og:title\" content=\"Diventa un distributore ufficiale - SKUPP\" \/>\n<meta property=\"og:description\" content=\"Diventa un distributore SKUPP e offri prodotti pneumatici di alta qualit\u00e0 come cilindri, tubi, raccordi e valvole.\" \/>\n<meta property=\"og:url\" content=\"https:\/\/skupp.eu\/it\/diventa-un-distributore-ufficiale\/\" \/>\n<meta property=\"og:site_name\" content=\"SKUPP\" \/>\n<meta property=\"article:modified_time\" content=\"2026-01-21T10:33:05+00:00\" \/>\n<meta property=\"og:image\" content=\"https:\/\/skupp.eu\/wp-content\/uploads\/2024\/11\/SKUPP-favicon.png\" \/>\n\t<meta property=\"og:image:width\" content=\"600\" \/>\n\t<meta property=\"og:image:height\" content=\"600\" \/>\n\t<meta property=\"og:image:type\" content=\"image\/png\" \/>\n<meta name=\"twitter:card\" content=\"summary_large_image\" \/>\n<meta name=\"twitter:label1\" content=\"Tempo di lettura stimato\" \/>\n\t<meta name=\"twitter:data1\" content=\"1 minuto\" \/>\n<script type=\"application\/ld+json\" class=\"yoast-schema-graph\">{\"@context\":\"https:\\\/\\\/schema.org\",\"@graph\":[{\"@type\":\"WebPage\",\"@id\":\"https:\\\/\\\/skupp.eu\\\/it\\\/diventa-un-distributore-ufficiale\\\/\",\"url\":\"https:\\\/\\\/skupp.eu\\\/it\\\/diventa-un-distributore-ufficiale\\\/\",\"name\":\"Diventa un distributore ufficiale - SKUPP\",\"isPartOf\":{\"@id\":\"https:\\\/\\\/skupp.eu\\\/it\\\/#website\"},\"primaryImageOfPage\":{\"@id\":\"https:\\\/\\\/skupp.eu\\\/it\\\/diventa-un-distributore-ufficiale\\\/#primaryimage\"},\"image\":{\"@id\":\"https:\\\/\\\/skupp.eu\\\/it\\\/diventa-un-distributore-ufficiale\\\/#primaryimage\"},\"thumbnailUrl\":\"https:\\\/\\\/skupp.eu\\\/wp-content\\\/uploads\\\/2024\\\/11\\\/SKUPP-favicon.png\",\"datePublished\":\"2024-12-19T14:46:15+00:00\",\"dateModified\":\"2026-01-21T10:33:05+00:00\",\"description\":\"Diventa un distributore SKUPP e offri prodotti pneumatici di alta qualit\u00e0 come cilindri, tubi, raccordi e valvole.\",\"breadcrumb\":{\"@id\":\"https:\\\/\\\/skupp.eu\\\/it\\\/diventa-un-distributore-ufficiale\\\/#breadcrumb\"},\"inLanguage\":\"it-IT\",\"potentialAction\":[{\"@type\":\"ReadAction\",\"target\":[\"https:\\\/\\\/skupp.eu\\\/it\\\/diventa-un-distributore-ufficiale\\\/\"]}]},{\"@type\":\"ImageObject\",\"inLanguage\":\"it-IT\",\"@id\":\"https:\\\/\\\/skupp.eu\\\/it\\\/diventa-un-distributore-ufficiale\\\/#primaryimage\",\"url\":\"https:\\\/\\\/skupp.eu\\\/wp-content\\\/uploads\\\/2024\\\/11\\\/SKUPP-favicon.png\",\"contentUrl\":\"https:\\\/\\\/skupp.eu\\\/wp-content\\\/uploads\\\/2024\\\/11\\\/SKUPP-favicon.png\",\"width\":600,\"height\":600},{\"@type\":\"BreadcrumbList\",\"@id\":\"https:\\\/\\\/skupp.eu\\\/it\\\/diventa-un-distributore-ufficiale\\\/#breadcrumb\",\"itemListElement\":[{\"@type\":\"ListItem\",\"position\":1,\"name\":\"Home\",\"item\":\"https:\\\/\\\/skupp.eu\\\/it\\\/home\\\/\"},{\"@type\":\"ListItem\",\"position\":2,\"name\":\"Diventa un distributore ufficiale\"}]},{\"@type\":\"WebSite\",\"@id\":\"https:\\\/\\\/skupp.eu\\\/it\\\/#website\",\"url\":\"https:\\\/\\\/skupp.eu\\\/it\\\/\",\"name\":\"SKUPP\",\"description\":\"Stainless Steel Products\",\"publisher\":{\"@id\":\"https:\\\/\\\/skupp.eu\\\/it\\\/#organization\"},\"potentialAction\":[{\"@type\":\"SearchAction\",\"target\":{\"@type\":\"EntryPoint\",\"urlTemplate\":\"https:\\\/\\\/skupp.eu\\\/it\\\/?s={search_term_string}\"},\"query-input\":{\"@type\":\"PropertyValueSpecification\",\"valueRequired\":true,\"valueName\":\"search_term_string\"}}],\"inLanguage\":\"it-IT\"},{\"@type\":\"Organization\",\"@id\":\"https:\\\/\\\/skupp.eu\\\/it\\\/#organization\",\"name\":\"SKUPP\",\"url\":\"https:\\\/\\\/skupp.eu\\\/it\\\/\",\"logo\":{\"@type\":\"ImageObject\",\"inLanguage\":\"it-IT\",\"@id\":\"https:\\\/\\\/skupp.eu\\\/it\\\/#\\\/schema\\\/logo\\\/image\\\/\",\"url\":\"https:\\\/\\\/skupp.eu\\\/wp-content\\\/uploads\\\/2025\\\/05\\\/SKUPP-Logo-registered-trademark.png\",\"contentUrl\":\"https:\\\/\\\/skupp.eu\\\/wp-content\\\/uploads\\\/2025\\\/05\\\/SKUPP-Logo-registered-trademark.png\",\"width\":1200,\"height\":362,\"caption\":\"SKUPP\"},\"image\":{\"@id\":\"https:\\\/\\\/skupp.eu\\\/it\\\/#\\\/schema\\\/logo\\\/image\\\/\"}}]}<\/script>\n<!-- \/ Yoast SEO plugin. -->","yoast_head_json":{"title":"Diventa un distributore ufficiale - SKUPP","description":"Diventa un distributore SKUPP e offri prodotti pneumatici di alta qualit\u00e0 come cilindri, tubi, raccordi e valvole.","robots":{"index":"index","follow":"follow","max-snippet":"max-snippet:-1","max-image-preview":"max-image-preview:large","max-video-preview":"max-video-preview:-1"},"canonical":"https:\/\/skupp.eu\/it\/diventa-un-distributore-ufficiale\/","og_locale":"it_IT","og_type":"article","og_title":"Diventa un distributore ufficiale - SKUPP","og_description":"Diventa un distributore SKUPP e offri prodotti pneumatici di alta qualit\u00e0 come cilindri, tubi, raccordi e valvole.","og_url":"https:\/\/skupp.eu\/it\/diventa-un-distributore-ufficiale\/","og_site_name":"SKUPP","article_modified_time":"2026-01-21T10:33:05+00:00","og_image":[{"width":600,"height":600,"url":"https:\/\/skupp.eu\/wp-content\/uploads\/2024\/11\/SKUPP-favicon.png","type":"image\/png"}],"twitter_card":"summary_large_image","twitter_misc":{"Tempo di lettura stimato":"1 minuto"},"schema":{"@context":"https:\/\/schema.org","@graph":[{"@type":"WebPage","@id":"https:\/\/skupp.eu\/it\/diventa-un-distributore-ufficiale\/","url":"https:\/\/skupp.eu\/it\/diventa-un-distributore-ufficiale\/","name":"Diventa un distributore ufficiale - SKUPP","isPartOf":{"@id":"https:\/\/skupp.eu\/it\/#website"},"primaryImageOfPage":{"@id":"https:\/\/skupp.eu\/it\/diventa-un-distributore-ufficiale\/#primaryimage"},"image":{"@id":"https:\/\/skupp.eu\/it\/diventa-un-distributore-ufficiale\/#primaryimage"},"thumbnailUrl":"https:\/\/skupp.eu\/wp-content\/uploads\/2024\/11\/SKUPP-favicon.png","datePublished":"2024-12-19T14:46:15+00:00","dateModified":"2026-01-21T10:33:05+00:00","description":"Diventa un distributore SKUPP e offri prodotti pneumatici di alta qualit\u00e0 come cilindri, tubi, raccordi e valvole.","breadcrumb":{"@id":"https:\/\/skupp.eu\/it\/diventa-un-distributore-ufficiale\/#breadcrumb"},"inLanguage":"it-IT","potentialAction":[{"@type":"ReadAction","target":["https:\/\/skupp.eu\/it\/diventa-un-distributore-ufficiale\/"]}]},{"@type":"ImageObject","inLanguage":"it-IT","@id":"https:\/\/skupp.eu\/it\/diventa-un-distributore-ufficiale\/#primaryimage","url":"https:\/\/skupp.eu\/wp-content\/uploads\/2024\/11\/SKUPP-favicon.png","contentUrl":"https:\/\/skupp.eu\/wp-content\/uploads\/2024\/11\/SKUPP-favicon.png","width":600,"height":600},{"@type":"BreadcrumbList","@id":"https:\/\/skupp.eu\/it\/diventa-un-distributore-ufficiale\/#breadcrumb","itemListElement":[{"@type":"ListItem","position":1,"name":"Home","item":"https:\/\/skupp.eu\/it\/home\/"},{"@type":"ListItem","position":2,"name":"Diventa un distributore ufficiale"}]},{"@type":"WebSite","@id":"https:\/\/skupp.eu\/it\/#website","url":"https:\/\/skupp.eu\/it\/","name":"SKUPP","description":"Stainless Steel Products","publisher":{"@id":"https:\/\/skupp.eu\/it\/#organization"},"potentialAction":[{"@type":"SearchAction","target":{"@type":"EntryPoint","urlTemplate":"https:\/\/skupp.eu\/it\/?s={search_term_string}"},"query-input":{"@type":"PropertyValueSpecification","valueRequired":true,"valueName":"search_term_string"}}],"inLanguage":"it-IT"},{"@type":"Organization","@id":"https:\/\/skupp.eu\/it\/#organization","name":"SKUPP","url":"https:\/\/skupp.eu\/it\/","logo":{"@type":"ImageObject","inLanguage":"it-IT","@id":"https:\/\/skupp.eu\/it\/#\/schema\/logo\/image\/","url":"https:\/\/skupp.eu\/wp-content\/uploads\/2025\/05\/SKUPP-Logo-registered-trademark.png","contentUrl":"https:\/\/skupp.eu\/wp-content\/uploads\/2025\/05\/SKUPP-Logo-registered-trademark.png","width":1200,"height":362,"caption":"SKUPP"},"image":{"@id":"https:\/\/skupp.eu\/it\/#\/schema\/logo\/image\/"}}]}},"_links":{"self":[{"href":"https:\/\/skupp.eu\/it\/wp-json\/wp\/v2\/pages\/3250","targetHints":{"allow":["GET"]}}],"collection":[{"href":"https:\/\/skupp.eu\/it\/wp-json\/wp\/v2\/pages"}],"about":[{"href":"https:\/\/skupp.eu\/it\/wp-json\/wp\/v2\/types\/page"}],"author":[{"embeddable":true,"href":"https:\/\/skupp.eu\/it\/wp-json\/wp\/v2\/users\/2"}],"replies":[{"embeddable":true,"href":"https:\/\/skupp.eu\/it\/wp-json\/wp\/v2\/comments?post=3250"}],"version-history":[{"count":1,"href":"https:\/\/skupp.eu\/it\/wp-json\/wp\/v2\/pages\/3250\/revisions"}],"predecessor-version":[{"id":3251,"href":"https:\/\/skupp.eu\/it\/wp-json\/wp\/v2\/pages\/3250\/revisions\/3251"}],"wp:featuredmedia":[{"embeddable":true,"href":"https:\/\/skupp.eu\/it\/wp-json\/wp\/v2\/media\/2993"}],"wp:attachment":[{"href":"https:\/\/skupp.eu\/it\/wp-json\/wp\/v2\/media?parent=3250"}],"curies":[{"name":"wp","href":"https:\/\/api.w.org\/{rel}","templated":true}]}}