{"id":3328,"date":"2024-12-03T07:01:38","date_gmt":"2024-12-03T07:01:38","guid":{"rendered":"https:\/\/skupp.eu\/ons-productassortiment\/slangen\/"},"modified":"2026-02-26T14:37:28","modified_gmt":"2026-02-26T14:37:28","slug":"slangen","status":"publish","type":"page","link":"https:\/\/skupp.eu\/nl\/ons-productassortiment\/slangen\/","title":{"rendered":"Slangen"},"content":{"rendered":"\t\t<div data-elementor-type=\"wp-post\" data-elementor-id=\"3328\" class=\"elementor elementor-3328 elementor-491\" data-elementor-post-type=\"page\">\n\t\t\t\t<div class=\"elementor-element elementor-element-6580ac8 e-flex e-con-boxed e-con e-parent\" data-id=\"6580ac8\" data-element_type=\"container\" data-e-type=\"container\">\n\t\t\t\t\t<div class=\"e-con-inner\">\n\t\t<div class=\"elementor-element elementor-element-bd4da7d e-con-full e-flex e-con e-child\" data-id=\"bd4da7d\" data-element_type=\"container\" data-e-type=\"container\">\n\t\t\t\t<div class=\"elementor-element elementor-element-044273d elementor-widget elementor-widget-spacer\" data-id=\"044273d\" data-element_type=\"widget\" data-e-type=\"widget\" data-widget_type=\"spacer.default\">\n\t\t\t\t<div class=\"elementor-widget-container\">\n\t\t\t\t\t\t\t<div class=\"elementor-spacer\">\n\t\t\t<div class=\"elementor-spacer-inner\"><\/div>\n\t\t<\/div>\n\t\t\t\t\t\t<\/div>\n\t\t\t\t<\/div>\n\t\t\t\t<div class=\"elementor-element elementor-element-ce58a8b elementor-widget elementor-widget-heading\" data-id=\"ce58a8b\" data-element_type=\"widget\" data-e-type=\"widget\" data-widget_type=\"heading.default\">\n\t\t\t\t<div class=\"elementor-widget-container\">\n\t\t\t\t\t<h3 class=\"elementor-heading-title elementor-size-default\">Slangen van SKUPP \u2013 Duurzame en betrouwbare oplossingen voor uw luchtsystemen<\/h3>\t\t\t\t<\/div>\n\t\t\t\t<\/div>\n\t\t\t\t<div class=\"elementor-element elementor-element-a966b15 elementor-widget elementor-widget-text-editor\" data-id=\"a966b15\" data-element_type=\"widget\" data-e-type=\"widget\" data-widget_type=\"text-editor.default\">\n\t\t\t\t<div class=\"elementor-widget-container\">\n\t\t\t\t\t\t\t\t\t<p>Bij SKUPP begrijpen we de cruciale rol die slangen spelen bij het handhaven van effici\u00ebnte en betrouwbare luchtsystemen. Onze slangoplossingen zijn ontworpen met het oog op duurzaamheid en prestaties, waardoor optimale functionaliteit in een breed scala aan industri\u00eble toepassingen wordt gegarandeerd. <\/p>\t\t\t\t\t\t\t\t<\/div>\n\t\t\t\t<\/div>\n\t\t\t\t<div class=\"elementor-element elementor-element-ff0d964 elementor-widget elementor-widget-heading\" data-id=\"ff0d964\" data-element_type=\"widget\" data-e-type=\"widget\" data-widget_type=\"heading.default\">\n\t\t\t\t<div class=\"elementor-widget-container\">\n\t\t\t\t\t<h3 class=\"elementor-heading-title elementor-size-default\">Toepassingen<\/h3>\t\t\t\t<\/div>\n\t\t\t\t<\/div>\n\t\t\t\t<div class=\"elementor-element elementor-element-845d133 elementor-widget elementor-widget-text-editor\" data-id=\"845d133\" data-element_type=\"widget\" data-e-type=\"widget\" data-widget_type=\"text-editor.default\">\n\t\t\t\t<div class=\"elementor-widget-container\">\n\t\t\t\t\t\t\t\t\t<p>SKUPP-slangen zijn ideaal voor industrie\u00ebn zoals:<\/p><ul><li>Productie en automatisering<\/li><li>Automotive en transport<\/li><li>Voedsel- en drankenverwerking<\/li><li>Chemische en farmaceutische productie<\/li><\/ul>\t\t\t\t\t\t\t\t<\/div>\n\t\t\t\t<\/div>\n\t\t\t\t<div class=\"elementor-element elementor-element-6ad0e74 elementor-widget elementor-widget-spacer\" data-id=\"6ad0e74\" data-element_type=\"widget\" data-e-type=\"widget\" data-widget_type=\"spacer.default\">\n\t\t\t\t<div class=\"elementor-widget-container\">\n\t\t\t\t\t\t\t<div class=\"elementor-spacer\">\n\t\t\t<div class=\"elementor-spacer-inner\"><\/div>\n\t\t<\/div>\n\t\t\t\t\t\t<\/div>\n\t\t\t\t<\/div>\n\t\t\t\t<\/div>\n\t\t<div class=\"elementor-element elementor-element-0cbeada e-con-full e-flex e-con e-child\" data-id=\"0cbeada\" data-element_type=\"container\" data-e-type=\"container\">\n\t\t\t\t<div class=\"elementor-element elementor-element-b61c66c elementor-widget elementor-widget-heading\" data-id=\"b61c66c\" data-element_type=\"widget\" data-e-type=\"widget\" data-widget_type=\"heading.default\">\n\t\t\t\t<div class=\"elementor-widget-container\">\n\t\t\t\t\t<h1 class=\"elementor-heading-title elementor-size-default\">Slangen<\/h1>\t\t\t\t<\/div>\n\t\t\t\t<\/div>\n\t\t\t\t<div class=\"elementor-element elementor-element-33ba915 elementor-widget elementor-widget-image\" data-id=\"33ba915\" data-element_type=\"widget\" data-e-type=\"widget\" data-widget_type=\"image.default\">\n\t\t\t\t<div class=\"elementor-widget-container\">\n\t\t\t\t\t\t\t\t\t\t\t\t\t\t\t<img fetchpriority=\"high\" decoding=\"async\" width=\"768\" height=\"512\" src=\"https:\/\/skupp.eu\/wp-content\/uploads\/2024\/12\/tube-grijze-achtergrond-768x512.jpg\" class=\"attachment-medium_large size-medium_large wp-image-3040\" alt=\"\" srcset=\"https:\/\/skupp.eu\/wp-content\/uploads\/2024\/12\/tube-grijze-achtergrond-768x512.jpg 768w, https:\/\/skupp.eu\/wp-content\/uploads\/2024\/12\/tube-grijze-achtergrond-300x200.jpg 300w, https:\/\/skupp.eu\/wp-content\/uploads\/2024\/12\/tube-grijze-achtergrond-1024x683.jpg 1024w, https:\/\/skupp.eu\/wp-content\/uploads\/2024\/12\/tube-grijze-achtergrond-1536x1024.jpg 1536w, https:\/\/skupp.eu\/wp-content\/uploads\/2024\/12\/tube-grijze-achtergrond-2048x1365.jpg 2048w\" sizes=\"(max-width: 768px) 100vw, 768px\" \/>\t\t\t\t\t\t\t\t\t\t\t\t\t\t\t<\/div>\n\t\t\t\t<\/div>\n\t\t\t\t<div class=\"elementor-element elementor-element-29f3fb4 elementor-align-center elementor-widget elementor-widget-button\" data-id=\"29f3fb4\" data-element_type=\"widget\" data-e-type=\"widget\" data-widget_type=\"button.default\">\n\t\t\t\t<div class=\"elementor-widget-container\">\n\t\t\t\t\t\t\t\t\t<div class=\"elementor-button-wrapper\">\n\t\t\t\t\t<a class=\"elementor-button elementor-button-link elementor-size-sm\" href=\"https:\/\/docs.pneumatiek.nl\/PDF\/Skupp\/SKUPP-tubing-2025-def.pdf\" target=\"_blank\">\n\t\t\t\t\t\t<span class=\"elementor-button-content-wrapper\">\n\t\t\t\t\t\t\t\t\t<span class=\"elementor-button-text\">PDF Openen<\/span>\n\t\t\t\t\t<\/span>\n\t\t\t\t\t<\/a>\n\t\t\t\t<\/div>\n\t\t\t\t\t\t\t\t<\/div>\n\t\t\t\t<\/div>\n\t\t\t\t<div class=\"elementor-element elementor-element-b582604 elementor-widget elementor-widget-spacer\" data-id=\"b582604\" data-element_type=\"widget\" data-e-type=\"widget\" data-widget_type=\"spacer.default\">\n\t\t\t\t<div class=\"elementor-widget-container\">\n\t\t\t\t\t\t\t<div class=\"elementor-spacer\">\n\t\t\t<div class=\"elementor-spacer-inner\"><\/div>\n\t\t<\/div>\n\t\t\t\t\t\t<\/div>\n\t\t\t\t<\/div>\n\t\t\t\t<\/div>\n\t\t\t\t\t<\/div>\n\t\t\t\t<\/div>\n\t\t<div class=\"elementor-element elementor-element-22d094d e-flex e-con-boxed e-con e-parent\" data-id=\"22d094d\" data-element_type=\"container\" data-e-type=\"container\">\n\t\t\t\t\t<div class=\"e-con-inner\">\n\t\t\t\t<div class=\"elementor-element elementor-element-fd4670e elementor-widget elementor-widget-heading\" data-id=\"fd4670e\" data-element_type=\"widget\" data-e-type=\"widget\" data-widget_type=\"heading.default\">\n\t\t\t\t<div class=\"elementor-widget-container\">\n\t\t\t\t\t<h3 class=\"elementor-heading-title elementor-size-default\">Waarom kiezen voor SKUPP-slangen?<\/h3>\t\t\t\t<\/div>\n\t\t\t\t<\/div>\n\t\t\t\t<div class=\"elementor-element elementor-element-7933296 elementor-widget elementor-widget-text-editor\" data-id=\"7933296\" data-element_type=\"widget\" data-e-type=\"widget\" data-widget_type=\"text-editor.default\">\n\t\t\t\t<div class=\"elementor-widget-container\">\n\t\t\t\t\t\t\t\t\t<ul><li><strong>Hoogwaardige materialen:<\/strong> Onze slangen zijn gemaakt van robuuste materialen zoals polyurethaan (PU), polyethyleen (PE) en nylon, die een uitzonderlijke weerstand bieden tegen slijtage, druk en omgevingsomstandigheden.<\/li><li><strong>Veelzijdige toepassingen:<\/strong> Perfect voor gebruik in persluchtssystemen, pneumatisch gereedschap en industri\u00eble automatiseringsopstellingen.<\/li><li><strong>Breed assortiment maten:<\/strong> Verkrijgbaar in verschillende diameters en lengtes om aan uw specifieke behoeften te voldoen.<\/li><li><strong>Flexibel en eenvoudig te installeren:<\/strong> Ontworpen voor naadloze integratie in complexe systemen, behouden onze slangen flexibiliteit zonder in te boeten aan sterkte.<\/li><\/ul>\t\t\t\t\t\t\t\t<\/div>\n\t\t\t\t<\/div>\n\t\t\t\t<div class=\"elementor-element elementor-element-7caa18c elementor-widget elementor-widget-heading\" data-id=\"7caa18c\" data-element_type=\"widget\" data-e-type=\"widget\" data-widget_type=\"heading.default\">\n\t\t\t\t<div class=\"elementor-widget-container\">\n\t\t\t\t\t<h3 class=\"elementor-heading-title elementor-size-default\">Belangrijkste Kenmerken<\/h3>\t\t\t\t<\/div>\n\t\t\t\t<\/div>\n\t\t\t\t<div class=\"elementor-element elementor-element-d6efd21 elementor-widget elementor-widget-text-editor\" data-id=\"d6efd21\" data-element_type=\"widget\" data-e-type=\"widget\" data-widget_type=\"text-editor.default\">\n\t\t\t\t<div class=\"elementor-widget-container\">\n\t\t\t\t\t\t\t\t\t<ul><li><strong>Drukbestendigheid:<\/strong> Weerstaan hoge druk, wat zorgt voor veiligheid en betrouwbaarheid in veeleisende omgevingen.<\/li><li><strong>Temperatuurtolerantie:<\/strong> Werkt effici\u00ebnt bij extreme temperaturen, waarbij prestaties in zowel warme als koude omstandigheden worden gehandhaafd.<\/li><li><strong>Chemische bestendigheid:<\/strong> Bestand tegen oli\u00ebn, vetten en andere chemicali\u00ebn die vaak voorkomen in industri\u00eble omgevingen.<\/li><\/ul>\t\t\t\t\t\t\t\t<\/div>\n\t\t\t\t<\/div>\n\t\t\t\t<div class=\"elementor-element elementor-element-b3ad897 elementor-widget elementor-widget-heading\" data-id=\"b3ad897\" data-element_type=\"widget\" data-e-type=\"widget\" data-widget_type=\"heading.default\">\n\t\t\t\t<div class=\"elementor-widget-container\">\n\t\t\t\t\t<h3 class=\"elementor-heading-title elementor-size-default\">Partner met SKUPP<\/h3>\t\t\t\t<\/div>\n\t\t\t\t<\/div>\n\t\t\t\t<div class=\"elementor-element elementor-element-fb3e845 elementor-widget elementor-widget-text-editor\" data-id=\"fb3e845\" data-element_type=\"widget\" data-e-type=\"widget\" data-widget_type=\"text-editor.default\">\n\t\t\t\t<div class=\"elementor-widget-container\">\n\t\t\t\t\t\t\t\t\t<p>Wanneer u kiest voor SKUPP-slangen, investeert u in topkwaliteit en technische expertise. Onze producten worden rigoureus getest om aan industrienormen te voldoen, wat zorgt voor langdurige betrouwbaarheid en gemoedsrust voor uw activiteiten. <\/p><p>Verken ons volledige assortiment slangoplossingen en ontdek hoe SKUPP uw behoeften op het gebied van luchtsystemen kan ondersteunen. Neem vandaag nog contact met ons op voor deskundig advies of om uw bestelling te plaatsen. <\/p>\t\t\t\t\t\t\t\t<\/div>\n\t\t\t\t<\/div>\n\t\t\t\t\t<\/div>\n\t\t\t\t<\/div>\n\t\t\t\t<\/div>\n\t\t","protected":false},"excerpt":{"rendered":"<p>Slangen van SKUPP \u2013 Duurzame en betrouwbare oplossingen voor uw luchtsystemen Bij SKUPP begrijpen we de cruciale rol die slangen spelen bij het handhaven van effici\u00ebnte en betrouwbare luchtsystemen. Onze slangoplossingen zijn ontworpen met het oog op duurzaamheid en prestaties, waardoor optimale functionaliteit in een breed scala aan industri\u00eble toepassingen wordt gegarandeerd. Toepassingen SKUPP-slangen zijn [&hellip;]<\/p>\n","protected":false},"author":2,"featured_media":3040,"parent":3000,"menu_order":0,"comment_status":"open","ping_status":"closed","template":"elementor_header_footer","meta":{"footnotes":""},"class_list":["post-3328","page","type-page","status-publish","has-post-thumbnail","hentry"],"yoast_head":"<!-- This site is optimized with the Yoast SEO plugin v27.4 - https:\/\/yoast.com\/product\/yoast-seo-wordpress\/ -->\n<title>Slangen - SKUPP<\/title>\n<meta name=\"description\" content=\"Ontdek SKUPP&#039;s duurzame slangen, verkrijgbaar in PU, PE, PA, PTFE, FEP en PFA, ontworpen voor betrouwbare prestaties in pneumatische en vloeistofmedia-toepassingen.\" \/>\n<meta name=\"robots\" content=\"index, follow, max-snippet:-1, max-image-preview:large, max-video-preview:-1\" \/>\n<link rel=\"canonical\" href=\"https:\/\/skupp.eu\/nl\/ons-productassortiment\/slangen\/\" \/>\n<meta property=\"og:locale\" content=\"nl_NL\" \/>\n<meta property=\"og:type\" content=\"article\" \/>\n<meta property=\"og:title\" content=\"Slangen - SKUPP\" \/>\n<meta property=\"og:description\" content=\"Ontdek SKUPP&#039;s duurzame slangen, verkrijgbaar in PU, PE, PA, PTFE, FEP en PFA, ontworpen voor betrouwbare prestaties in pneumatische en vloeistofmedia-toepassingen.\" \/>\n<meta property=\"og:url\" content=\"https:\/\/skupp.eu\/nl\/ons-productassortiment\/slangen\/\" \/>\n<meta property=\"og:site_name\" content=\"SKUPP\" \/>\n<meta property=\"article:modified_time\" content=\"2026-02-26T14:37:28+00:00\" \/>\n<meta property=\"og:image\" content=\"https:\/\/skupp.eu\/wp-content\/uploads\/2024\/12\/tube-grijze-achtergrond.jpg\" \/>\n\t<meta property=\"og:image:width\" content=\"2190\" \/>\n\t<meta property=\"og:image:height\" content=\"1460\" \/>\n\t<meta property=\"og:image:type\" content=\"image\/jpeg\" \/>\n<meta name=\"twitter:card\" content=\"summary_large_image\" \/>\n<meta name=\"twitter:label1\" content=\"Geschatte leestijd\" \/>\n\t<meta name=\"twitter:data1\" content=\"1 minuut\" \/>\n<script type=\"application\/ld+json\" class=\"yoast-schema-graph\">{\"@context\":\"https:\\\/\\\/schema.org\",\"@graph\":[{\"@type\":\"WebPage\",\"@id\":\"https:\\\/\\\/skupp.eu\\\/nl\\\/ons-productassortiment\\\/slangen\\\/\",\"url\":\"https:\\\/\\\/skupp.eu\\\/nl\\\/ons-productassortiment\\\/slangen\\\/\",\"name\":\"Slangen - SKUPP\",\"isPartOf\":{\"@id\":\"https:\\\/\\\/skupp.eu\\\/nl\\\/#website\"},\"primaryImageOfPage\":{\"@id\":\"https:\\\/\\\/skupp.eu\\\/nl\\\/ons-productassortiment\\\/slangen\\\/#primaryimage\"},\"image\":{\"@id\":\"https:\\\/\\\/skupp.eu\\\/nl\\\/ons-productassortiment\\\/slangen\\\/#primaryimage\"},\"thumbnailUrl\":\"https:\\\/\\\/skupp.eu\\\/wp-content\\\/uploads\\\/2024\\\/12\\\/tube-grijze-achtergrond.jpg\",\"datePublished\":\"2024-12-03T07:01:38+00:00\",\"dateModified\":\"2026-02-26T14:37:28+00:00\",\"description\":\"Ontdek SKUPP's duurzame slangen, verkrijgbaar in PU, PE, PA, PTFE, FEP en PFA, ontworpen voor betrouwbare prestaties in pneumatische en vloeistofmedia-toepassingen.\",\"breadcrumb\":{\"@id\":\"https:\\\/\\\/skupp.eu\\\/nl\\\/ons-productassortiment\\\/slangen\\\/#breadcrumb\"},\"inLanguage\":\"nl-NL\",\"potentialAction\":[{\"@type\":\"ReadAction\",\"target\":[\"https:\\\/\\\/skupp.eu\\\/nl\\\/ons-productassortiment\\\/slangen\\\/\"]}]},{\"@type\":\"ImageObject\",\"inLanguage\":\"nl-NL\",\"@id\":\"https:\\\/\\\/skupp.eu\\\/nl\\\/ons-productassortiment\\\/slangen\\\/#primaryimage\",\"url\":\"https:\\\/\\\/skupp.eu\\\/wp-content\\\/uploads\\\/2024\\\/12\\\/tube-grijze-achtergrond.jpg\",\"contentUrl\":\"https:\\\/\\\/skupp.eu\\\/wp-content\\\/uploads\\\/2024\\\/12\\\/tube-grijze-achtergrond.jpg\",\"width\":2190,\"height\":1460},{\"@type\":\"BreadcrumbList\",\"@id\":\"https:\\\/\\\/skupp.eu\\\/nl\\\/ons-productassortiment\\\/slangen\\\/#breadcrumb\",\"itemListElement\":[{\"@type\":\"ListItem\",\"position\":1,\"name\":\"Home\",\"item\":\"https:\\\/\\\/skupp.eu\\\/nl\\\/home\\\/\"},{\"@type\":\"ListItem\",\"position\":2,\"name\":\"Ons productassortiment\",\"item\":\"https:\\\/\\\/skupp.eu\\\/nl\\\/our-product-range\\\/\"},{\"@type\":\"ListItem\",\"position\":3,\"name\":\"Slangen\"}]},{\"@type\":\"WebSite\",\"@id\":\"https:\\\/\\\/skupp.eu\\\/nl\\\/#website\",\"url\":\"https:\\\/\\\/skupp.eu\\\/nl\\\/\",\"name\":\"SKUPP\",\"description\":\"Stainless Steel Products\",\"publisher\":{\"@id\":\"https:\\\/\\\/skupp.eu\\\/nl\\\/#organization\"},\"potentialAction\":[{\"@type\":\"SearchAction\",\"target\":{\"@type\":\"EntryPoint\",\"urlTemplate\":\"https:\\\/\\\/skupp.eu\\\/nl\\\/?s={search_term_string}\"},\"query-input\":{\"@type\":\"PropertyValueSpecification\",\"valueRequired\":true,\"valueName\":\"search_term_string\"}}],\"inLanguage\":\"nl-NL\"},{\"@type\":\"Organization\",\"@id\":\"https:\\\/\\\/skupp.eu\\\/nl\\\/#organization\",\"name\":\"SKUPP\",\"url\":\"https:\\\/\\\/skupp.eu\\\/nl\\\/\",\"logo\":{\"@type\":\"ImageObject\",\"inLanguage\":\"nl-NL\",\"@id\":\"https:\\\/\\\/skupp.eu\\\/nl\\\/#\\\/schema\\\/logo\\\/image\\\/\",\"url\":\"https:\\\/\\\/skupp.eu\\\/wp-content\\\/uploads\\\/2025\\\/05\\\/SKUPP-Logo-registered-trademark.png\",\"contentUrl\":\"https:\\\/\\\/skupp.eu\\\/wp-content\\\/uploads\\\/2025\\\/05\\\/SKUPP-Logo-registered-trademark.png\",\"width\":1200,\"height\":362,\"caption\":\"SKUPP\"},\"image\":{\"@id\":\"https:\\\/\\\/skupp.eu\\\/nl\\\/#\\\/schema\\\/logo\\\/image\\\/\"}}]}<\/script>\n<!-- \/ Yoast SEO plugin. -->","yoast_head_json":{"title":"Slangen - SKUPP","description":"Ontdek SKUPP's duurzame slangen, verkrijgbaar in PU, PE, PA, PTFE, FEP en PFA, ontworpen voor betrouwbare prestaties in pneumatische en vloeistofmedia-toepassingen.","robots":{"index":"index","follow":"follow","max-snippet":"max-snippet:-1","max-image-preview":"max-image-preview:large","max-video-preview":"max-video-preview:-1"},"canonical":"https:\/\/skupp.eu\/nl\/ons-productassortiment\/slangen\/","og_locale":"nl_NL","og_type":"article","og_title":"Slangen - SKUPP","og_description":"Ontdek SKUPP's duurzame slangen, verkrijgbaar in PU, PE, PA, PTFE, FEP en PFA, ontworpen voor betrouwbare prestaties in pneumatische en vloeistofmedia-toepassingen.","og_url":"https:\/\/skupp.eu\/nl\/ons-productassortiment\/slangen\/","og_site_name":"SKUPP","article_modified_time":"2026-02-26T14:37:28+00:00","og_image":[{"width":2190,"height":1460,"url":"https:\/\/skupp.eu\/wp-content\/uploads\/2024\/12\/tube-grijze-achtergrond.jpg","type":"image\/jpeg"}],"twitter_card":"summary_large_image","twitter_misc":{"Geschatte leestijd":"1 minuut"},"schema":{"@context":"https:\/\/schema.org","@graph":[{"@type":"WebPage","@id":"https:\/\/skupp.eu\/nl\/ons-productassortiment\/slangen\/","url":"https:\/\/skupp.eu\/nl\/ons-productassortiment\/slangen\/","name":"Slangen - SKUPP","isPartOf":{"@id":"https:\/\/skupp.eu\/nl\/#website"},"primaryImageOfPage":{"@id":"https:\/\/skupp.eu\/nl\/ons-productassortiment\/slangen\/#primaryimage"},"image":{"@id":"https:\/\/skupp.eu\/nl\/ons-productassortiment\/slangen\/#primaryimage"},"thumbnailUrl":"https:\/\/skupp.eu\/wp-content\/uploads\/2024\/12\/tube-grijze-achtergrond.jpg","datePublished":"2024-12-03T07:01:38+00:00","dateModified":"2026-02-26T14:37:28+00:00","description":"Ontdek SKUPP's duurzame slangen, verkrijgbaar in PU, PE, PA, PTFE, FEP en PFA, ontworpen voor betrouwbare prestaties in pneumatische en vloeistofmedia-toepassingen.","breadcrumb":{"@id":"https:\/\/skupp.eu\/nl\/ons-productassortiment\/slangen\/#breadcrumb"},"inLanguage":"nl-NL","potentialAction":[{"@type":"ReadAction","target":["https:\/\/skupp.eu\/nl\/ons-productassortiment\/slangen\/"]}]},{"@type":"ImageObject","inLanguage":"nl-NL","@id":"https:\/\/skupp.eu\/nl\/ons-productassortiment\/slangen\/#primaryimage","url":"https:\/\/skupp.eu\/wp-content\/uploads\/2024\/12\/tube-grijze-achtergrond.jpg","contentUrl":"https:\/\/skupp.eu\/wp-content\/uploads\/2024\/12\/tube-grijze-achtergrond.jpg","width":2190,"height":1460},{"@type":"BreadcrumbList","@id":"https:\/\/skupp.eu\/nl\/ons-productassortiment\/slangen\/#breadcrumb","itemListElement":[{"@type":"ListItem","position":1,"name":"Home","item":"https:\/\/skupp.eu\/nl\/home\/"},{"@type":"ListItem","position":2,"name":"Ons productassortiment","item":"https:\/\/skupp.eu\/nl\/our-product-range\/"},{"@type":"ListItem","position":3,"name":"Slangen"}]},{"@type":"WebSite","@id":"https:\/\/skupp.eu\/nl\/#website","url":"https:\/\/skupp.eu\/nl\/","name":"SKUPP","description":"Stainless Steel Products","publisher":{"@id":"https:\/\/skupp.eu\/nl\/#organization"},"potentialAction":[{"@type":"SearchAction","target":{"@type":"EntryPoint","urlTemplate":"https:\/\/skupp.eu\/nl\/?s={search_term_string}"},"query-input":{"@type":"PropertyValueSpecification","valueRequired":true,"valueName":"search_term_string"}}],"inLanguage":"nl-NL"},{"@type":"Organization","@id":"https:\/\/skupp.eu\/nl\/#organization","name":"SKUPP","url":"https:\/\/skupp.eu\/nl\/","logo":{"@type":"ImageObject","inLanguage":"nl-NL","@id":"https:\/\/skupp.eu\/nl\/#\/schema\/logo\/image\/","url":"https:\/\/skupp.eu\/wp-content\/uploads\/2025\/05\/SKUPP-Logo-registered-trademark.png","contentUrl":"https:\/\/skupp.eu\/wp-content\/uploads\/2025\/05\/SKUPP-Logo-registered-trademark.png","width":1200,"height":362,"caption":"SKUPP"},"image":{"@id":"https:\/\/skupp.eu\/nl\/#\/schema\/logo\/image\/"}}]}},"_links":{"self":[{"href":"https:\/\/skupp.eu\/nl\/wp-json\/wp\/v2\/pages\/3328","targetHints":{"allow":["GET"]}}],"collection":[{"href":"https:\/\/skupp.eu\/nl\/wp-json\/wp\/v2\/pages"}],"about":[{"href":"https:\/\/skupp.eu\/nl\/wp-json\/wp\/v2\/types\/page"}],"author":[{"embeddable":true,"href":"https:\/\/skupp.eu\/nl\/wp-json\/wp\/v2\/users\/2"}],"replies":[{"embeddable":true,"href":"https:\/\/skupp.eu\/nl\/wp-json\/wp\/v2\/comments?post=3328"}],"version-history":[{"count":2,"href":"https:\/\/skupp.eu\/nl\/wp-json\/wp\/v2\/pages\/3328\/revisions"}],"predecessor-version":[{"id":3579,"href":"https:\/\/skupp.eu\/nl\/wp-json\/wp\/v2\/pages\/3328\/revisions\/3579"}],"up":[{"embeddable":true,"href":"https:\/\/skupp.eu\/nl\/wp-json\/wp\/v2\/pages\/3000"}],"wp:featuredmedia":[{"embeddable":true,"href":"https:\/\/skupp.eu\/nl\/wp-json\/wp\/v2\/media\/3040"}],"wp:attachment":[{"href":"https:\/\/skupp.eu\/nl\/wp-json\/wp\/v2\/media?parent=3328"}],"curies":[{"name":"wp","href":"https:\/\/api.w.org\/{rel}","templated":true}]}}