{"id":3330,"date":"2024-12-03T07:03:24","date_gmt":"2024-12-03T07:03:24","guid":{"rendered":"https:\/\/skupp.eu\/ons-productassortiment\/persluchttanks\/"},"modified":"2026-02-27T12:47:05","modified_gmt":"2026-02-27T12:47:05","slug":"persluchttanks","status":"publish","type":"page","link":"https:\/\/skupp.eu\/nl\/ons-productassortiment\/persluchttanks\/","title":{"rendered":"Persluchttanks"},"content":{"rendered":"\t\t<div data-elementor-type=\"wp-post\" data-elementor-id=\"3330\" class=\"elementor elementor-3330 elementor-496\" data-elementor-post-type=\"page\">\n\t\t\t\t<div class=\"elementor-element elementor-element-d98afb6 e-flex e-con-boxed e-con e-parent\" data-id=\"d98afb6\" data-element_type=\"container\" data-e-type=\"container\">\n\t\t\t\t\t<div class=\"e-con-inner\">\n\t\t\t\t<div class=\"elementor-element elementor-element-971cbe4 elementor-widget elementor-widget-heading\" data-id=\"971cbe4\" data-element_type=\"widget\" data-e-type=\"widget\" data-widget_type=\"heading.default\">\n\t\t\t\t<div class=\"elementor-widget-container\">\n\t\t\t\t\t<h1 class=\"elementor-heading-title elementor-size-default\">Persluchttanks<\/h1>\t\t\t\t<\/div>\n\t\t\t\t<\/div>\n\t\t\t\t\t<\/div>\n\t\t\t\t<\/div>\n\t\t<div class=\"elementor-element elementor-element-5326b55 e-flex e-con-boxed e-con e-parent\" data-id=\"5326b55\" data-element_type=\"container\" data-e-type=\"container\">\n\t\t\t\t\t<div class=\"e-con-inner\">\n\t\t<div class=\"elementor-element elementor-element-72a25db e-con-full e-flex e-con e-child\" data-id=\"72a25db\" data-element_type=\"container\" data-e-type=\"container\">\n\t\t\t\t<div class=\"elementor-element elementor-element-9394523 elementor-widget elementor-widget-heading\" data-id=\"9394523\" data-element_type=\"widget\" data-e-type=\"widget\" data-widget_type=\"heading.default\">\n\t\t\t\t<div class=\"elementor-widget-container\">\n\t\t\t\t\t<h3 class=\"elementor-heading-title elementor-size-default\">SKUPP Introduceert Persluchttanks<\/h3>\t\t\t\t<\/div>\n\t\t\t\t<\/div>\n\t\t\t\t<div class=\"elementor-element elementor-element-54ea718 elementor-widget elementor-widget-text-editor\" data-id=\"54ea718\" data-element_type=\"widget\" data-e-type=\"widget\" data-widget_type=\"text-editor.default\">\n\t\t\t\t<div class=\"elementor-widget-container\">\n\t\t\t\t\t\t\t\t\t<p><span style=\"color: #808080;\"><span style=\"font-family: sans-serif; font-size: medium;\">Wij zijn verheugd de nieuwste toevoeging aan het SKUPP-productassortiment aan te kondigen: <\/span><strong style=\"font-family: sans-serif; font-size: medium;\">persluchttanks<\/strong><span style=\"font-family: sans-serif; font-size: medium;\">! Onze luchttanks zijn ontworpen voor optimale prestaties en betrouwbaarheid, en zijn nu beschikbaar in een breed scala aan maten en <b>uit voorraad leverbaar.<\/b><\/span><\/span><\/p>\t\t\t\t\t\t\t\t<\/div>\n\t\t\t\t<\/div>\n\t\t\t\t<div class=\"elementor-element elementor-element-f8dc76c elementor-widget elementor-widget-heading\" data-id=\"f8dc76c\" data-element_type=\"widget\" data-e-type=\"widget\" data-widget_type=\"heading.default\">\n\t\t\t\t<div class=\"elementor-widget-container\">\n\t\t\t\t\t<h3 class=\"elementor-heading-title elementor-size-default\">Wat Zijn Persluchttanks?<\/h3>\t\t\t\t<\/div>\n\t\t\t\t<\/div>\n\t\t\t\t<div class=\"elementor-element elementor-element-704f6eb elementor-widget elementor-widget-text-editor\" data-id=\"704f6eb\" data-element_type=\"widget\" data-e-type=\"widget\" data-widget_type=\"text-editor.default\">\n\t\t\t\t<div class=\"elementor-widget-container\">\n\t\t\t\t\t\t\t\t\t<p style=\"color: #000000; font-family: sans-serif; font-size: medium;\"><span style=\"color: #808080;\">Persluchttanks, ook bekend als luchttanks, zijn essenti\u00eble componenten in persluchtsystemen. Ze fungeren als opslagunits voor perslucht en helpen bij: <\/span><\/p><ul style=\"color: #000000; font-family: sans-serif; font-size: medium; background-color: #ffffff;\"><li><span style=\"color: #808080;\"><strong>Drukregulatie<\/strong>: Handhaven van constante drukniveaus in uw systeem.<\/span><\/li><li><span style=\"color: #808080;\"><strong>Effici\u00ebntie Optimalisatie<\/strong>: Verminderen van de belasting op compressoren door overtollige lucht op te slaan.<\/span><\/li><li><span style=\"color: #808080;\"><strong>Ondersteuning bij Piekbelasting<\/strong>: Leveren van extra lucht tijdens perioden van hoge vraag.<\/span><\/li><\/ul>\t\t\t\t\t\t\t\t<\/div>\n\t\t\t\t<\/div>\n\t\t\t\t<\/div>\n\t\t<div class=\"elementor-element elementor-element-6e72689 e-con-full e-flex e-con e-child\" data-id=\"6e72689\" data-element_type=\"container\" data-e-type=\"container\">\n\t\t\t\t<div class=\"elementor-element elementor-element-73fbe12 elementor-widget elementor-widget-image\" data-id=\"73fbe12\" data-element_type=\"widget\" data-e-type=\"widget\" data-widget_type=\"image.default\">\n\t\t\t\t<div class=\"elementor-widget-container\">\n\t\t\t\t\t\t\t\t\t\t\t\t\t\t\t<img fetchpriority=\"high\" decoding=\"async\" width=\"800\" height=\"534\" src=\"https:\/\/skupp.eu\/wp-content\/uploads\/2024\/12\/persluchttant-grijze-achtergrond-1024x683.jpg\" class=\"attachment-large size-large wp-image-3003\" alt=\"\" srcset=\"https:\/\/skupp.eu\/wp-content\/uploads\/2024\/12\/persluchttant-grijze-achtergrond-1024x683.jpg 1024w, https:\/\/skupp.eu\/wp-content\/uploads\/2024\/12\/persluchttant-grijze-achtergrond-300x200.jpg 300w, https:\/\/skupp.eu\/wp-content\/uploads\/2024\/12\/persluchttant-grijze-achtergrond-768x512.jpg 768w, https:\/\/skupp.eu\/wp-content\/uploads\/2024\/12\/persluchttant-grijze-achtergrond-1536x1024.jpg 1536w, https:\/\/skupp.eu\/wp-content\/uploads\/2024\/12\/persluchttant-grijze-achtergrond-2048x1365.jpg 2048w\" sizes=\"(max-width: 800px) 100vw, 800px\" \/>\t\t\t\t\t\t\t\t\t\t\t\t\t\t\t<\/div>\n\t\t\t\t<\/div>\n\t\t\t\t<div class=\"elementor-element elementor-element-d8bc041 elementor-align-center elementor-widget elementor-widget-button\" data-id=\"d8bc041\" data-element_type=\"widget\" data-e-type=\"widget\" data-widget_type=\"button.default\">\n\t\t\t\t<div class=\"elementor-widget-container\">\n\t\t\t\t\t\t\t\t\t<div class=\"elementor-button-wrapper\">\n\t\t\t\t\t<a class=\"elementor-button elementor-button-link elementor-size-sm\" href=\"https:\/\/docs.pneumatiek.nl\/PDF\/Skupp\/Tanks_2025.pdf\" target=\"_blank\">\n\t\t\t\t\t\t<span class=\"elementor-button-content-wrapper\">\n\t\t\t\t\t\t<span class=\"elementor-button-icon\">\n\t\t\t\t<svg aria-hidden=\"true\" class=\"e-font-icon-svg e-far-file-pdf\" viewBox=\"0 0 384 512\" xmlns=\"http:\/\/www.w3.org\/2000\/svg\"><path d=\"M369.9 97.9L286 14C277 5 264.8-.1 252.1-.1H48C21.5 0 0 21.5 0 48v416c0 26.5 21.5 48 48 48h288c26.5 0 48-21.5 48-48V131.9c0-12.7-5.1-25-14.1-34zM332.1 128H256V51.9l76.1 76.1zM48 464V48h160v104c0 13.3 10.7 24 24 24h104v288H48zm250.2-143.7c-12.2-12-47-8.7-64.4-6.5-17.2-10.5-28.7-25-36.8-46.3 3.9-16.1 10.1-40.6 5.4-56-4.2-26.2-37.8-23.6-42.6-5.9-4.4 16.1-.4 38.5 7 67.1-10 23.9-24.9 56-35.4 74.4-20 10.3-47 26.2-51 46.2-3.3 15.8 26 55.2 76.1-31.2 22.4-7.4 46.8-16.5 68.4-20.1 18.9 10.2 41 17 55.8 17 25.5 0 28-28.2 17.5-38.7zm-198.1 77.8c5.1-13.7 24.5-29.5 30.4-35-19 30.3-30.4 35.7-30.4 35zm81.6-190.6c7.4 0 6.7 32.1 1.8 40.8-4.4-13.9-4.3-40.8-1.8-40.8zm-24.4 136.6c9.7-16.9 18-37 24.7-54.7 8.3 15.1 18.9 27.2 30.1 35.5-20.8 4.3-38.9 13.1-54.8 19.2zm131.6-5s-5 6-37.3-7.8c35.1-2.6 40.9 5.4 37.3 7.8z\"><\/path><\/svg>\t\t\t<\/span>\n\t\t\t\t\t\t\t\t\t<span class=\"elementor-button-text\">PDF Openen<\/span>\n\t\t\t\t\t<\/span>\n\t\t\t\t\t<\/a>\n\t\t\t\t<\/div>\n\t\t\t\t\t\t\t\t<\/div>\n\t\t\t\t<\/div>\n\t\t\t\t<\/div>\n\t\t\t\t\t<\/div>\n\t\t\t\t<\/div>\n\t\t<div class=\"elementor-element elementor-element-406fb4b e-flex e-con-boxed e-con e-parent\" data-id=\"406fb4b\" data-element_type=\"container\" data-e-type=\"container\">\n\t\t\t\t\t<div class=\"e-con-inner\">\n\t\t<div class=\"elementor-element elementor-element-1f4b548 e-con-full e-flex e-con e-child\" data-id=\"1f4b548\" data-element_type=\"container\" data-e-type=\"container\">\n\t\t\t\t<div class=\"elementor-element elementor-element-00328dd elementor-widget elementor-widget-heading\" data-id=\"00328dd\" data-element_type=\"widget\" data-e-type=\"widget\" data-widget_type=\"heading.default\">\n\t\t\t\t<div class=\"elementor-widget-container\">\n\t\t\t\t\t<h3 class=\"elementor-heading-title elementor-size-default\">SKUPP Persluchttanks: Belangrijkste Kenmerken<\/h3>\t\t\t\t<\/div>\n\t\t\t\t<\/div>\n\t\t\t\t<div class=\"elementor-element elementor-element-befbc94 elementor-widget elementor-widget-text-editor\" data-id=\"befbc94\" data-element_type=\"widget\" data-e-type=\"widget\" data-widget_type=\"text-editor.default\">\n\t\t\t\t<div class=\"elementor-widget-container\">\n\t\t\t\t\t\t\t\t\t<p>Onze persluchttanks zijn gebouwd voor uitstekende prestaties en betrouwbaarheid. De belangrijkste kenmerken zijn: <\/p><ul><li><strong>Capaciteitsopties<\/strong>: Beschikbaar in verschillende maten, tot 900 liter, geschikt voor diverse toepassingen.<\/li><li><strong>Hoogwaardige Materialen<\/strong>: Vervaardigd uit duurzame materialen om hoge druk te weerstaan en een lange levensduur te garanderen.<\/li><li><strong>Veelzijdige Toepassingen<\/strong>: Geschikt voor gebruik in industri\u00eble, commerci\u00eble en automotive omgevingen.<\/li><li><strong>Klaar voor Levering<\/strong>: Met een grote voorraad bieden wij directe beschikbaarheid voor tanks tot 900 liter.<\/li><\/ul>\t\t\t\t\t\t\t\t<\/div>\n\t\t\t\t<\/div>\n\t\t\t\t<\/div>\n\t\t<div class=\"elementor-element elementor-element-a8636de e-con-full e-flex e-con e-child\" data-id=\"a8636de\" data-element_type=\"container\" data-e-type=\"container\">\n\t\t\t\t<div class=\"elementor-element elementor-element-e9bc28d elementor-widget elementor-widget-heading\" data-id=\"e9bc28d\" data-element_type=\"widget\" data-e-type=\"widget\" data-widget_type=\"heading.default\">\n\t\t\t\t<div class=\"elementor-widget-container\">\n\t\t\t\t\t<h3 class=\"elementor-heading-title elementor-size-default\">Nu Beschikbaar!<\/h3>\t\t\t\t<\/div>\n\t\t\t\t<\/div>\n\t\t\t\t<div class=\"elementor-element elementor-element-b3bbcc9 elementor-widget elementor-widget-text-editor\" data-id=\"b3bbcc9\" data-element_type=\"widget\" data-e-type=\"widget\" data-widget_type=\"text-editor.default\">\n\t\t\t\t<div class=\"elementor-widget-container\">\n\t\t\t\t\t\t\t\t\t<p>Wij zijn er trots op persluchtketels <strong>tot 900 liter<\/strong> aan te bieden, direct uit voorraad leverbaar. Of u nu \u00e9\u00e9n tank nodig heeft of meerdere units, SKUPP heeft de capaciteit om snel en effici\u00ebnt aan uw behoeften te voldoen. <\/p>\t\t\t\t\t\t\t\t<\/div>\n\t\t\t\t<\/div>\n\t\t\t\t<div class=\"elementor-element elementor-element-541597b elementor-widget elementor-widget-heading\" data-id=\"541597b\" data-element_type=\"widget\" data-e-type=\"widget\" data-widget_type=\"heading.default\">\n\t\t\t\t<div class=\"elementor-widget-container\">\n\t\t\t\t\t<h3 class=\"elementor-heading-title elementor-size-default\">Toepassingen van Persluchtreservoirs<\/h3>\t\t\t\t<\/div>\n\t\t\t\t<\/div>\n\t\t\t\t<div class=\"elementor-element elementor-element-561d12e elementor-widget elementor-widget-text-editor\" data-id=\"561d12e\" data-element_type=\"widget\" data-e-type=\"widget\" data-widget_type=\"text-editor.default\">\n\t\t\t\t<div class=\"elementor-widget-container\">\n\t\t\t\t\t\t\t\t\t<p>SKUPP luchttanks zijn geschikt voor een breed scala aan toepassingen, waaronder:<\/p><ul><li>Pneumatische systemen<\/li><li>Productieprocessen<\/li><li>Autowerkplaatsen<\/li><li>Voedsel- en drankproductie<\/li><li>Energie- en nutssectoren<\/li><\/ul>\t\t\t\t\t\t\t\t<\/div>\n\t\t\t\t<\/div>\n\t\t\t\t<\/div>\n\t\t\t\t\t<\/div>\n\t\t\t\t<\/div>\n\t\t<div class=\"elementor-element elementor-element-f911878 e-flex e-con-boxed e-con e-parent\" data-id=\"f911878\" data-element_type=\"container\" data-e-type=\"container\">\n\t\t\t\t\t<div class=\"e-con-inner\">\n\t\t<div class=\"elementor-element elementor-element-8113c55 e-con-full e-flex e-con e-child\" data-id=\"8113c55\" data-element_type=\"container\" data-e-type=\"container\">\n\t\t\t\t<div class=\"elementor-element elementor-element-f8e67a0 elementor-widget elementor-widget-heading\" data-id=\"f8e67a0\" data-element_type=\"widget\" data-e-type=\"widget\" data-widget_type=\"heading.default\">\n\t\t\t\t<div class=\"elementor-widget-container\">\n\t\t\t\t\t<h3 class=\"elementor-heading-title elementor-size-default\">Waarom Kiezen voor SKUPP Persluchtreservoirs?<\/h3>\t\t\t\t<\/div>\n\t\t\t\t<\/div>\n\t\t\t\t<div class=\"elementor-element elementor-element-033f86c elementor-widget elementor-widget-text-editor\" data-id=\"033f86c\" data-element_type=\"widget\" data-e-type=\"widget\" data-widget_type=\"text-editor.default\">\n\t\t\t\t<div class=\"elementor-widget-container\">\n\t\t\t\t\t\t\t\t\t<p>Wanneer u voor SKUPP kiest, kiest u voor een merk dat zich inzet voor kwaliteit en klanttevredenheid. Onze persluchttanks bieden: <\/p><ul><li><strong>Superieure Prestaties<\/strong>: Ontwikkeld voor duurzaamheid en betrouwbaarheid.<\/li><li><strong>Eenvoudige Integratie<\/strong>: Ontworpen om naadloos in uw bestaande systemen te passen.<\/li><li><strong>Kosteneffici\u00ebntie<\/strong>: Verminderde compressorslijtage en lager energieverbruik.<\/li><\/ul>\t\t\t\t\t\t\t\t<\/div>\n\t\t\t\t<\/div>\n\t\t\t\t<\/div>\n\t\t<div class=\"elementor-element elementor-element-304bce9 e-con-full e-flex e-con e-child\" data-id=\"304bce9\" data-element_type=\"container\" data-e-type=\"container\">\n\t\t\t\t<div class=\"elementor-element elementor-element-a0bf285 elementor-widget elementor-widget-heading\" data-id=\"a0bf285\" data-element_type=\"widget\" data-e-type=\"widget\" data-widget_type=\"heading.default\">\n\t\t\t\t<div class=\"elementor-widget-container\">\n\t\t\t\t\t<h3 class=\"elementor-heading-title elementor-size-default\">Meer informatie<\/h3>\t\t\t\t<\/div>\n\t\t\t\t<\/div>\n\t\t\t\t<div class=\"elementor-element elementor-element-59a7a15 elementor-widget elementor-widget-text-editor\" data-id=\"59a7a15\" data-element_type=\"widget\" data-e-type=\"widget\" data-widget_type=\"text-editor.default\">\n\t\t\t\t<div class=\"elementor-widget-container\">\n\t\t\t\t\t\t\t\t\t<p>Ontdek hoe SKUPP persluchttanks de prestaties en effici\u00ebntie van uw systemen kunnen verbeteren. Bekijk vandaag nog ons productassortiment en ervaar de kwaliteit en betrouwbaarheid van SKUPP. <\/p><p>Kies voor SKUPP \u2013 de nieuwe standaard in persluchtoplossingen!<\/p>\t\t\t\t\t\t\t\t<\/div>\n\t\t\t\t<\/div>\n\t\t\t\t<\/div>\n\t\t\t\t\t<\/div>\n\t\t\t\t<\/div>\n\t\t\t\t<\/div>\n\t\t","protected":false},"excerpt":{"rendered":"<p>Persluchttanks SKUPP Introduceert Persluchttanks Wij zijn verheugd de nieuwste toevoeging aan het SKUPP-productassortiment aan te kondigen: persluchttanks! Onze luchttanks zijn ontworpen voor optimale prestaties en betrouwbaarheid, en zijn nu beschikbaar in een breed scala aan maten en uit voorraad leverbaar. Wat Zijn Persluchttanks? Persluchttanks, ook bekend als luchttanks, zijn essenti\u00eble componenten in persluchtsystemen. Ze fungeren [&hellip;]<\/p>\n","protected":false},"author":2,"featured_media":3003,"parent":3000,"menu_order":0,"comment_status":"open","ping_status":"closed","template":"elementor_header_footer","meta":{"footnotes":""},"class_list":["post-3330","page","type-page","status-publish","has-post-thumbnail","hentry"],"yoast_head":"<!-- This site is optimized with the Yoast SEO plugin v27.4 - https:\/\/yoast.com\/product\/yoast-seo-wordpress\/ -->\n<title>Persluchttanks - SKUPP<\/title>\n<meta name=\"description\" content=\"Ontdek SKUPP&#039;s persluchttanks, ontworpen voor effici\u00ebnte opslag en betrouwbare prestaties in pneumatische systemen.\" \/>\n<meta name=\"robots\" content=\"index, follow, max-snippet:-1, max-image-preview:large, max-video-preview:-1\" \/>\n<link rel=\"canonical\" href=\"https:\/\/skupp.eu\/nl\/ons-productassortiment\/persluchttanks\/\" \/>\n<meta property=\"og:locale\" content=\"nl_NL\" \/>\n<meta property=\"og:type\" content=\"article\" \/>\n<meta property=\"og:title\" content=\"Persluchttanks - SKUPP\" \/>\n<meta property=\"og:description\" content=\"Ontdek SKUPP&#039;s persluchttanks, ontworpen voor effici\u00ebnte opslag en betrouwbare prestaties in pneumatische systemen.\" \/>\n<meta property=\"og:url\" content=\"https:\/\/skupp.eu\/nl\/ons-productassortiment\/persluchttanks\/\" \/>\n<meta property=\"og:site_name\" content=\"SKUPP\" \/>\n<meta property=\"article:modified_time\" content=\"2026-02-27T12:47:05+00:00\" \/>\n<meta property=\"og:image\" content=\"https:\/\/skupp.eu\/wp-content\/uploads\/2024\/12\/persluchttant-grijze-achtergrond.jpg\" \/>\n\t<meta property=\"og:image:width\" content=\"2190\" \/>\n\t<meta property=\"og:image:height\" content=\"1460\" \/>\n\t<meta property=\"og:image:type\" content=\"image\/jpeg\" \/>\n<meta name=\"twitter:card\" content=\"summary_large_image\" \/>\n<meta name=\"twitter:label1\" content=\"Geschatte leestijd\" \/>\n\t<meta name=\"twitter:data1\" content=\"2 minuten\" \/>\n<script type=\"application\/ld+json\" class=\"yoast-schema-graph\">{\"@context\":\"https:\\\/\\\/schema.org\",\"@graph\":[{\"@type\":\"WebPage\",\"@id\":\"https:\\\/\\\/skupp.eu\\\/nl\\\/ons-productassortiment\\\/persluchttanks\\\/\",\"url\":\"https:\\\/\\\/skupp.eu\\\/nl\\\/ons-productassortiment\\\/persluchttanks\\\/\",\"name\":\"Persluchttanks - SKUPP\",\"isPartOf\":{\"@id\":\"https:\\\/\\\/skupp.eu\\\/nl\\\/#website\"},\"primaryImageOfPage\":{\"@id\":\"https:\\\/\\\/skupp.eu\\\/nl\\\/ons-productassortiment\\\/persluchttanks\\\/#primaryimage\"},\"image\":{\"@id\":\"https:\\\/\\\/skupp.eu\\\/nl\\\/ons-productassortiment\\\/persluchttanks\\\/#primaryimage\"},\"thumbnailUrl\":\"https:\\\/\\\/skupp.eu\\\/wp-content\\\/uploads\\\/2024\\\/12\\\/persluchttant-grijze-achtergrond.jpg\",\"datePublished\":\"2024-12-03T07:03:24+00:00\",\"dateModified\":\"2026-02-27T12:47:05+00:00\",\"description\":\"Ontdek SKUPP's persluchttanks, ontworpen voor effici\u00ebnte opslag en betrouwbare prestaties in pneumatische systemen.\",\"breadcrumb\":{\"@id\":\"https:\\\/\\\/skupp.eu\\\/nl\\\/ons-productassortiment\\\/persluchttanks\\\/#breadcrumb\"},\"inLanguage\":\"nl-NL\",\"potentialAction\":[{\"@type\":\"ReadAction\",\"target\":[\"https:\\\/\\\/skupp.eu\\\/nl\\\/ons-productassortiment\\\/persluchttanks\\\/\"]}]},{\"@type\":\"ImageObject\",\"inLanguage\":\"nl-NL\",\"@id\":\"https:\\\/\\\/skupp.eu\\\/nl\\\/ons-productassortiment\\\/persluchttanks\\\/#primaryimage\",\"url\":\"https:\\\/\\\/skupp.eu\\\/wp-content\\\/uploads\\\/2024\\\/12\\\/persluchttant-grijze-achtergrond.jpg\",\"contentUrl\":\"https:\\\/\\\/skupp.eu\\\/wp-content\\\/uploads\\\/2024\\\/12\\\/persluchttant-grijze-achtergrond.jpg\",\"width\":2190,\"height\":1460},{\"@type\":\"BreadcrumbList\",\"@id\":\"https:\\\/\\\/skupp.eu\\\/nl\\\/ons-productassortiment\\\/persluchttanks\\\/#breadcrumb\",\"itemListElement\":[{\"@type\":\"ListItem\",\"position\":1,\"name\":\"Home\",\"item\":\"https:\\\/\\\/skupp.eu\\\/nl\\\/home\\\/\"},{\"@type\":\"ListItem\",\"position\":2,\"name\":\"Ons productassortiment\",\"item\":\"https:\\\/\\\/skupp.eu\\\/nl\\\/our-product-range\\\/\"},{\"@type\":\"ListItem\",\"position\":3,\"name\":\"Persluchttanks\"}]},{\"@type\":\"WebSite\",\"@id\":\"https:\\\/\\\/skupp.eu\\\/nl\\\/#website\",\"url\":\"https:\\\/\\\/skupp.eu\\\/nl\\\/\",\"name\":\"SKUPP\",\"description\":\"Stainless Steel Products\",\"publisher\":{\"@id\":\"https:\\\/\\\/skupp.eu\\\/nl\\\/#organization\"},\"potentialAction\":[{\"@type\":\"SearchAction\",\"target\":{\"@type\":\"EntryPoint\",\"urlTemplate\":\"https:\\\/\\\/skupp.eu\\\/nl\\\/?s={search_term_string}\"},\"query-input\":{\"@type\":\"PropertyValueSpecification\",\"valueRequired\":true,\"valueName\":\"search_term_string\"}}],\"inLanguage\":\"nl-NL\"},{\"@type\":\"Organization\",\"@id\":\"https:\\\/\\\/skupp.eu\\\/nl\\\/#organization\",\"name\":\"SKUPP\",\"url\":\"https:\\\/\\\/skupp.eu\\\/nl\\\/\",\"logo\":{\"@type\":\"ImageObject\",\"inLanguage\":\"nl-NL\",\"@id\":\"https:\\\/\\\/skupp.eu\\\/nl\\\/#\\\/schema\\\/logo\\\/image\\\/\",\"url\":\"https:\\\/\\\/skupp.eu\\\/wp-content\\\/uploads\\\/2025\\\/05\\\/SKUPP-Logo-registered-trademark.png\",\"contentUrl\":\"https:\\\/\\\/skupp.eu\\\/wp-content\\\/uploads\\\/2025\\\/05\\\/SKUPP-Logo-registered-trademark.png\",\"width\":1200,\"height\":362,\"caption\":\"SKUPP\"},\"image\":{\"@id\":\"https:\\\/\\\/skupp.eu\\\/nl\\\/#\\\/schema\\\/logo\\\/image\\\/\"}}]}<\/script>\n<!-- \/ Yoast SEO plugin. -->","yoast_head_json":{"title":"Persluchttanks - SKUPP","description":"Ontdek SKUPP's persluchttanks, ontworpen voor effici\u00ebnte opslag en betrouwbare prestaties in pneumatische systemen.","robots":{"index":"index","follow":"follow","max-snippet":"max-snippet:-1","max-image-preview":"max-image-preview:large","max-video-preview":"max-video-preview:-1"},"canonical":"https:\/\/skupp.eu\/nl\/ons-productassortiment\/persluchttanks\/","og_locale":"nl_NL","og_type":"article","og_title":"Persluchttanks - SKUPP","og_description":"Ontdek SKUPP's persluchttanks, ontworpen voor effici\u00ebnte opslag en betrouwbare prestaties in pneumatische systemen.","og_url":"https:\/\/skupp.eu\/nl\/ons-productassortiment\/persluchttanks\/","og_site_name":"SKUPP","article_modified_time":"2026-02-27T12:47:05+00:00","og_image":[{"width":2190,"height":1460,"url":"https:\/\/skupp.eu\/wp-content\/uploads\/2024\/12\/persluchttant-grijze-achtergrond.jpg","type":"image\/jpeg"}],"twitter_card":"summary_large_image","twitter_misc":{"Geschatte leestijd":"2 minuten"},"schema":{"@context":"https:\/\/schema.org","@graph":[{"@type":"WebPage","@id":"https:\/\/skupp.eu\/nl\/ons-productassortiment\/persluchttanks\/","url":"https:\/\/skupp.eu\/nl\/ons-productassortiment\/persluchttanks\/","name":"Persluchttanks - SKUPP","isPartOf":{"@id":"https:\/\/skupp.eu\/nl\/#website"},"primaryImageOfPage":{"@id":"https:\/\/skupp.eu\/nl\/ons-productassortiment\/persluchttanks\/#primaryimage"},"image":{"@id":"https:\/\/skupp.eu\/nl\/ons-productassortiment\/persluchttanks\/#primaryimage"},"thumbnailUrl":"https:\/\/skupp.eu\/wp-content\/uploads\/2024\/12\/persluchttant-grijze-achtergrond.jpg","datePublished":"2024-12-03T07:03:24+00:00","dateModified":"2026-02-27T12:47:05+00:00","description":"Ontdek SKUPP's persluchttanks, ontworpen voor effici\u00ebnte opslag en betrouwbare prestaties in pneumatische systemen.","breadcrumb":{"@id":"https:\/\/skupp.eu\/nl\/ons-productassortiment\/persluchttanks\/#breadcrumb"},"inLanguage":"nl-NL","potentialAction":[{"@type":"ReadAction","target":["https:\/\/skupp.eu\/nl\/ons-productassortiment\/persluchttanks\/"]}]},{"@type":"ImageObject","inLanguage":"nl-NL","@id":"https:\/\/skupp.eu\/nl\/ons-productassortiment\/persluchttanks\/#primaryimage","url":"https:\/\/skupp.eu\/wp-content\/uploads\/2024\/12\/persluchttant-grijze-achtergrond.jpg","contentUrl":"https:\/\/skupp.eu\/wp-content\/uploads\/2024\/12\/persluchttant-grijze-achtergrond.jpg","width":2190,"height":1460},{"@type":"BreadcrumbList","@id":"https:\/\/skupp.eu\/nl\/ons-productassortiment\/persluchttanks\/#breadcrumb","itemListElement":[{"@type":"ListItem","position":1,"name":"Home","item":"https:\/\/skupp.eu\/nl\/home\/"},{"@type":"ListItem","position":2,"name":"Ons productassortiment","item":"https:\/\/skupp.eu\/nl\/our-product-range\/"},{"@type":"ListItem","position":3,"name":"Persluchttanks"}]},{"@type":"WebSite","@id":"https:\/\/skupp.eu\/nl\/#website","url":"https:\/\/skupp.eu\/nl\/","name":"SKUPP","description":"Stainless Steel Products","publisher":{"@id":"https:\/\/skupp.eu\/nl\/#organization"},"potentialAction":[{"@type":"SearchAction","target":{"@type":"EntryPoint","urlTemplate":"https:\/\/skupp.eu\/nl\/?s={search_term_string}"},"query-input":{"@type":"PropertyValueSpecification","valueRequired":true,"valueName":"search_term_string"}}],"inLanguage":"nl-NL"},{"@type":"Organization","@id":"https:\/\/skupp.eu\/nl\/#organization","name":"SKUPP","url":"https:\/\/skupp.eu\/nl\/","logo":{"@type":"ImageObject","inLanguage":"nl-NL","@id":"https:\/\/skupp.eu\/nl\/#\/schema\/logo\/image\/","url":"https:\/\/skupp.eu\/wp-content\/uploads\/2025\/05\/SKUPP-Logo-registered-trademark.png","contentUrl":"https:\/\/skupp.eu\/wp-content\/uploads\/2025\/05\/SKUPP-Logo-registered-trademark.png","width":1200,"height":362,"caption":"SKUPP"},"image":{"@id":"https:\/\/skupp.eu\/nl\/#\/schema\/logo\/image\/"}}]}},"_links":{"self":[{"href":"https:\/\/skupp.eu\/nl\/wp-json\/wp\/v2\/pages\/3330","targetHints":{"allow":["GET"]}}],"collection":[{"href":"https:\/\/skupp.eu\/nl\/wp-json\/wp\/v2\/pages"}],"about":[{"href":"https:\/\/skupp.eu\/nl\/wp-json\/wp\/v2\/types\/page"}],"author":[{"embeddable":true,"href":"https:\/\/skupp.eu\/nl\/wp-json\/wp\/v2\/users\/2"}],"replies":[{"embeddable":true,"href":"https:\/\/skupp.eu\/nl\/wp-json\/wp\/v2\/comments?post=3330"}],"version-history":[{"count":3,"href":"https:\/\/skupp.eu\/nl\/wp-json\/wp\/v2\/pages\/3330\/revisions"}],"predecessor-version":[{"id":3608,"href":"https:\/\/skupp.eu\/nl\/wp-json\/wp\/v2\/pages\/3330\/revisions\/3608"}],"up":[{"embeddable":true,"href":"https:\/\/skupp.eu\/nl\/wp-json\/wp\/v2\/pages\/3000"}],"wp:featuredmedia":[{"embeddable":true,"href":"https:\/\/skupp.eu\/nl\/wp-json\/wp\/v2\/media\/3003"}],"wp:attachment":[{"href":"https:\/\/skupp.eu\/nl\/wp-json\/wp\/v2\/media?parent=3330"}],"curies":[{"name":"wp","href":"https:\/\/api.w.org\/{rel}","templated":true}]}}