{"id":3334,"date":"2024-12-03T12:44:33","date_gmt":"2024-12-03T12:44:33","guid":{"rendered":"https:\/\/skupp.eu\/onze-distributeurs\/"},"modified":"2026-02-19T10:41:19","modified_gmt":"2026-02-19T10:41:19","slug":"onze-distributeurs","status":"publish","type":"page","link":"https:\/\/skupp.eu\/nl\/onze-distributeurs\/","title":{"rendered":"Onze distributeurs"},"content":{"rendered":"\t\t<div data-elementor-type=\"wp-page\" data-elementor-id=\"3334\" class=\"elementor elementor-3334 elementor-554\" data-elementor-post-type=\"page\">\n\t\t\t\t<div class=\"elementor-element elementor-element-5c913ed e-flex e-con-boxed e-con e-parent\" data-id=\"5c913ed\" data-element_type=\"container\" data-e-type=\"container\">\n\t\t\t\t\t<div class=\"e-con-inner\">\n\t\t\t\t<div class=\"elementor-element elementor-element-ff82430 elementor-widget elementor-widget-spacer\" data-id=\"ff82430\" data-element_type=\"widget\" data-e-type=\"widget\" data-widget_type=\"spacer.default\">\n\t\t\t\t<div class=\"elementor-widget-container\">\n\t\t\t\t\t\t\t<div class=\"elementor-spacer\">\n\t\t\t<div class=\"elementor-spacer-inner\"><\/div>\n\t\t<\/div>\n\t\t\t\t\t\t<\/div>\n\t\t\t\t<\/div>\n\t\t\t\t<div class=\"elementor-element elementor-element-6391675 elementor-widget elementor-widget-heading\" data-id=\"6391675\" data-element_type=\"widget\" data-e-type=\"widget\" data-widget_type=\"heading.default\">\n\t\t\t\t<div class=\"elementor-widget-container\">\n\t\t\t\t\t<h1 class=\"elementor-heading-title elementor-size-default\">Onze distributeurs<\/h1>\t\t\t\t<\/div>\n\t\t\t\t<\/div>\n\t\t\t\t\t<\/div>\n\t\t\t\t<\/div>\n\t\t<div class=\"elementor-element elementor-element-3ecc601 e-flex e-con-boxed e-con e-parent\" data-id=\"3ecc601\" data-element_type=\"container\" data-e-type=\"container\">\n\t\t\t\t\t<div class=\"e-con-inner\">\n\t\t<div class=\"elementor-element elementor-element-24555ce e-con-full e-flex e-con e-child\" data-id=\"24555ce\" data-element_type=\"container\" data-e-type=\"container\">\n\t\t\t\t<div class=\"elementor-element elementor-element-734ec77 elementor-widget elementor-widget-image\" data-id=\"734ec77\" data-element_type=\"widget\" data-e-type=\"widget\" data-widget_type=\"image.default\">\n\t\t\t\t<div class=\"elementor-widget-container\">\n\t\t\t\t\t\t\t\t\t\t\t\t\t\t\t<img decoding=\"async\" src=\"https:\/\/skupp.eu\/wp-content\/uploads\/elementor\/thumbs\/Logo-ICHBV-qxyqwd337wlshc5hu5fbzuaew018a326u72uduh25i.jpg\" title=\"Logo-ICHBV\" alt=\"Logo-ICHBV\" loading=\"lazy\" \/>\t\t\t\t\t\t\t\t\t\t\t\t\t\t\t<\/div>\n\t\t\t\t<\/div>\n\t\t\t\t<\/div>\n\t\t<div class=\"elementor-element elementor-element-8c5f7f2 e-con-full e-flex e-con e-child\" data-id=\"8c5f7f2\" data-element_type=\"container\" data-e-type=\"container\">\n\t\t\t\t<div class=\"elementor-element elementor-element-68f1709 elementor-widget elementor-widget-heading\" data-id=\"68f1709\" data-element_type=\"widget\" data-e-type=\"widget\" data-widget_type=\"heading.default\">\n\t\t\t\t<div class=\"elementor-widget-container\">\n\t\t\t\t\t<h4 class=\"elementor-heading-title elementor-size-default\">ICH B.V.<\/h4>\t\t\t\t<\/div>\n\t\t\t\t<\/div>\n\t\t\t\t<div class=\"elementor-element elementor-element-3fcb2c9 elementor-widget elementor-widget-text-editor\" data-id=\"3fcb2c9\" data-element_type=\"widget\" data-e-type=\"widget\" data-widget_type=\"text-editor.default\">\n\t\t\t\t<div class=\"elementor-widget-container\">\n\t\t\t\t\t\t\t\t\t<p><a href=\"http:\/\/pneumatiek.nl\">www.pneumatiek.nl<\/a><br>Belgi\u00eb, Nederland en Luxemburg<\/p>\t\t\t\t\t\t\t\t<\/div>\n\t\t\t\t<\/div>\n\t\t\t\t<\/div>\n\t\t\t\t\t<\/div>\n\t\t\t\t<\/div>\n\t\t<div class=\"elementor-element elementor-element-8739702 e-flex e-con-boxed e-con e-parent\" data-id=\"8739702\" data-element_type=\"container\" data-e-type=\"container\">\n\t\t\t\t\t<div class=\"e-con-inner\">\n\t\t<div class=\"elementor-element elementor-element-7ab9ca7 e-con-full e-flex e-con e-child\" data-id=\"7ab9ca7\" data-element_type=\"container\" data-e-type=\"container\">\n\t\t\t\t<div class=\"elementor-element elementor-element-53ec895 elementor-widget elementor-widget-image\" data-id=\"53ec895\" data-element_type=\"widget\" data-e-type=\"widget\" data-widget_type=\"image.default\">\n\t\t\t\t<div class=\"elementor-widget-container\">\n\t\t\t\t\t\t\t\t\t\t\t\t\t\t\t<img decoding=\"async\" src=\"https:\/\/skupp.eu\/wp-content\/uploads\/elementor\/thumbs\/OGS-logo-rdks56lchsbqq6jh1lp0ufdujlpdk2k9evlimf82oy.png\" title=\"OGS-logo\" alt=\"OGS-logo\" loading=\"lazy\" \/>\t\t\t\t\t\t\t\t\t\t\t\t\t\t\t<\/div>\n\t\t\t\t<\/div>\n\t\t\t\t<\/div>\n\t\t<div class=\"elementor-element elementor-element-b909cf2 e-con-full e-flex e-con e-child\" data-id=\"b909cf2\" data-element_type=\"container\" data-e-type=\"container\">\n\t\t\t\t<div class=\"elementor-element elementor-element-2cf8978 elementor-widget elementor-widget-heading\" data-id=\"2cf8978\" data-element_type=\"widget\" data-e-type=\"widget\" data-widget_type=\"heading.default\">\n\t\t\t\t<div class=\"elementor-widget-container\">\n\t\t\t\t\t<h4 class=\"elementor-heading-title elementor-size-default\">OGS S.r.l.<\/h4>\t\t\t\t<\/div>\n\t\t\t\t<\/div>\n\t\t\t\t<div class=\"elementor-element elementor-element-2a2deb7 elementor-widget elementor-widget-text-editor\" data-id=\"2a2deb7\" data-element_type=\"widget\" data-e-type=\"widget\" data-widget_type=\"text-editor.default\">\n\t\t\t\t<div class=\"elementor-widget-container\">\n\t\t\t\t\t\t\t\t\t<p><a href=\"https:\/\/www.ogssrl.it\/\">www.ogssrl.it<\/a><br>Itali\u00eb<\/p>\t\t\t\t\t\t\t\t<\/div>\n\t\t\t\t<\/div>\n\t\t\t\t<\/div>\n\t\t\t\t\t<\/div>\n\t\t\t\t<\/div>\n\t\t<div class=\"elementor-element elementor-element-87bdd47 e-flex e-con-boxed e-con e-parent\" data-id=\"87bdd47\" data-element_type=\"container\" data-e-type=\"container\">\n\t\t\t\t\t<div class=\"e-con-inner\">\n\t\t<div class=\"elementor-element elementor-element-9ad8a82 e-con-full e-flex e-con e-child\" data-id=\"9ad8a82\" data-element_type=\"container\" data-e-type=\"container\">\n\t\t\t\t<div class=\"elementor-element elementor-element-a23cc37 elementor-widget elementor-widget-image\" data-id=\"a23cc37\" data-element_type=\"widget\" data-e-type=\"widget\" data-widget_type=\"image.default\">\n\t\t\t\t<div class=\"elementor-widget-container\">\n\t\t\t\t\t\t\t\t\t\t\t\t\t\t\t<img decoding=\"async\" width=\"150\" height=\"150\" src=\"https:\/\/skupp.eu\/wp-content\/uploads\/2025\/12\/air-matik-150x150.jpeg\" class=\"attachment-thumbnail size-thumbnail wp-image-3227\" alt=\"\" srcset=\"https:\/\/skupp.eu\/wp-content\/uploads\/2025\/12\/air-matik-150x150.jpeg 150w, https:\/\/skupp.eu\/wp-content\/uploads\/2025\/12\/air-matik-300x300.jpeg 300w, https:\/\/skupp.eu\/wp-content\/uploads\/2025\/12\/air-matik-1024x1024.jpeg 1024w, https:\/\/skupp.eu\/wp-content\/uploads\/2025\/12\/air-matik-768x768.jpeg 768w, https:\/\/skupp.eu\/wp-content\/uploads\/2025\/12\/air-matik.jpeg 1500w\" sizes=\"(max-width: 150px) 100vw, 150px\" \/>\t\t\t\t\t\t\t\t\t\t\t\t\t\t\t<\/div>\n\t\t\t\t<\/div>\n\t\t\t\t<\/div>\n\t\t<div class=\"elementor-element elementor-element-09a9b26 e-con-full e-flex e-con e-child\" data-id=\"09a9b26\" data-element_type=\"container\" data-e-type=\"container\">\n\t\t\t\t<div class=\"elementor-element elementor-element-1177937 elementor-widget elementor-widget-heading\" data-id=\"1177937\" data-element_type=\"widget\" data-e-type=\"widget\" data-widget_type=\"heading.default\">\n\t\t\t\t<div class=\"elementor-widget-container\">\n\t\t\t\t\t<h4 class=\"elementor-heading-title elementor-size-default\">AIR-MATIK Tomasz Hermanowski<\/h4>\t\t\t\t<\/div>\n\t\t\t\t<\/div>\n\t\t\t\t<div class=\"elementor-element elementor-element-70c5f2d elementor-widget elementor-widget-text-editor\" data-id=\"70c5f2d\" data-element_type=\"widget\" data-e-type=\"widget\" data-widget_type=\"text-editor.default\">\n\t\t\t\t<div class=\"elementor-widget-container\">\n\t\t\t\t\t\t\t\t\t<p><a href=\"https:\/\/air-matik.pl\/\">air-matik.pl<\/a><br><span style=\"font-size: 1rem;\">Polen<\/span><\/p>\t\t\t\t\t\t\t\t<\/div>\n\t\t\t\t<\/div>\n\t\t\t\t<\/div>\n\t\t\t\t\t<\/div>\n\t\t\t\t<\/div>\n\t\t<div class=\"elementor-element elementor-element-9a20c9e e-flex e-con-boxed e-con e-parent\" data-id=\"9a20c9e\" data-element_type=\"container\" data-e-type=\"container\">\n\t\t\t\t\t<div class=\"e-con-inner\">\n\t\t<div class=\"elementor-element elementor-element-4a187e3 e-con-full e-flex e-con e-child\" data-id=\"4a187e3\" data-element_type=\"container\" data-e-type=\"container\">\n\t\t\t\t<div class=\"elementor-element elementor-element-d7a01e0 elementor-widget elementor-widget-image\" data-id=\"d7a01e0\" data-element_type=\"widget\" data-e-type=\"widget\" data-widget_type=\"image.default\">\n\t\t\t\t<div class=\"elementor-widget-container\">\n\t\t\t\t\t\t\t\t\t\t\t\t\t\t\t<img decoding=\"async\" width=\"150\" height=\"150\" src=\"https:\/\/skupp.eu\/wp-content\/uploads\/2024\/11\/SKUPP-favicon-150x150.png\" class=\"attachment-thumbnail size-thumbnail wp-image-3001\" alt=\"\" srcset=\"https:\/\/skupp.eu\/wp-content\/uploads\/2024\/11\/SKUPP-favicon-150x150.png 150w, https:\/\/skupp.eu\/wp-content\/uploads\/2024\/11\/SKUPP-favicon-300x300.png 300w, https:\/\/skupp.eu\/wp-content\/uploads\/2024\/11\/SKUPP-favicon.png 600w\" sizes=\"(max-width: 150px) 100vw, 150px\" \/>\t\t\t\t\t\t\t\t\t\t\t\t\t\t\t<\/div>\n\t\t\t\t<\/div>\n\t\t\t\t<\/div>\n\t\t<div class=\"elementor-element elementor-element-c3b960b e-con-full e-flex e-con e-child\" data-id=\"c3b960b\" data-element_type=\"container\" data-e-type=\"container\">\n\t\t\t\t<div class=\"elementor-element elementor-element-6ab4f4f elementor-widget elementor-widget-heading\" data-id=\"6ab4f4f\" data-element_type=\"widget\" data-e-type=\"widget\" data-widget_type=\"heading.default\">\n\t\t\t\t<div class=\"elementor-widget-container\">\n\t\t\t\t\t<h4 class=\"elementor-heading-title elementor-size-default\">Binnenkort beschikbaar...<\/h4>\t\t\t\t<\/div>\n\t\t\t\t<\/div>\n\t\t\t\t<div class=\"elementor-element elementor-element-2650e71 elementor-widget elementor-widget-text-editor\" data-id=\"2650e71\" data-element_type=\"widget\" data-e-type=\"widget\" data-widget_type=\"text-editor.default\">\n\t\t\t\t<div class=\"elementor-widget-container\">\n\t\t\t\t\t\t\t\t\t<p>Frankrijk<\/p>\t\t\t\t\t\t\t\t<\/div>\n\t\t\t\t<\/div>\n\t\t\t\t<\/div>\n\t\t\t\t\t<\/div>\n\t\t\t\t<\/div>\n\t\t<div class=\"elementor-element elementor-element-6b9b63a e-flex e-con-boxed e-con e-parent\" data-id=\"6b9b63a\" data-element_type=\"container\" data-e-type=\"container\">\n\t\t\t\t\t<div class=\"e-con-inner\">\n\t\t<div class=\"elementor-element elementor-element-a115149 e-con-full e-flex e-con e-child\" data-id=\"a115149\" data-element_type=\"container\" data-e-type=\"container\">\n\t\t\t\t<div class=\"elementor-element elementor-element-d0d1ee3 elementor-widget elementor-widget-image\" data-id=\"d0d1ee3\" data-element_type=\"widget\" data-e-type=\"widget\" data-widget_type=\"image.default\">\n\t\t\t\t<div class=\"elementor-widget-container\">\n\t\t\t\t\t\t\t\t\t\t\t\t\t\t\t<img decoding=\"async\" src=\"https:\/\/skupp.eu\/wp-content\/uploads\/elementor\/thumbs\/Your-Company-qyqlzic89w1i4kp53w4blti1cmsipmt1zrvmgi48vs.png\" title=\"Uw-Bedrijf\" alt=\"Uw-Bedrijf\" loading=\"lazy\" \/>\t\t\t\t\t\t\t\t\t\t\t\t\t\t\t<\/div>\n\t\t\t\t<\/div>\n\t\t\t\t<\/div>\n\t\t<div class=\"elementor-element elementor-element-a0489fa e-con-full e-flex e-con e-child\" data-id=\"a0489fa\" data-element_type=\"container\" data-e-type=\"container\">\n\t\t\t\t<div class=\"elementor-element elementor-element-cd68077 elementor-widget elementor-widget-heading\" data-id=\"cd68077\" data-element_type=\"widget\" data-e-type=\"widget\" data-widget_type=\"heading.default\">\n\t\t\t\t<div class=\"elementor-widget-container\">\n\t\t\t\t\t<h4 class=\"elementor-heading-title elementor-size-default\">Wilt u \u00e9\u00e9n van onze distributeurs worden? <\/h4>\t\t\t\t<\/div>\n\t\t\t\t<\/div>\n\t\t\t\t<div class=\"elementor-element elementor-element-f226e33 elementor-widget elementor-widget-text-editor\" data-id=\"f226e33\" data-element_type=\"widget\" data-e-type=\"widget\" data-widget_type=\"text-editor.default\">\n\t\t\t\t<div class=\"elementor-widget-container\">\n\t\t\t\t\t\t\t\t\t<p>Vul het formulier in op <a href=\"http:\/\/skupp.eu\/become-an-official-distributor\">deze<\/a> pagina.<\/p>\t\t\t\t\t\t\t\t<\/div>\n\t\t\t\t<\/div>\n\t\t\t\t<\/div>\n\t\t\t\t\t<\/div>\n\t\t\t\t<\/div>\n\t\t\t\t<\/div>\n\t\t","protected":false},"excerpt":{"rendered":"<p>Onze distributeurs ICH B.V. www.pneumatiek.nlBelgi\u00eb, Nederland en Luxemburg OGS S.r.l. www.ogssrl.itItali\u00eb AIR-MATIK Tomasz Hermanowski air-matik.plPolen Binnenkort beschikbaar&#8230; Frankrijk Wilt u \u00e9\u00e9n van onze distributeurs worden? Vul het formulier in op deze pagina.<\/p>\n","protected":false},"author":2,"featured_media":3001,"parent":0,"menu_order":0,"comment_status":"closed","ping_status":"closed","template":"elementor_header_footer","meta":{"footnotes":""},"class_list":["post-3334","page","type-page","status-publish","has-post-thumbnail","hentry"],"yoast_head":"<!-- This site is optimized with the Yoast SEO plugin v27.4 - https:\/\/yoast.com\/product\/yoast-seo-wordpress\/ -->\n<title>Onze distributeurs - SKUPP<\/title>\n<meta name=\"description\" content=\"Ontdek ons netwerk van vertrouwde SKUPP-distributeurs, die wereldwijd hoogwaardige pneumatische producten en betrouwbare oplossingen aanbieden.\" \/>\n<meta name=\"robots\" content=\"index, follow, max-snippet:-1, max-image-preview:large, max-video-preview:-1\" \/>\n<link rel=\"canonical\" href=\"https:\/\/skupp.eu\/nl\/onze-distributeurs\/\" \/>\n<meta property=\"og:locale\" content=\"nl_NL\" \/>\n<meta property=\"og:type\" content=\"article\" \/>\n<meta property=\"og:title\" content=\"Onze distributeurs - SKUPP\" \/>\n<meta property=\"og:description\" content=\"Ontdek ons netwerk van vertrouwde SKUPP-distributeurs, die wereldwijd hoogwaardige pneumatische producten en betrouwbare oplossingen aanbieden.\" \/>\n<meta property=\"og:url\" content=\"https:\/\/skupp.eu\/nl\/onze-distributeurs\/\" \/>\n<meta property=\"og:site_name\" content=\"SKUPP\" \/>\n<meta property=\"article:modified_time\" content=\"2026-02-19T10:41:19+00:00\" \/>\n<meta property=\"og:image\" content=\"https:\/\/skupp.eu\/wp-content\/uploads\/2024\/11\/SKUPP-favicon.png\" \/>\n\t<meta property=\"og:image:width\" content=\"600\" \/>\n\t<meta property=\"og:image:height\" content=\"600\" \/>\n\t<meta property=\"og:image:type\" content=\"image\/png\" \/>\n<meta name=\"twitter:card\" content=\"summary_large_image\" \/>\n<script type=\"application\/ld+json\" class=\"yoast-schema-graph\">{\"@context\":\"https:\\\/\\\/schema.org\",\"@graph\":[{\"@type\":\"WebPage\",\"@id\":\"https:\\\/\\\/skupp.eu\\\/nl\\\/onze-distributeurs\\\/\",\"url\":\"https:\\\/\\\/skupp.eu\\\/nl\\\/onze-distributeurs\\\/\",\"name\":\"Onze distributeurs - SKUPP\",\"isPartOf\":{\"@id\":\"https:\\\/\\\/skupp.eu\\\/nl\\\/#website\"},\"primaryImageOfPage\":{\"@id\":\"https:\\\/\\\/skupp.eu\\\/nl\\\/onze-distributeurs\\\/#primaryimage\"},\"image\":{\"@id\":\"https:\\\/\\\/skupp.eu\\\/nl\\\/onze-distributeurs\\\/#primaryimage\"},\"thumbnailUrl\":\"https:\\\/\\\/skupp.eu\\\/wp-content\\\/uploads\\\/2024\\\/11\\\/SKUPP-favicon.png\",\"datePublished\":\"2024-12-03T12:44:33+00:00\",\"dateModified\":\"2026-02-19T10:41:19+00:00\",\"description\":\"Ontdek ons netwerk van vertrouwde SKUPP-distributeurs, die wereldwijd hoogwaardige pneumatische producten en betrouwbare oplossingen aanbieden.\",\"breadcrumb\":{\"@id\":\"https:\\\/\\\/skupp.eu\\\/nl\\\/onze-distributeurs\\\/#breadcrumb\"},\"inLanguage\":\"nl-NL\",\"potentialAction\":[{\"@type\":\"ReadAction\",\"target\":[\"https:\\\/\\\/skupp.eu\\\/nl\\\/onze-distributeurs\\\/\"]}]},{\"@type\":\"ImageObject\",\"inLanguage\":\"nl-NL\",\"@id\":\"https:\\\/\\\/skupp.eu\\\/nl\\\/onze-distributeurs\\\/#primaryimage\",\"url\":\"https:\\\/\\\/skupp.eu\\\/wp-content\\\/uploads\\\/2024\\\/11\\\/SKUPP-favicon.png\",\"contentUrl\":\"https:\\\/\\\/skupp.eu\\\/wp-content\\\/uploads\\\/2024\\\/11\\\/SKUPP-favicon.png\",\"width\":600,\"height\":600},{\"@type\":\"BreadcrumbList\",\"@id\":\"https:\\\/\\\/skupp.eu\\\/nl\\\/onze-distributeurs\\\/#breadcrumb\",\"itemListElement\":[{\"@type\":\"ListItem\",\"position\":1,\"name\":\"Home\",\"item\":\"https:\\\/\\\/skupp.eu\\\/nl\\\/home\\\/\"},{\"@type\":\"ListItem\",\"position\":2,\"name\":\"Onze distributeurs\"}]},{\"@type\":\"WebSite\",\"@id\":\"https:\\\/\\\/skupp.eu\\\/nl\\\/#website\",\"url\":\"https:\\\/\\\/skupp.eu\\\/nl\\\/\",\"name\":\"SKUPP\",\"description\":\"Stainless Steel Products\",\"publisher\":{\"@id\":\"https:\\\/\\\/skupp.eu\\\/nl\\\/#organization\"},\"potentialAction\":[{\"@type\":\"SearchAction\",\"target\":{\"@type\":\"EntryPoint\",\"urlTemplate\":\"https:\\\/\\\/skupp.eu\\\/nl\\\/?s={search_term_string}\"},\"query-input\":{\"@type\":\"PropertyValueSpecification\",\"valueRequired\":true,\"valueName\":\"search_term_string\"}}],\"inLanguage\":\"nl-NL\"},{\"@type\":\"Organization\",\"@id\":\"https:\\\/\\\/skupp.eu\\\/nl\\\/#organization\",\"name\":\"SKUPP\",\"url\":\"https:\\\/\\\/skupp.eu\\\/nl\\\/\",\"logo\":{\"@type\":\"ImageObject\",\"inLanguage\":\"nl-NL\",\"@id\":\"https:\\\/\\\/skupp.eu\\\/nl\\\/#\\\/schema\\\/logo\\\/image\\\/\",\"url\":\"https:\\\/\\\/skupp.eu\\\/wp-content\\\/uploads\\\/2025\\\/05\\\/SKUPP-Logo-registered-trademark.png\",\"contentUrl\":\"https:\\\/\\\/skupp.eu\\\/wp-content\\\/uploads\\\/2025\\\/05\\\/SKUPP-Logo-registered-trademark.png\",\"width\":1200,\"height\":362,\"caption\":\"SKUPP\"},\"image\":{\"@id\":\"https:\\\/\\\/skupp.eu\\\/nl\\\/#\\\/schema\\\/logo\\\/image\\\/\"}}]}<\/script>\n<!-- \/ Yoast SEO plugin. -->","yoast_head_json":{"title":"Onze distributeurs - SKUPP","description":"Ontdek ons netwerk van vertrouwde SKUPP-distributeurs, die wereldwijd hoogwaardige pneumatische producten en betrouwbare oplossingen aanbieden.","robots":{"index":"index","follow":"follow","max-snippet":"max-snippet:-1","max-image-preview":"max-image-preview:large","max-video-preview":"max-video-preview:-1"},"canonical":"https:\/\/skupp.eu\/nl\/onze-distributeurs\/","og_locale":"nl_NL","og_type":"article","og_title":"Onze distributeurs - SKUPP","og_description":"Ontdek ons netwerk van vertrouwde SKUPP-distributeurs, die wereldwijd hoogwaardige pneumatische producten en betrouwbare oplossingen aanbieden.","og_url":"https:\/\/skupp.eu\/nl\/onze-distributeurs\/","og_site_name":"SKUPP","article_modified_time":"2026-02-19T10:41:19+00:00","og_image":[{"width":600,"height":600,"url":"https:\/\/skupp.eu\/wp-content\/uploads\/2024\/11\/SKUPP-favicon.png","type":"image\/png"}],"twitter_card":"summary_large_image","schema":{"@context":"https:\/\/schema.org","@graph":[{"@type":"WebPage","@id":"https:\/\/skupp.eu\/nl\/onze-distributeurs\/","url":"https:\/\/skupp.eu\/nl\/onze-distributeurs\/","name":"Onze distributeurs - SKUPP","isPartOf":{"@id":"https:\/\/skupp.eu\/nl\/#website"},"primaryImageOfPage":{"@id":"https:\/\/skupp.eu\/nl\/onze-distributeurs\/#primaryimage"},"image":{"@id":"https:\/\/skupp.eu\/nl\/onze-distributeurs\/#primaryimage"},"thumbnailUrl":"https:\/\/skupp.eu\/wp-content\/uploads\/2024\/11\/SKUPP-favicon.png","datePublished":"2024-12-03T12:44:33+00:00","dateModified":"2026-02-19T10:41:19+00:00","description":"Ontdek ons netwerk van vertrouwde SKUPP-distributeurs, die wereldwijd hoogwaardige pneumatische producten en betrouwbare oplossingen aanbieden.","breadcrumb":{"@id":"https:\/\/skupp.eu\/nl\/onze-distributeurs\/#breadcrumb"},"inLanguage":"nl-NL","potentialAction":[{"@type":"ReadAction","target":["https:\/\/skupp.eu\/nl\/onze-distributeurs\/"]}]},{"@type":"ImageObject","inLanguage":"nl-NL","@id":"https:\/\/skupp.eu\/nl\/onze-distributeurs\/#primaryimage","url":"https:\/\/skupp.eu\/wp-content\/uploads\/2024\/11\/SKUPP-favicon.png","contentUrl":"https:\/\/skupp.eu\/wp-content\/uploads\/2024\/11\/SKUPP-favicon.png","width":600,"height":600},{"@type":"BreadcrumbList","@id":"https:\/\/skupp.eu\/nl\/onze-distributeurs\/#breadcrumb","itemListElement":[{"@type":"ListItem","position":1,"name":"Home","item":"https:\/\/skupp.eu\/nl\/home\/"},{"@type":"ListItem","position":2,"name":"Onze distributeurs"}]},{"@type":"WebSite","@id":"https:\/\/skupp.eu\/nl\/#website","url":"https:\/\/skupp.eu\/nl\/","name":"SKUPP","description":"Stainless Steel Products","publisher":{"@id":"https:\/\/skupp.eu\/nl\/#organization"},"potentialAction":[{"@type":"SearchAction","target":{"@type":"EntryPoint","urlTemplate":"https:\/\/skupp.eu\/nl\/?s={search_term_string}"},"query-input":{"@type":"PropertyValueSpecification","valueRequired":true,"valueName":"search_term_string"}}],"inLanguage":"nl-NL"},{"@type":"Organization","@id":"https:\/\/skupp.eu\/nl\/#organization","name":"SKUPP","url":"https:\/\/skupp.eu\/nl\/","logo":{"@type":"ImageObject","inLanguage":"nl-NL","@id":"https:\/\/skupp.eu\/nl\/#\/schema\/logo\/image\/","url":"https:\/\/skupp.eu\/wp-content\/uploads\/2025\/05\/SKUPP-Logo-registered-trademark.png","contentUrl":"https:\/\/skupp.eu\/wp-content\/uploads\/2025\/05\/SKUPP-Logo-registered-trademark.png","width":1200,"height":362,"caption":"SKUPP"},"image":{"@id":"https:\/\/skupp.eu\/nl\/#\/schema\/logo\/image\/"}}]}},"_links":{"self":[{"href":"https:\/\/skupp.eu\/nl\/wp-json\/wp\/v2\/pages\/3334","targetHints":{"allow":["GET"]}}],"collection":[{"href":"https:\/\/skupp.eu\/nl\/wp-json\/wp\/v2\/pages"}],"about":[{"href":"https:\/\/skupp.eu\/nl\/wp-json\/wp\/v2\/types\/page"}],"author":[{"embeddable":true,"href":"https:\/\/skupp.eu\/nl\/wp-json\/wp\/v2\/users\/2"}],"replies":[{"embeddable":true,"href":"https:\/\/skupp.eu\/nl\/wp-json\/wp\/v2\/comments?post=3334"}],"version-history":[{"count":10,"href":"https:\/\/skupp.eu\/nl\/wp-json\/wp\/v2\/pages\/3334\/revisions"}],"predecessor-version":[{"id":3505,"href":"https:\/\/skupp.eu\/nl\/wp-json\/wp\/v2\/pages\/3334\/revisions\/3505"}],"wp:featuredmedia":[{"embeddable":true,"href":"https:\/\/skupp.eu\/nl\/wp-json\/wp\/v2\/media\/3001"}],"wp:attachment":[{"href":"https:\/\/skupp.eu\/nl\/wp-json\/wp\/v2\/media?parent=3334"}],"curies":[{"name":"wp","href":"https:\/\/api.w.org\/{rel}","templated":true}]}}